{"id":22400,"date":"2018-07-04T10:46:05","date_gmt":"2018-07-04T08:46:05","guid":{"rendered":"https:\/\/www2.tornum.com\/tietoja-tornumista\/"},"modified":"2025-05-06T16:31:04","modified_gmt":"2025-05-06T14:31:04","slug":"tietoja-tornumista","status":"publish","type":"page","link":"https:\/\/www2.tornum.com\/fi\/tietoja-tornumista\/","title":{"rendered":"Tietoja Tornumista"},"content":{"rendered":"<p>Tornum on vuosien kokemuksen muodostama vahva br\u00e4ndi, ja se on kasvanut johtavaksi maailmanlaajuiseksi toimijaksi maatalous- ja viljank\u00e4sittelyaloilla. Tornum hy\u00f6dynt\u00e4\u00e4 suunnittelussa ja tuotannossa huippunykyaikaista teknologiaa, ja se kehitt\u00e4\u00e4 huomisp\u00e4iv\u00e4n viljank\u00e4sittelylaitoksia juuri sinun tarpeisiisi.<\/p>\n<p>Tornumin tuotekehitys \u2013 sek\u00e4 suurin osa valmistuksesta \u2013 tapahtuu Kv\u00e4numissa, Ruotsissa, jossa my\u00f6s yrityksen p\u00e4\u00e4konttori sijaitsee. . Kv\u00e4num on maaseutukaupunki, ja monilla ty\u00f6ntekij\u00f6ill\u00e4mme on tausta viljateollisuuden parissa. Itse asiassa osa heist\u00e4 on osa-aikaisia maanviljelij\u00f6it\u00e4, mik\u00e4 t\u00e4ydent\u00e4\u00e4 tuotantoprosessia arvokkaalla henkil\u00f6kohtaisella kokemuksella ja maatalouden olosuhteiden ymm\u00e4rt\u00e4misell\u00e4. T\u00e4m\u00e4 antaa Tornumille etumatkaa kehitt\u00e4\u00e4 varmatoimisia ja tehokkaita tuotteita, jotka t\u00e4ytt\u00e4v\u00e4t tiukimmatkin laatustandardit.<\/p>\n<p>Vuodesta 2004 alkaen Tornum on ollut osa Volati-teollisuuskonsernia, kun taas Lidk\u00f6pings Pl\u00e5tteknik ja Silokonsult on Tornumin kokonaan omistamia tyt\u00e4ryhti\u00f6it\u00e4.<\/p>\n","protected":false},"excerpt":{"rendered":"<p>Tornum on vuosien kokemuksen muodostama vahva br\u00e4ndi, ja se on kasvanut johtavaksi maailmanlaajuiseksi toimijaksi maatalous- ja viljank\u00e4sittelyaloilla. Tornum hy\u00f6dynt\u00e4\u00e4 suunnittelussa ja tuotannossa huippunykyaikaista teknologiaa, ja se kehitt\u00e4\u00e4 huomisp\u00e4iv\u00e4n viljank\u00e4sittelylaitoksia juuri sinun tarpeisiisi. Tornumin tuotekehitys \u2013 sek\u00e4 suurin osa valmistuksesta \u2013 tapahtuu Kv\u00e4numissa, Ruotsissa, jossa my\u00f6s yrityksen p\u00e4\u00e4konttori sijaitsee. . Kv\u00e4num on maaseutukaupunki, ja monilla ty\u00f6ntekij\u00f6ill\u00e4mme on tausta viljateollisuuden parissa. Itse asiassa osa heist\u00e4 on osa-aikaisia maanviljelij\u00f6it\u00e4, mik\u00e4 t\u00e4ydent\u00e4\u00e4 tuotantoprosessia arvokkaalla henkil\u00f6kohtaisella kokemuksella ja maatalouden olosuhteiden ymm\u00e4rt\u00e4misell\u00e4. T\u00e4m\u00e4 antaa Tornumille etumatkaa kehitt\u00e4\u00e4 varmatoimisia ja tehokkaita tuotteita, jotka t\u00e4ytt\u00e4v\u00e4t tiukimmatkin laatustandardit. Vuodesta 2004 alkaen Tornum on ollut osa Volati-teollisuuskonsernia, kun taas Lidk\u00f6pings Pl\u00e5tteknik&#8230;<\/p>\n","protected":false},"author":3,"featured_media":0,"parent":0,"menu_order":0,"comment_status":"closed","ping_status":"closed","template":"templates\/template-about.php","meta":[],"acf":[],"yoast_head":"<!-- This site is optimized with the Yoast SEO plugin v19.10 - https:\/\/yoast.com\/wordpress\/plugins\/seo\/ -->\n<title>Tietoja Tornumista - Tornum<\/title>\n<meta name=\"robots\" content=\"index, follow, max-snippet:-1, max-image-preview:large, max-video-preview:-1\" \/>\n<link rel=\"canonical\" href=\"https:\/\/www2.tornum.com\/fi\/tietoja-tornumista\/\" \/>\n<meta property=\"og:locale\" content=\"fi_FI\" \/>\n<meta property=\"og:type\" content=\"article\" \/>\n<meta property=\"og:title\" content=\"Tietoja Tornumista - Tornum\" \/>\n<meta property=\"og:description\" content=\"Tornum on vuosien kokemuksen muodostama vahva br\u00e4ndi, ja se on kasvanut johtavaksi maailmanlaajuiseksi toimijaksi maatalous- ja viljank\u00e4sittelyaloilla. Tornum hy\u00f6dynt\u00e4\u00e4 suunnittelussa ja tuotannossa huippunykyaikaista teknologiaa, ja se kehitt\u00e4\u00e4 huomisp\u00e4iv\u00e4n viljank\u00e4sittelylaitoksia juuri sinun tarpeisiisi. Tornumin tuotekehitys \u2013 sek\u00e4 suurin osa valmistuksesta \u2013 tapahtuu Kv\u00e4numissa, Ruotsissa, jossa my\u00f6s yrityksen p\u00e4\u00e4konttori sijaitsee. . Kv\u00e4num on maaseutukaupunki, ja monilla ty\u00f6ntekij\u00f6ill\u00e4mme on tausta viljateollisuuden parissa. Itse asiassa osa heist\u00e4 on osa-aikaisia maanviljelij\u00f6it\u00e4, mik\u00e4 t\u00e4ydent\u00e4\u00e4 tuotantoprosessia arvokkaalla henkil\u00f6kohtaisella kokemuksella ja maatalouden olosuhteiden ymm\u00e4rt\u00e4misell\u00e4. T\u00e4m\u00e4 antaa Tornumille etumatkaa kehitt\u00e4\u00e4 varmatoimisia ja tehokkaita tuotteita, jotka t\u00e4ytt\u00e4v\u00e4t tiukimmatkin laatustandardit. Vuodesta 2004 alkaen Tornum on ollut osa Volati-teollisuuskonsernia, kun taas Lidk\u00f6pings Pl\u00e5tteknik...\" \/>\n<meta property=\"og:url\" content=\"https:\/\/www2.tornum.com\/fi\/tietoja-tornumista\/\" \/>\n<meta property=\"og:site_name\" content=\"Tornum\" \/>\n<meta property=\"article:modified_time\" content=\"2025-05-06T14:31:04+00:00\" \/>\n<meta name=\"twitter:card\" content=\"summary_large_image\" \/>\n<meta name=\"twitter:label1\" content=\"Est. reading time\" \/>\n\t<meta name=\"twitter:data1\" content=\"1 minute\" \/>\n<script type=\"application\/ld+json\" class=\"yoast-schema-graph\">{\"@context\":\"https:\/\/schema.org\",\"@graph\":[{\"@type\":\"WebPage\",\"@id\":\"https:\/\/www2.tornum.com\/fi\/tietoja-tornumista\/\",\"url\":\"https:\/\/www2.tornum.com\/fi\/tietoja-tornumista\/\",\"name\":\"Tietoja Tornumista - Tornum\",\"isPartOf\":{\"@id\":\"https:\/\/www2.tornum.com\/hu\/#website\"},\"datePublished\":\"2018-07-04T08:46:05+00:00\",\"dateModified\":\"2025-05-06T14:31:04+00:00\",\"breadcrumb\":{\"@id\":\"https:\/\/www2.tornum.com\/fi\/tietoja-tornumista\/#breadcrumb\"},\"inLanguage\":\"fi\",\"potentialAction\":[{\"@type\":\"ReadAction\",\"target\":[\"https:\/\/www2.tornum.com\/fi\/tietoja-tornumista\/\"]}]},{\"@type\":\"BreadcrumbList\",\"@id\":\"https:\/\/www2.tornum.com\/fi\/tietoja-tornumista\/#breadcrumb\",\"itemListElement\":[{\"@type\":\"ListItem\",\"position\":1,\"name\":\"Home\",\"item\":\"https:\/\/www2.tornum.com\/fi\/\"},{\"@type\":\"ListItem\",\"position\":2,\"name\":\"Tietoja Tornumista\"}]},{\"@type\":\"WebSite\",\"@id\":\"https:\/\/www2.tornum.com\/hu\/#website\",\"url\":\"https:\/\/www2.tornum.com\/hu\/\",\"name\":\"Tornum\",\"description\":\"\",\"potentialAction\":[{\"@type\":\"SearchAction\",\"target\":{\"@type\":\"EntryPoint\",\"urlTemplate\":\"https:\/\/www2.tornum.com\/hu\/?s={search_term_string}\"},\"query-input\":\"required name=search_term_string\"}],\"inLanguage\":\"fi\"}]}<\/script>\n<!-- \/ Yoast SEO plugin. -->","yoast_head_json":{"title":"Tietoja Tornumista - Tornum","robots":{"index":"index","follow":"follow","max-snippet":"max-snippet:-1","max-image-preview":"max-image-preview:large","max-video-preview":"max-video-preview:-1"},"canonical":"https:\/\/www2.tornum.com\/fi\/tietoja-tornumista\/","og_locale":"fi_FI","og_type":"article","og_title":"Tietoja Tornumista - Tornum","og_description":"Tornum on vuosien kokemuksen muodostama vahva br\u00e4ndi, ja se on kasvanut johtavaksi maailmanlaajuiseksi toimijaksi maatalous- ja viljank\u00e4sittelyaloilla. Tornum hy\u00f6dynt\u00e4\u00e4 suunnittelussa ja tuotannossa huippunykyaikaista teknologiaa, ja se kehitt\u00e4\u00e4 huomisp\u00e4iv\u00e4n viljank\u00e4sittelylaitoksia juuri sinun tarpeisiisi. Tornumin tuotekehitys \u2013 sek\u00e4 suurin osa valmistuksesta \u2013 tapahtuu Kv\u00e4numissa, Ruotsissa, jossa my\u00f6s yrityksen p\u00e4\u00e4konttori sijaitsee. . Kv\u00e4num on maaseutukaupunki, ja monilla ty\u00f6ntekij\u00f6ill\u00e4mme on tausta viljateollisuuden parissa. Itse asiassa osa heist\u00e4 on osa-aikaisia maanviljelij\u00f6it\u00e4, mik\u00e4 t\u00e4ydent\u00e4\u00e4 tuotantoprosessia arvokkaalla henkil\u00f6kohtaisella kokemuksella ja maatalouden olosuhteiden ymm\u00e4rt\u00e4misell\u00e4. T\u00e4m\u00e4 antaa Tornumille etumatkaa kehitt\u00e4\u00e4 varmatoimisia ja tehokkaita tuotteita, jotka t\u00e4ytt\u00e4v\u00e4t tiukimmatkin laatustandardit. Vuodesta 2004 alkaen Tornum on ollut osa Volati-teollisuuskonsernia, kun taas Lidk\u00f6pings Pl\u00e5tteknik...","og_url":"https:\/\/www2.tornum.com\/fi\/tietoja-tornumista\/","og_site_name":"Tornum","article_modified_time":"2025-05-06T14:31:04+00:00","twitter_card":"summary_large_image","twitter_misc":{"Est. reading time":"1 minute"},"schema":{"@context":"https:\/\/schema.org","@graph":[{"@type":"WebPage","@id":"https:\/\/www2.tornum.com\/fi\/tietoja-tornumista\/","url":"https:\/\/www2.tornum.com\/fi\/tietoja-tornumista\/","name":"Tietoja Tornumista - Tornum","isPartOf":{"@id":"https:\/\/www2.tornum.com\/hu\/#website"},"datePublished":"2018-07-04T08:46:05+00:00","dateModified":"2025-05-06T14:31:04+00:00","breadcrumb":{"@id":"https:\/\/www2.tornum.com\/fi\/tietoja-tornumista\/#breadcrumb"},"inLanguage":"fi","potentialAction":[{"@type":"ReadAction","target":["https:\/\/www2.tornum.com\/fi\/tietoja-tornumista\/"]}]},{"@type":"BreadcrumbList","@id":"https:\/\/www2.tornum.com\/fi\/tietoja-tornumista\/#breadcrumb","itemListElement":[{"@type":"ListItem","position":1,"name":"Home","item":"https:\/\/www2.tornum.com\/fi\/"},{"@type":"ListItem","position":2,"name":"Tietoja Tornumista"}]},{"@type":"WebSite","@id":"https:\/\/www2.tornum.com\/hu\/#website","url":"https:\/\/www2.tornum.com\/hu\/","name":"Tornum","description":"","potentialAction":[{"@type":"SearchAction","target":{"@type":"EntryPoint","urlTemplate":"https:\/\/www2.tornum.com\/hu\/?s={search_term_string}"},"query-input":"required name=search_term_string"}],"inLanguage":"fi"}]}},"_links":{"self":[{"href":"https:\/\/www2.tornum.com\/fi\/wp-json\/wp\/v2\/pages\/22400"}],"collection":[{"href":"https:\/\/www2.tornum.com\/fi\/wp-json\/wp\/v2\/pages"}],"about":[{"href":"https:\/\/www2.tornum.com\/fi\/wp-json\/wp\/v2\/types\/page"}],"author":[{"embeddable":true,"href":"https:\/\/www2.tornum.com\/fi\/wp-json\/wp\/v2\/users\/3"}],"replies":[{"embeddable":true,"href":"https:\/\/www2.tornum.com\/fi\/wp-json\/wp\/v2\/comments?post=22400"}],"version-history":[{"count":2,"href":"https:\/\/www2.tornum.com\/fi\/wp-json\/wp\/v2\/pages\/22400\/revisions"}],"predecessor-version":[{"id":48064,"href":"https:\/\/www2.tornum.com\/fi\/wp-json\/wp\/v2\/pages\/22400\/revisions\/48064"}],"wp:attachment":[{"href":"https:\/\/www2.tornum.com\/fi\/wp-json\/wp\/v2\/media?parent=22400"}],"curies":[{"name":"wp","href":"https:\/\/api.w.org\/{rel}","templated":true}]}}