{"id":41959,"date":"2019-04-15T07:47:38","date_gmt":"2019-04-15T05:47:38","guid":{"rendered":"https:\/\/www2.tornum.com\/?page_id=41959"},"modified":"2019-09-03T16:13:02","modified_gmt":"2019-09-03T14:13:02","slug":"tietosuojapolitiikka","status":"publish","type":"page","link":"https:\/\/www2.tornum.com\/fi\/tietosuojapolitiikka\/","title":{"rendered":"Tietosuojapolitiikka"},"content":{"rendered":"<p><a href=\"https:\/\/www2.tornum.com\/uploads\/2019\/04\/fin-tornum_dataskyddspolicy-1.pdf\" target=\"_blank\" rel=\"noopener noreferrer\">Klikkaa t\u00e4st\u00e4 lukeaksesi kev\u00e4\u00e4ll\u00e4 Tietosuojapolitiikka<\/a><\/p>\n","protected":false},"excerpt":{"rendered":"<p>Klikkaa t\u00e4st\u00e4 lukeaksesi kev\u00e4\u00e4ll\u00e4 Tietosuojapolitiikka<\/p>\n","protected":false},"author":3,"featured_media":0,"parent":0,"menu_order":0,"comment_status":"closed","ping_status":"closed","template":"","meta":[],"acf":[],"yoast_head":"<!-- This site is optimized with the Yoast SEO plugin v19.10 - https:\/\/yoast.com\/wordpress\/plugins\/seo\/ -->\n<title>Tietosuojapolitiikka - Tornum<\/title>\n<meta name=\"robots\" content=\"index, follow, max-snippet:-1, max-image-preview:large, max-video-preview:-1\" \/>\n<link rel=\"canonical\" href=\"https:\/\/www2.tornum.com\/fi\/tietosuojapolitiikka\/\" \/>\n<meta property=\"og:locale\" content=\"fi_FI\" \/>\n<meta property=\"og:type\" content=\"article\" \/>\n<meta property=\"og:title\" content=\"Tietosuojapolitiikka - Tornum\" \/>\n<meta property=\"og:description\" content=\"Klikkaa t\u00e4st\u00e4 lukeaksesi kev\u00e4\u00e4ll\u00e4 Tietosuojapolitiikka\" \/>\n<meta property=\"og:url\" content=\"https:\/\/www2.tornum.com\/fi\/tietosuojapolitiikka\/\" \/>\n<meta property=\"og:site_name\" content=\"Tornum\" \/>\n<meta property=\"article:modified_time\" content=\"2019-09-03T14:13:02+00:00\" \/>\n<meta name=\"twitter:card\" content=\"summary_large_image\" \/>\n<script type=\"application\/ld+json\" class=\"yoast-schema-graph\">{\"@context\":\"https:\/\/schema.org\",\"@graph\":[{\"@type\":\"WebPage\",\"@id\":\"https:\/\/www2.tornum.com\/fi\/tietosuojapolitiikka\/\",\"url\":\"https:\/\/www2.tornum.com\/fi\/tietosuojapolitiikka\/\",\"name\":\"Tietosuojapolitiikka - Tornum\",\"isPartOf\":{\"@id\":\"https:\/\/www2.tornum.com\/sv\/#website\"},\"datePublished\":\"2019-04-15T05:47:38+00:00\",\"dateModified\":\"2019-09-03T14:13:02+00:00\",\"breadcrumb\":{\"@id\":\"https:\/\/www2.tornum.com\/fi\/tietosuojapolitiikka\/#breadcrumb\"},\"inLanguage\":\"fi\",\"potentialAction\":[{\"@type\":\"ReadAction\",\"target\":[\"https:\/\/www2.tornum.com\/fi\/tietosuojapolitiikka\/\"]}]},{\"@type\":\"BreadcrumbList\",\"@id\":\"https:\/\/www2.tornum.com\/fi\/tietosuojapolitiikka\/#breadcrumb\",\"itemListElement\":[{\"@type\":\"ListItem\",\"position\":1,\"name\":\"Home\",\"item\":\"https:\/\/www2.tornum.com\/fi\/\"},{\"@type\":\"ListItem\",\"position\":2,\"name\":\"Tietosuojapolitiikka\"}]},{\"@type\":\"WebSite\",\"@id\":\"https:\/\/www2.tornum.com\/sv\/#website\",\"url\":\"https:\/\/www2.tornum.com\/sv\/\",\"name\":\"Tornum\",\"description\":\"\",\"potentialAction\":[{\"@type\":\"SearchAction\",\"target\":{\"@type\":\"EntryPoint\",\"urlTemplate\":\"https:\/\/www2.tornum.com\/sv\/?s={search_term_string}\"},\"query-input\":\"required name=search_term_string\"}],\"inLanguage\":\"fi\"}]}<\/script>\n<!-- \/ Yoast SEO plugin. -->","yoast_head_json":{"title":"Tietosuojapolitiikka - Tornum","robots":{"index":"index","follow":"follow","max-snippet":"max-snippet:-1","max-image-preview":"max-image-preview:large","max-video-preview":"max-video-preview:-1"},"canonical":"https:\/\/www2.tornum.com\/fi\/tietosuojapolitiikka\/","og_locale":"fi_FI","og_type":"article","og_title":"Tietosuojapolitiikka - Tornum","og_description":"Klikkaa t\u00e4st\u00e4 lukeaksesi kev\u00e4\u00e4ll\u00e4 Tietosuojapolitiikka","og_url":"https:\/\/www2.tornum.com\/fi\/tietosuojapolitiikka\/","og_site_name":"Tornum","article_modified_time":"2019-09-03T14:13:02+00:00","twitter_card":"summary_large_image","schema":{"@context":"https:\/\/schema.org","@graph":[{"@type":"WebPage","@id":"https:\/\/www2.tornum.com\/fi\/tietosuojapolitiikka\/","url":"https:\/\/www2.tornum.com\/fi\/tietosuojapolitiikka\/","name":"Tietosuojapolitiikka - Tornum","isPartOf":{"@id":"https:\/\/www2.tornum.com\/sv\/#website"},"datePublished":"2019-04-15T05:47:38+00:00","dateModified":"2019-09-03T14:13:02+00:00","breadcrumb":{"@id":"https:\/\/www2.tornum.com\/fi\/tietosuojapolitiikka\/#breadcrumb"},"inLanguage":"fi","potentialAction":[{"@type":"ReadAction","target":["https:\/\/www2.tornum.com\/fi\/tietosuojapolitiikka\/"]}]},{"@type":"BreadcrumbList","@id":"https:\/\/www2.tornum.com\/fi\/tietosuojapolitiikka\/#breadcrumb","itemListElement":[{"@type":"ListItem","position":1,"name":"Home","item":"https:\/\/www2.tornum.com\/fi\/"},{"@type":"ListItem","position":2,"name":"Tietosuojapolitiikka"}]},{"@type":"WebSite","@id":"https:\/\/www2.tornum.com\/sv\/#website","url":"https:\/\/www2.tornum.com\/sv\/","name":"Tornum","description":"","potentialAction":[{"@type":"SearchAction","target":{"@type":"EntryPoint","urlTemplate":"https:\/\/www2.tornum.com\/sv\/?s={search_term_string}"},"query-input":"required name=search_term_string"}],"inLanguage":"fi"}]}},"_links":{"self":[{"href":"https:\/\/www2.tornum.com\/fi\/wp-json\/wp\/v2\/pages\/41959"}],"collection":[{"href":"https:\/\/www2.tornum.com\/fi\/wp-json\/wp\/v2\/pages"}],"about":[{"href":"https:\/\/www2.tornum.com\/fi\/wp-json\/wp\/v2\/types\/page"}],"author":[{"embeddable":true,"href":"https:\/\/www2.tornum.com\/fi\/wp-json\/wp\/v2\/users\/3"}],"replies":[{"embeddable":true,"href":"https:\/\/www2.tornum.com\/fi\/wp-json\/wp\/v2\/comments?post=41959"}],"version-history":[{"count":3,"href":"https:\/\/www2.tornum.com\/fi\/wp-json\/wp\/v2\/pages\/41959\/revisions"}],"predecessor-version":[{"id":45560,"href":"https:\/\/www2.tornum.com\/fi\/wp-json\/wp\/v2\/pages\/41959\/revisions\/45560"}],"wp:attachment":[{"href":"https:\/\/www2.tornum.com\/fi\/wp-json\/wp\/v2\/media?parent=41959"}],"curies":[{"name":"wp","href":"https:\/\/api.w.org\/{rel}","templated":true}]}}