{"id":24568,"date":"2018-09-13T10:28:56","date_gmt":"2018-09-13T08:28:56","guid":{"rendered":"https:\/\/www2.tornum.com\/a-cookie-kra-vonatkozo-szabalyzat\/"},"modified":"2019-09-03T15:58:55","modified_gmt":"2019-09-03T13:58:55","slug":"a-cookie-kra-vonatkozo-szabalyzat","status":"publish","type":"page","link":"https:\/\/www2.tornum.com\/hu\/a-cookie-kra-vonatkozo-szabalyzat\/","title":{"rendered":"Cookies"},"content":{"rendered":"<h3>A cookie-kra vonatkoz\u00f3 szab\u00e1lyzat<\/h3>\n<p>Ez az oldal cookie-kat, azaz a sz\u00e1m\u00edt\u00f3g\u00e9p\u00e9re ker\u00fcl\u0151 kis m\u00e9ret\u0171 sz\u00f6veges f\u00e1jlokat haszn\u00e1l, amelyek seg\u00edtik az oldalt jobb felhaszn\u00e1l\u00f3i \u00e9lm\u00e9ny ny\u00fajt\u00e1s\u00e1ban. \u00c1ltal\u00e1noss\u00e1gban a cookie-k a felhaszn\u00e1l\u00f3i preferenci\u00e1k, boltadatok, p\u00e9ld\u00e1ul bev\u00e1s\u00e1rl\u00f3 kosarak tartalma meg\u0151rz\u00e9s\u00e9re szolg\u00e1lnak, \u00e9s n\u00e9v n\u00e9lk\u00fcli nyomon k\u00f6vet\u00e9si adatokat biztos\u00edtanak olyan k\u00fcls\u0151 alkalmaz\u00e1sok sz\u00e1m\u00e1ra, mint p\u00e9ld\u00e1ul a Google Analytics. A cookie-k \u00e1ltal\u00e1noss\u00e1gban jobb\u00e1 teszik a b\u00f6ng\u00e9sz\u00e9si \u00e9lm\u00e9nyt. D\u00f6nthet azonban a cookie-k letilt\u00e1sa mellett is ezen \u00e9s m\u00e1s oldalakon. Ennek leghat\u00e9konyabb m\u00f3dja a cookie-k letilt\u00e1sa a b\u00f6ng\u00e9sz\u0151j\u00e9ben. Javasoljuk, hogy olvassa el a b\u00f6ng\u00e9sz\u0151je S\u00fag\u00f3 r\u00e9sz\u00e9t vagy n\u00e9zze meg <a href=\"http:\/\/www.aboutcookies.org\" target=\"_blank\" rel=\"noopener noreferrer\">A cookie-kr\u00f3l sz\u00f3l\u00f3 weboldalt<\/a>, amely \u00fatmutat\u00e1st ad minden jelenleg haszn\u00e1latos b\u00f6ng\u00e9sz\u0151re vonatkoz\u00f3an<\/p>\n","protected":false},"excerpt":{"rendered":"<p>A cookie-kra vonatkoz\u00f3 szab\u00e1lyzat Ez az oldal cookie-kat, azaz a sz\u00e1m\u00edt\u00f3g\u00e9p\u00e9re ker\u00fcl\u0151 kis m\u00e9ret\u0171 sz\u00f6veges f\u00e1jlokat haszn\u00e1l, amelyek seg\u00edtik az oldalt jobb felhaszn\u00e1l\u00f3i \u00e9lm\u00e9ny ny\u00fajt\u00e1s\u00e1ban. \u00c1ltal\u00e1noss\u00e1gban a cookie-k a felhaszn\u00e1l\u00f3i preferenci\u00e1k, boltadatok, p\u00e9ld\u00e1ul bev\u00e1s\u00e1rl\u00f3 kosarak tartalma meg\u0151rz\u00e9s\u00e9re szolg\u00e1lnak, \u00e9s n\u00e9v n\u00e9lk\u00fcli nyomon k\u00f6vet\u00e9si adatokat biztos\u00edtanak olyan k\u00fcls\u0151 alkalmaz\u00e1sok sz\u00e1m\u00e1ra, mint p\u00e9ld\u00e1ul a Google Analytics. A cookie-k \u00e1ltal\u00e1noss\u00e1gban jobb\u00e1 teszik a b\u00f6ng\u00e9sz\u00e9si \u00e9lm\u00e9nyt. D\u00f6nthet azonban a cookie-k letilt\u00e1sa mellett is ezen \u00e9s m\u00e1s oldalakon. Ennek leghat\u00e9konyabb m\u00f3dja a cookie-k letilt\u00e1sa a b\u00f6ng\u00e9sz\u0151j\u00e9ben. Javasoljuk, hogy olvassa el a b\u00f6ng\u00e9sz\u0151je S\u00fag\u00f3 r\u00e9sz\u00e9t vagy n\u00e9zze meg A cookie-kr\u00f3l sz\u00f3l\u00f3 weboldalt, amely \u00fatmutat\u00e1st ad minden jelenleg&#8230;<\/p>\n","protected":false},"author":1,"featured_media":0,"parent":0,"menu_order":0,"comment_status":"closed","ping_status":"closed","template":"","meta":[],"acf":[],"yoast_head":"<!-- This site is optimized with the Yoast SEO plugin v19.10 - https:\/\/yoast.com\/wordpress\/plugins\/seo\/ -->\n<title>Cookies - Tornum<\/title>\n<meta name=\"robots\" content=\"index, follow, max-snippet:-1, max-image-preview:large, max-video-preview:-1\" \/>\n<link rel=\"canonical\" href=\"https:\/\/www2.tornum.com\/hu\/a-cookie-kra-vonatkozo-szabalyzat\/\" \/>\n<meta property=\"og:locale\" content=\"hu_HU\" \/>\n<meta property=\"og:type\" content=\"article\" \/>\n<meta property=\"og:title\" content=\"Cookies - Tornum\" \/>\n<meta property=\"og:description\" content=\"A cookie-kra vonatkoz\u00f3 szab\u00e1lyzat Ez az oldal cookie-kat, azaz a sz\u00e1m\u00edt\u00f3g\u00e9p\u00e9re ker\u00fcl\u0151 kis m\u00e9ret\u0171 sz\u00f6veges f\u00e1jlokat haszn\u00e1l, amelyek seg\u00edtik az oldalt jobb felhaszn\u00e1l\u00f3i \u00e9lm\u00e9ny ny\u00fajt\u00e1s\u00e1ban. \u00c1ltal\u00e1noss\u00e1gban a cookie-k a felhaszn\u00e1l\u00f3i preferenci\u00e1k, boltadatok, p\u00e9ld\u00e1ul bev\u00e1s\u00e1rl\u00f3 kosarak tartalma meg\u0151rz\u00e9s\u00e9re szolg\u00e1lnak, \u00e9s n\u00e9v n\u00e9lk\u00fcli nyomon k\u00f6vet\u00e9si adatokat biztos\u00edtanak olyan k\u00fcls\u0151 alkalmaz\u00e1sok sz\u00e1m\u00e1ra, mint p\u00e9ld\u00e1ul a Google Analytics. A cookie-k \u00e1ltal\u00e1noss\u00e1gban jobb\u00e1 teszik a b\u00f6ng\u00e9sz\u00e9si \u00e9lm\u00e9nyt. D\u00f6nthet azonban a cookie-k letilt\u00e1sa mellett is ezen \u00e9s m\u00e1s oldalakon. Ennek leghat\u00e9konyabb m\u00f3dja a cookie-k letilt\u00e1sa a b\u00f6ng\u00e9sz\u0151j\u00e9ben. Javasoljuk, hogy olvassa el a b\u00f6ng\u00e9sz\u0151je S\u00fag\u00f3 r\u00e9sz\u00e9t vagy n\u00e9zze meg A cookie-kr\u00f3l sz\u00f3l\u00f3 weboldalt, amely \u00fatmutat\u00e1st ad minden jelenleg...\" \/>\n<meta property=\"og:url\" content=\"https:\/\/www2.tornum.com\/hu\/a-cookie-kra-vonatkozo-szabalyzat\/\" \/>\n<meta property=\"og:site_name\" content=\"Tornum\" \/>\n<meta property=\"article:modified_time\" content=\"2019-09-03T13:58:55+00:00\" \/>\n<meta name=\"twitter:card\" content=\"summary_large_image\" \/>\n<meta name=\"twitter:label1\" content=\"Est. reading time\" \/>\n\t<meta name=\"twitter:data1\" content=\"1 minute\" \/>\n<script type=\"application\/ld+json\" class=\"yoast-schema-graph\">{\"@context\":\"https:\/\/schema.org\",\"@graph\":[{\"@type\":\"WebPage\",\"@id\":\"https:\/\/www2.tornum.com\/hu\/a-cookie-kra-vonatkozo-szabalyzat\/\",\"url\":\"https:\/\/www2.tornum.com\/hu\/a-cookie-kra-vonatkozo-szabalyzat\/\",\"name\":\"Cookies - Tornum\",\"isPartOf\":{\"@id\":\"https:\/\/www2.tornum.com\/sv\/#website\"},\"datePublished\":\"2018-09-13T08:28:56+00:00\",\"dateModified\":\"2019-09-03T13:58:55+00:00\",\"breadcrumb\":{\"@id\":\"https:\/\/www2.tornum.com\/hu\/a-cookie-kra-vonatkozo-szabalyzat\/#breadcrumb\"},\"inLanguage\":\"hu-HU\",\"potentialAction\":[{\"@type\":\"ReadAction\",\"target\":[\"https:\/\/www2.tornum.com\/hu\/a-cookie-kra-vonatkozo-szabalyzat\/\"]}]},{\"@type\":\"BreadcrumbList\",\"@id\":\"https:\/\/www2.tornum.com\/hu\/a-cookie-kra-vonatkozo-szabalyzat\/#breadcrumb\",\"itemListElement\":[{\"@type\":\"ListItem\",\"position\":1,\"name\":\"Home\",\"item\":\"https:\/\/www2.tornum.com\/hu\/\"},{\"@type\":\"ListItem\",\"position\":2,\"name\":\"Cookies\"}]},{\"@type\":\"WebSite\",\"@id\":\"https:\/\/www2.tornum.com\/sv\/#website\",\"url\":\"https:\/\/www2.tornum.com\/sv\/\",\"name\":\"Tornum\",\"description\":\"\",\"potentialAction\":[{\"@type\":\"SearchAction\",\"target\":{\"@type\":\"EntryPoint\",\"urlTemplate\":\"https:\/\/www2.tornum.com\/sv\/?s={search_term_string}\"},\"query-input\":\"required name=search_term_string\"}],\"inLanguage\":\"hu-HU\"}]}<\/script>\n<!-- \/ Yoast SEO plugin. -->","yoast_head_json":{"title":"Cookies - Tornum","robots":{"index":"index","follow":"follow","max-snippet":"max-snippet:-1","max-image-preview":"max-image-preview:large","max-video-preview":"max-video-preview:-1"},"canonical":"https:\/\/www2.tornum.com\/hu\/a-cookie-kra-vonatkozo-szabalyzat\/","og_locale":"hu_HU","og_type":"article","og_title":"Cookies - Tornum","og_description":"A cookie-kra vonatkoz\u00f3 szab\u00e1lyzat Ez az oldal cookie-kat, azaz a sz\u00e1m\u00edt\u00f3g\u00e9p\u00e9re ker\u00fcl\u0151 kis m\u00e9ret\u0171 sz\u00f6veges f\u00e1jlokat haszn\u00e1l, amelyek seg\u00edtik az oldalt jobb felhaszn\u00e1l\u00f3i \u00e9lm\u00e9ny ny\u00fajt\u00e1s\u00e1ban. \u00c1ltal\u00e1noss\u00e1gban a cookie-k a felhaszn\u00e1l\u00f3i preferenci\u00e1k, boltadatok, p\u00e9ld\u00e1ul bev\u00e1s\u00e1rl\u00f3 kosarak tartalma meg\u0151rz\u00e9s\u00e9re szolg\u00e1lnak, \u00e9s n\u00e9v n\u00e9lk\u00fcli nyomon k\u00f6vet\u00e9si adatokat biztos\u00edtanak olyan k\u00fcls\u0151 alkalmaz\u00e1sok sz\u00e1m\u00e1ra, mint p\u00e9ld\u00e1ul a Google Analytics. A cookie-k \u00e1ltal\u00e1noss\u00e1gban jobb\u00e1 teszik a b\u00f6ng\u00e9sz\u00e9si \u00e9lm\u00e9nyt. D\u00f6nthet azonban a cookie-k letilt\u00e1sa mellett is ezen \u00e9s m\u00e1s oldalakon. Ennek leghat\u00e9konyabb m\u00f3dja a cookie-k letilt\u00e1sa a b\u00f6ng\u00e9sz\u0151j\u00e9ben. Javasoljuk, hogy olvassa el a b\u00f6ng\u00e9sz\u0151je S\u00fag\u00f3 r\u00e9sz\u00e9t vagy n\u00e9zze meg A cookie-kr\u00f3l sz\u00f3l\u00f3 weboldalt, amely \u00fatmutat\u00e1st ad minden jelenleg...","og_url":"https:\/\/www2.tornum.com\/hu\/a-cookie-kra-vonatkozo-szabalyzat\/","og_site_name":"Tornum","article_modified_time":"2019-09-03T13:58:55+00:00","twitter_card":"summary_large_image","twitter_misc":{"Est. reading time":"1 minute"},"schema":{"@context":"https:\/\/schema.org","@graph":[{"@type":"WebPage","@id":"https:\/\/www2.tornum.com\/hu\/a-cookie-kra-vonatkozo-szabalyzat\/","url":"https:\/\/www2.tornum.com\/hu\/a-cookie-kra-vonatkozo-szabalyzat\/","name":"Cookies - Tornum","isPartOf":{"@id":"https:\/\/www2.tornum.com\/sv\/#website"},"datePublished":"2018-09-13T08:28:56+00:00","dateModified":"2019-09-03T13:58:55+00:00","breadcrumb":{"@id":"https:\/\/www2.tornum.com\/hu\/a-cookie-kra-vonatkozo-szabalyzat\/#breadcrumb"},"inLanguage":"hu-HU","potentialAction":[{"@type":"ReadAction","target":["https:\/\/www2.tornum.com\/hu\/a-cookie-kra-vonatkozo-szabalyzat\/"]}]},{"@type":"BreadcrumbList","@id":"https:\/\/www2.tornum.com\/hu\/a-cookie-kra-vonatkozo-szabalyzat\/#breadcrumb","itemListElement":[{"@type":"ListItem","position":1,"name":"Home","item":"https:\/\/www2.tornum.com\/hu\/"},{"@type":"ListItem","position":2,"name":"Cookies"}]},{"@type":"WebSite","@id":"https:\/\/www2.tornum.com\/sv\/#website","url":"https:\/\/www2.tornum.com\/sv\/","name":"Tornum","description":"","potentialAction":[{"@type":"SearchAction","target":{"@type":"EntryPoint","urlTemplate":"https:\/\/www2.tornum.com\/sv\/?s={search_term_string}"},"query-input":"required name=search_term_string"}],"inLanguage":"hu-HU"}]}},"_links":{"self":[{"href":"https:\/\/www2.tornum.com\/hu\/wp-json\/wp\/v2\/pages\/24568"}],"collection":[{"href":"https:\/\/www2.tornum.com\/hu\/wp-json\/wp\/v2\/pages"}],"about":[{"href":"https:\/\/www2.tornum.com\/hu\/wp-json\/wp\/v2\/types\/page"}],"author":[{"embeddable":true,"href":"https:\/\/www2.tornum.com\/hu\/wp-json\/wp\/v2\/users\/1"}],"replies":[{"embeddable":true,"href":"https:\/\/www2.tornum.com\/hu\/wp-json\/wp\/v2\/comments?post=24568"}],"version-history":[{"count":2,"href":"https:\/\/www2.tornum.com\/hu\/wp-json\/wp\/v2\/pages\/24568\/revisions"}],"predecessor-version":[{"id":45554,"href":"https:\/\/www2.tornum.com\/hu\/wp-json\/wp\/v2\/pages\/24568\/revisions\/45554"}],"wp:attachment":[{"href":"https:\/\/www2.tornum.com\/hu\/wp-json\/wp\/v2\/media?parent=24568"}],"curies":[{"name":"wp","href":"https:\/\/api.w.org\/{rel}","templated":true}]}}