{"id":22142,"date":"2018-07-04T10:38:08","date_gmt":"2018-07-04T08:38:08","guid":{"rendered":"https:\/\/www2.tornum.com\/par-tornum\/"},"modified":"2025-05-06T16:32:18","modified_gmt":"2025-05-06T14:32:18","slug":"par-tornum","status":"publish","type":"page","link":"https:\/\/www2.tornum.com\/lv\/par-tornum\/","title":{"rendered":"Par Tornum"},"content":{"rendered":"<p>Tornum gadu gait\u0101 ir izveidojis sp\u0113c\u012bgu z\u012bmolu un k\u013cuvis par vado\u0161u glob\u0101lo pieg\u0101d\u0101t\u0101ju lauksaimniec\u012bbas un graudu apstr\u0101des nozar\u0113s. Izmantojot jaun\u0101k\u0101s tehnolo\u0123ijas projekt\u0113\u0161an\u0101 un ra\u017eo\u0161an\u0101, m\u0113s att\u012bst\u0101m un b\u016bv\u0113jam n\u0101kotnes graudu apstr\u0101des iek\u0101rtas, piel\u0101gojoties j\u016bsu vajadz\u012bb\u0101m.<\/p>\n<p>M\u016bsu darbs un liel\u0101k\u0101 da\u013ca ra\u017eo\u0161anas notiek m\u016bsu galvenaj\u0101 biroj\u0101 pils\u0113t\u0101 Kvanum [<i>Kv\u00e4num<\/i>], Zviedrij\u0101. Kvanum ir neliela pils\u0113ta, un daudziem no m\u016bsu darbiniekiem ir iepriek\u0161\u0113ja darba pieredze graudu nozar\u0113. Da\u017ei no vi\u0146iem pa\u0161i ir lauksaimnieki uz pusslodzi, t\u0101d\u0113j\u0101di darba proces\u0101 sniedzot v\u0113rt\u012bgu person\u012bgo pieredzi un izpratni par lauksaimniec\u012bbu. Tas mums nodro\u0161ina lielisku platformu, lai izstr\u0101d\u0101tu uzticamas un efekt\u012bvas iek\u0101rtas, kas atbilst augst\u0101kajiem kvalit\u0101tes standartiem.<\/p>\n<p>Kop\u0161 2004.\u00a0gada Tornum ir da\u013ca no Volati uz\u0146\u0113mumu grupas, savuk\u0101rt Lidk\u00f6pings Pl\u00e5tteknik un Silokonsult ir Tornum piln\u012bb\u0101 piedero\u0161i meitas uz\u0146\u0113mumi.<\/p>\n","protected":false},"excerpt":{"rendered":"<p>Tornum gadu gait\u0101 ir izveidojis sp\u0113c\u012bgu z\u012bmolu un k\u013cuvis par vado\u0161u glob\u0101lo pieg\u0101d\u0101t\u0101ju lauksaimniec\u012bbas un graudu apstr\u0101des nozar\u0113s. Izmantojot jaun\u0101k\u0101s tehnolo\u0123ijas projekt\u0113\u0161an\u0101 un ra\u017eo\u0161an\u0101, m\u0113s att\u012bst\u0101m un b\u016bv\u0113jam n\u0101kotnes graudu apstr\u0101des iek\u0101rtas, piel\u0101gojoties j\u016bsu vajadz\u012bb\u0101m. M\u016bsu darbs un liel\u0101k\u0101 da\u013ca ra\u017eo\u0161anas notiek m\u016bsu galvenaj\u0101 biroj\u0101 pils\u0113t\u0101 Kvanum [Kv\u00e4num], Zviedrij\u0101. Kvanum ir neliela pils\u0113ta, un daudziem no m\u016bsu darbiniekiem ir iepriek\u0161\u0113ja darba pieredze graudu nozar\u0113. Da\u017ei no vi\u0146iem pa\u0161i ir lauksaimnieki uz pusslodzi, t\u0101d\u0113j\u0101di darba proces\u0101 sniedzot v\u0113rt\u012bgu person\u012bgo pieredzi un izpratni par lauksaimniec\u012bbu. Tas mums nodro\u0161ina lielisku platformu, lai izstr\u0101d\u0101tu uzticamas un efekt\u012bvas iek\u0101rtas, kas atbilst augst\u0101kajiem kvalit\u0101tes standartiem. Kop\u0161 2004.\u00a0gada&#8230;<\/p>\n","protected":false},"author":3,"featured_media":0,"parent":0,"menu_order":0,"comment_status":"closed","ping_status":"closed","template":"templates\/template-about.php","meta":[],"acf":[],"yoast_head":"<!-- This site is optimized with the Yoast SEO plugin v19.10 - https:\/\/yoast.com\/wordpress\/plugins\/seo\/ -->\n<title>Par Tornum - Tornum<\/title>\n<meta name=\"robots\" content=\"index, follow, max-snippet:-1, max-image-preview:large, max-video-preview:-1\" \/>\n<link rel=\"canonical\" href=\"https:\/\/www2.tornum.com\/lv\/par-tornum\/\" \/>\n<meta property=\"og:locale\" content=\"lv_LV\" \/>\n<meta property=\"og:type\" content=\"article\" \/>\n<meta property=\"og:title\" content=\"Par Tornum - Tornum\" \/>\n<meta property=\"og:description\" content=\"Tornum gadu gait\u0101 ir izveidojis sp\u0113c\u012bgu z\u012bmolu un k\u013cuvis par vado\u0161u glob\u0101lo pieg\u0101d\u0101t\u0101ju lauksaimniec\u012bbas un graudu apstr\u0101des nozar\u0113s. Izmantojot jaun\u0101k\u0101s tehnolo\u0123ijas projekt\u0113\u0161an\u0101 un ra\u017eo\u0161an\u0101, m\u0113s att\u012bst\u0101m un b\u016bv\u0113jam n\u0101kotnes graudu apstr\u0101des iek\u0101rtas, piel\u0101gojoties j\u016bsu vajadz\u012bb\u0101m. M\u016bsu darbs un liel\u0101k\u0101 da\u013ca ra\u017eo\u0161anas notiek m\u016bsu galvenaj\u0101 biroj\u0101 pils\u0113t\u0101 Kvanum [Kv\u00e4num], Zviedrij\u0101. Kvanum ir neliela pils\u0113ta, un daudziem no m\u016bsu darbiniekiem ir iepriek\u0161\u0113ja darba pieredze graudu nozar\u0113. Da\u017ei no vi\u0146iem pa\u0161i ir lauksaimnieki uz pusslodzi, t\u0101d\u0113j\u0101di darba proces\u0101 sniedzot v\u0113rt\u012bgu person\u012bgo pieredzi un izpratni par lauksaimniec\u012bbu. Tas mums nodro\u0161ina lielisku platformu, lai izstr\u0101d\u0101tu uzticamas un efekt\u012bvas iek\u0101rtas, kas atbilst augst\u0101kajiem kvalit\u0101tes standartiem. Kop\u0161 2004.\u00a0gada...\" \/>\n<meta property=\"og:url\" content=\"https:\/\/www2.tornum.com\/lv\/par-tornum\/\" \/>\n<meta property=\"og:site_name\" content=\"Tornum\" \/>\n<meta property=\"article:modified_time\" content=\"2025-05-06T14:32:18+00:00\" \/>\n<meta name=\"twitter:card\" content=\"summary_large_image\" \/>\n<meta name=\"twitter:label1\" content=\"Est. reading time\" \/>\n\t<meta name=\"twitter:data1\" content=\"1 minute\" \/>\n<script type=\"application\/ld+json\" class=\"yoast-schema-graph\">{\"@context\":\"https:\/\/schema.org\",\"@graph\":[{\"@type\":\"WebPage\",\"@id\":\"https:\/\/www2.tornum.com\/lv\/par-tornum\/\",\"url\":\"https:\/\/www2.tornum.com\/lv\/par-tornum\/\",\"name\":\"Par Tornum - Tornum\",\"isPartOf\":{\"@id\":\"https:\/\/www2.tornum.com\/pl\/#website\"},\"datePublished\":\"2018-07-04T08:38:08+00:00\",\"dateModified\":\"2025-05-06T14:32:18+00:00\",\"breadcrumb\":{\"@id\":\"https:\/\/www2.tornum.com\/lv\/par-tornum\/#breadcrumb\"},\"inLanguage\":\"lv-LV\",\"potentialAction\":[{\"@type\":\"ReadAction\",\"target\":[\"https:\/\/www2.tornum.com\/lv\/par-tornum\/\"]}]},{\"@type\":\"BreadcrumbList\",\"@id\":\"https:\/\/www2.tornum.com\/lv\/par-tornum\/#breadcrumb\",\"itemListElement\":[{\"@type\":\"ListItem\",\"position\":1,\"name\":\"Home\",\"item\":\"https:\/\/www2.tornum.com\/lv\/\"},{\"@type\":\"ListItem\",\"position\":2,\"name\":\"Par Tornum\"}]},{\"@type\":\"WebSite\",\"@id\":\"https:\/\/www2.tornum.com\/pl\/#website\",\"url\":\"https:\/\/www2.tornum.com\/pl\/\",\"name\":\"Tornum\",\"description\":\"\",\"potentialAction\":[{\"@type\":\"SearchAction\",\"target\":{\"@type\":\"EntryPoint\",\"urlTemplate\":\"https:\/\/www2.tornum.com\/pl\/?s={search_term_string}\"},\"query-input\":\"required name=search_term_string\"}],\"inLanguage\":\"lv-LV\"}]}<\/script>\n<!-- \/ Yoast SEO plugin. -->","yoast_head_json":{"title":"Par Tornum - Tornum","robots":{"index":"index","follow":"follow","max-snippet":"max-snippet:-1","max-image-preview":"max-image-preview:large","max-video-preview":"max-video-preview:-1"},"canonical":"https:\/\/www2.tornum.com\/lv\/par-tornum\/","og_locale":"lv_LV","og_type":"article","og_title":"Par Tornum - Tornum","og_description":"Tornum gadu gait\u0101 ir izveidojis sp\u0113c\u012bgu z\u012bmolu un k\u013cuvis par vado\u0161u glob\u0101lo pieg\u0101d\u0101t\u0101ju lauksaimniec\u012bbas un graudu apstr\u0101des nozar\u0113s. Izmantojot jaun\u0101k\u0101s tehnolo\u0123ijas projekt\u0113\u0161an\u0101 un ra\u017eo\u0161an\u0101, m\u0113s att\u012bst\u0101m un b\u016bv\u0113jam n\u0101kotnes graudu apstr\u0101des iek\u0101rtas, piel\u0101gojoties j\u016bsu vajadz\u012bb\u0101m. M\u016bsu darbs un liel\u0101k\u0101 da\u013ca ra\u017eo\u0161anas notiek m\u016bsu galvenaj\u0101 biroj\u0101 pils\u0113t\u0101 Kvanum [Kv\u00e4num], Zviedrij\u0101. Kvanum ir neliela pils\u0113ta, un daudziem no m\u016bsu darbiniekiem ir iepriek\u0161\u0113ja darba pieredze graudu nozar\u0113. Da\u017ei no vi\u0146iem pa\u0161i ir lauksaimnieki uz pusslodzi, t\u0101d\u0113j\u0101di darba proces\u0101 sniedzot v\u0113rt\u012bgu person\u012bgo pieredzi un izpratni par lauksaimniec\u012bbu. Tas mums nodro\u0161ina lielisku platformu, lai izstr\u0101d\u0101tu uzticamas un efekt\u012bvas iek\u0101rtas, kas atbilst augst\u0101kajiem kvalit\u0101tes standartiem. Kop\u0161 2004.\u00a0gada...","og_url":"https:\/\/www2.tornum.com\/lv\/par-tornum\/","og_site_name":"Tornum","article_modified_time":"2025-05-06T14:32:18+00:00","twitter_card":"summary_large_image","twitter_misc":{"Est. reading time":"1 minute"},"schema":{"@context":"https:\/\/schema.org","@graph":[{"@type":"WebPage","@id":"https:\/\/www2.tornum.com\/lv\/par-tornum\/","url":"https:\/\/www2.tornum.com\/lv\/par-tornum\/","name":"Par Tornum - Tornum","isPartOf":{"@id":"https:\/\/www2.tornum.com\/pl\/#website"},"datePublished":"2018-07-04T08:38:08+00:00","dateModified":"2025-05-06T14:32:18+00:00","breadcrumb":{"@id":"https:\/\/www2.tornum.com\/lv\/par-tornum\/#breadcrumb"},"inLanguage":"lv-LV","potentialAction":[{"@type":"ReadAction","target":["https:\/\/www2.tornum.com\/lv\/par-tornum\/"]}]},{"@type":"BreadcrumbList","@id":"https:\/\/www2.tornum.com\/lv\/par-tornum\/#breadcrumb","itemListElement":[{"@type":"ListItem","position":1,"name":"Home","item":"https:\/\/www2.tornum.com\/lv\/"},{"@type":"ListItem","position":2,"name":"Par Tornum"}]},{"@type":"WebSite","@id":"https:\/\/www2.tornum.com\/pl\/#website","url":"https:\/\/www2.tornum.com\/pl\/","name":"Tornum","description":"","potentialAction":[{"@type":"SearchAction","target":{"@type":"EntryPoint","urlTemplate":"https:\/\/www2.tornum.com\/pl\/?s={search_term_string}"},"query-input":"required name=search_term_string"}],"inLanguage":"lv-LV"}]}},"_links":{"self":[{"href":"https:\/\/www2.tornum.com\/lv\/wp-json\/wp\/v2\/pages\/22142"}],"collection":[{"href":"https:\/\/www2.tornum.com\/lv\/wp-json\/wp\/v2\/pages"}],"about":[{"href":"https:\/\/www2.tornum.com\/lv\/wp-json\/wp\/v2\/types\/page"}],"author":[{"embeddable":true,"href":"https:\/\/www2.tornum.com\/lv\/wp-json\/wp\/v2\/users\/3"}],"replies":[{"embeddable":true,"href":"https:\/\/www2.tornum.com\/lv\/wp-json\/wp\/v2\/comments?post=22142"}],"version-history":[{"count":2,"href":"https:\/\/www2.tornum.com\/lv\/wp-json\/wp\/v2\/pages\/22142\/revisions"}],"predecessor-version":[{"id":48066,"href":"https:\/\/www2.tornum.com\/lv\/wp-json\/wp\/v2\/pages\/22142\/revisions\/48066"}],"wp:attachment":[{"href":"https:\/\/www2.tornum.com\/lv\/wp-json\/wp\/v2\/media?parent=22142"}],"curies":[{"name":"wp","href":"https:\/\/api.w.org\/{rel}","templated":true}]}}