{"id":25735,"date":"2018-05-25T16:08:31","date_gmt":"2018-05-25T14:08:31","guid":{"rendered":"https:\/\/www2.tornum.com\/cookie-policy\/"},"modified":"2019-09-03T14:08:34","modified_gmt":"2019-09-03T12:08:34","slug":"cookie-policy","status":"publish","type":"page","link":"https:\/\/www2.tornum.com\/pl\/cookie-policy\/","title":{"rendered":"Cookies"},"content":{"rendered":"<h3>Polityka cookies<\/h3>\n<p>Ta strona wykorzystuje pliki cookies &#8211; ma\u0142e pliki tekstowe, kt\u00f3re umieszczane s\u0105 na Twoim komputerze, aby pom\u00f3c witrynie poprawi\u0107 komfort u\u017cytkowania. Zasadniczo pliki cookies s\u0105 u\u017cywane w celu zachowania preferencji u\u017cytkownika, przechowywania informacji o takich rzeczach, jak np. koszyki zakupowe oraz dostarczania zanonimizowanych danych \u015bledzenia do aplikacji innych firm, takich jak np. Google Analytics. Ponadto pliki cookies znacznie u\u0142atwiaj\u0105 przegl\u0105danie stron. Niemniej jednak je\u015bli nie wyra\u017casz na to zgody, mo\u017cesz wy\u0142\u0105czy\u0107 pliki cookies na tej oraz na innych stronach. Najprosztym sposobem na to jest wy\u0142\u0105czenie plik\u00f3w cookies w przegl\u0105darce. W celu zapoznania si\u0119 z instrukcj\u0105 wy\u0142\u0105czenia plik\u00f3w cookies przejd\u017a do zak\u0142adki Pomoc w Twojej przegl\u0105darce lub odwied\u017a stron\u0119 <a href=\"http:\/\/www.aboutcookies.org\/\" target=\"_blank\" rel=\"noopener noreferrer\">the About Cookies website<\/a><\/p>\n","protected":false},"excerpt":{"rendered":"<p>Polityka cookies Ta strona wykorzystuje pliki cookies &#8211; ma\u0142e pliki tekstowe, kt\u00f3re umieszczane s\u0105 na Twoim komputerze, aby pom\u00f3c witrynie poprawi\u0107 komfort u\u017cytkowania. Zasadniczo pliki cookies s\u0105 u\u017cywane w celu zachowania preferencji u\u017cytkownika, przechowywania informacji o takich rzeczach, jak np. koszyki zakupowe oraz dostarczania zanonimizowanych danych \u015bledzenia do aplikacji innych firm, takich jak np. Google Analytics. Ponadto pliki cookies znacznie u\u0142atwiaj\u0105 przegl\u0105danie stron. Niemniej jednak je\u015bli nie wyra\u017casz na to zgody, mo\u017cesz wy\u0142\u0105czy\u0107 pliki cookies na tej oraz na innych stronach. Najprosztym sposobem na to jest wy\u0142\u0105czenie plik\u00f3w cookies w przegl\u0105darce. W celu zapoznania si\u0119 z instrukcj\u0105 wy\u0142\u0105czenia plik\u00f3w cookies przejd\u017a&#8230;<\/p>\n","protected":false},"author":1,"featured_media":0,"parent":0,"menu_order":0,"comment_status":"closed","ping_status":"closed","template":"","meta":[],"acf":[],"yoast_head":"<!-- This site is optimized with the Yoast SEO plugin v19.10 - https:\/\/yoast.com\/wordpress\/plugins\/seo\/ -->\n<title>Cookies - Tornum<\/title>\n<meta name=\"robots\" content=\"index, follow, max-snippet:-1, max-image-preview:large, max-video-preview:-1\" \/>\n<link rel=\"canonical\" href=\"https:\/\/www2.tornum.com\/pl\/cookie-policy\/\" \/>\n<meta property=\"og:locale\" content=\"pl_PL\" \/>\n<meta property=\"og:type\" content=\"article\" \/>\n<meta property=\"og:title\" content=\"Cookies - Tornum\" \/>\n<meta property=\"og:description\" content=\"Polityka cookies Ta strona wykorzystuje pliki cookies &#8211; ma\u0142e pliki tekstowe, kt\u00f3re umieszczane s\u0105 na Twoim komputerze, aby pom\u00f3c witrynie poprawi\u0107 komfort u\u017cytkowania. Zasadniczo pliki cookies s\u0105 u\u017cywane w celu zachowania preferencji u\u017cytkownika, przechowywania informacji o takich rzeczach, jak np. koszyki zakupowe oraz dostarczania zanonimizowanych danych \u015bledzenia do aplikacji innych firm, takich jak np. Google Analytics. Ponadto pliki cookies znacznie u\u0142atwiaj\u0105 przegl\u0105danie stron. Niemniej jednak je\u015bli nie wyra\u017casz na to zgody, mo\u017cesz wy\u0142\u0105czy\u0107 pliki cookies na tej oraz na innych stronach. Najprosztym sposobem na to jest wy\u0142\u0105czenie plik\u00f3w cookies w przegl\u0105darce. W celu zapoznania si\u0119 z instrukcj\u0105 wy\u0142\u0105czenia plik\u00f3w cookies przejd\u017a...\" \/>\n<meta property=\"og:url\" content=\"https:\/\/www2.tornum.com\/pl\/cookie-policy\/\" \/>\n<meta property=\"og:site_name\" content=\"Tornum\" \/>\n<meta property=\"article:modified_time\" content=\"2019-09-03T12:08:34+00:00\" \/>\n<meta name=\"twitter:card\" content=\"summary_large_image\" \/>\n<meta name=\"twitter:label1\" content=\"Est. reading time\" \/>\n\t<meta name=\"twitter:data1\" content=\"1 minute\" \/>\n<script type=\"application\/ld+json\" class=\"yoast-schema-graph\">{\"@context\":\"https:\/\/schema.org\",\"@graph\":[{\"@type\":\"WebPage\",\"@id\":\"https:\/\/www2.tornum.com\/pl\/cookie-policy\/\",\"url\":\"https:\/\/www2.tornum.com\/pl\/cookie-policy\/\",\"name\":\"Cookies - Tornum\",\"isPartOf\":{\"@id\":\"https:\/\/www2.tornum.com\/#website\"},\"datePublished\":\"2018-05-25T14:08:31+00:00\",\"dateModified\":\"2019-09-03T12:08:34+00:00\",\"breadcrumb\":{\"@id\":\"https:\/\/www2.tornum.com\/pl\/cookie-policy\/#breadcrumb\"},\"inLanguage\":\"pl-PL\",\"potentialAction\":[{\"@type\":\"ReadAction\",\"target\":[\"https:\/\/www2.tornum.com\/pl\/cookie-policy\/\"]}]},{\"@type\":\"BreadcrumbList\",\"@id\":\"https:\/\/www2.tornum.com\/pl\/cookie-policy\/#breadcrumb\",\"itemListElement\":[{\"@type\":\"ListItem\",\"position\":1,\"name\":\"Home\",\"item\":\"https:\/\/www2.tornum.com\/pl\/\"},{\"@type\":\"ListItem\",\"position\":2,\"name\":\"Cookies\"}]},{\"@type\":\"WebSite\",\"@id\":\"https:\/\/www2.tornum.com\/#website\",\"url\":\"https:\/\/www2.tornum.com\/\",\"name\":\"Tornum\",\"description\":\"\",\"potentialAction\":[{\"@type\":\"SearchAction\",\"target\":{\"@type\":\"EntryPoint\",\"urlTemplate\":\"https:\/\/www2.tornum.com\/?s={search_term_string}\"},\"query-input\":\"required name=search_term_string\"}],\"inLanguage\":\"pl-PL\"}]}<\/script>\n<!-- \/ Yoast SEO plugin. -->","yoast_head_json":{"title":"Cookies - Tornum","robots":{"index":"index","follow":"follow","max-snippet":"max-snippet:-1","max-image-preview":"max-image-preview:large","max-video-preview":"max-video-preview:-1"},"canonical":"https:\/\/www2.tornum.com\/pl\/cookie-policy\/","og_locale":"pl_PL","og_type":"article","og_title":"Cookies - Tornum","og_description":"Polityka cookies Ta strona wykorzystuje pliki cookies &#8211; ma\u0142e pliki tekstowe, kt\u00f3re umieszczane s\u0105 na Twoim komputerze, aby pom\u00f3c witrynie poprawi\u0107 komfort u\u017cytkowania. Zasadniczo pliki cookies s\u0105 u\u017cywane w celu zachowania preferencji u\u017cytkownika, przechowywania informacji o takich rzeczach, jak np. koszyki zakupowe oraz dostarczania zanonimizowanych danych \u015bledzenia do aplikacji innych firm, takich jak np. Google Analytics. Ponadto pliki cookies znacznie u\u0142atwiaj\u0105 przegl\u0105danie stron. Niemniej jednak je\u015bli nie wyra\u017casz na to zgody, mo\u017cesz wy\u0142\u0105czy\u0107 pliki cookies na tej oraz na innych stronach. Najprosztym sposobem na to jest wy\u0142\u0105czenie plik\u00f3w cookies w przegl\u0105darce. W celu zapoznania si\u0119 z instrukcj\u0105 wy\u0142\u0105czenia plik\u00f3w cookies przejd\u017a...","og_url":"https:\/\/www2.tornum.com\/pl\/cookie-policy\/","og_site_name":"Tornum","article_modified_time":"2019-09-03T12:08:34+00:00","twitter_card":"summary_large_image","twitter_misc":{"Est. reading time":"1 minute"},"schema":{"@context":"https:\/\/schema.org","@graph":[{"@type":"WebPage","@id":"https:\/\/www2.tornum.com\/pl\/cookie-policy\/","url":"https:\/\/www2.tornum.com\/pl\/cookie-policy\/","name":"Cookies - Tornum","isPartOf":{"@id":"https:\/\/www2.tornum.com\/#website"},"datePublished":"2018-05-25T14:08:31+00:00","dateModified":"2019-09-03T12:08:34+00:00","breadcrumb":{"@id":"https:\/\/www2.tornum.com\/pl\/cookie-policy\/#breadcrumb"},"inLanguage":"pl-PL","potentialAction":[{"@type":"ReadAction","target":["https:\/\/www2.tornum.com\/pl\/cookie-policy\/"]}]},{"@type":"BreadcrumbList","@id":"https:\/\/www2.tornum.com\/pl\/cookie-policy\/#breadcrumb","itemListElement":[{"@type":"ListItem","position":1,"name":"Home","item":"https:\/\/www2.tornum.com\/pl\/"},{"@type":"ListItem","position":2,"name":"Cookies"}]},{"@type":"WebSite","@id":"https:\/\/www2.tornum.com\/#website","url":"https:\/\/www2.tornum.com\/","name":"Tornum","description":"","potentialAction":[{"@type":"SearchAction","target":{"@type":"EntryPoint","urlTemplate":"https:\/\/www2.tornum.com\/?s={search_term_string}"},"query-input":"required name=search_term_string"}],"inLanguage":"pl-PL"}]}},"_links":{"self":[{"href":"https:\/\/www2.tornum.com\/pl\/wp-json\/wp\/v2\/pages\/25735"}],"collection":[{"href":"https:\/\/www2.tornum.com\/pl\/wp-json\/wp\/v2\/pages"}],"about":[{"href":"https:\/\/www2.tornum.com\/pl\/wp-json\/wp\/v2\/types\/page"}],"author":[{"embeddable":true,"href":"https:\/\/www2.tornum.com\/pl\/wp-json\/wp\/v2\/users\/1"}],"replies":[{"embeddable":true,"href":"https:\/\/www2.tornum.com\/pl\/wp-json\/wp\/v2\/comments?post=25735"}],"version-history":[{"count":2,"href":"https:\/\/www2.tornum.com\/pl\/wp-json\/wp\/v2\/pages\/25735\/revisions"}],"predecessor-version":[{"id":45533,"href":"https:\/\/www2.tornum.com\/pl\/wp-json\/wp\/v2\/pages\/25735\/revisions\/45533"}],"wp:attachment":[{"href":"https:\/\/www2.tornum.com\/pl\/wp-json\/wp\/v2\/media?parent=25735"}],"curies":[{"name":"wp","href":"https:\/\/api.w.org\/{rel}","templated":true}]}}