{"id":25745,"date":"2017-12-04T14:06:59","date_gmt":"2017-12-04T13:06:59","guid":{"rendered":"https:\/\/www2.tornum.com\/references\/"},"modified":"2019-03-01T15:35:26","modified_gmt":"2019-03-01T14:35:26","slug":"references","status":"publish","type":"page","link":"https:\/\/www2.tornum.com\/pl\/references\/","title":{"rendered":"Przyk\u0142adowe realizacje"},"content":{"rendered":"<p><em>Zapoznaj si\u0119 z naszymi referencjami. <\/em><\/p>\n<p><em>Wybierz projekt z bran\u017cy rolniczej lub przemys\u0142owej.<\/em><\/p>\n<p><em>Sprawd\u017a &#8220;Obserwuj projekt&#8221;, gdzie znajdziesz zdj\u0119cia od momentu projektowania a\u017c do uruchomienia obiektu.<\/em><\/p>\n","protected":false},"excerpt":{"rendered":"<p>Zapoznaj si\u0119 z naszymi referencjami. Wybierz projekt z bran\u017cy rolniczej lub przemys\u0142owej. Sprawd\u017a &#8220;Obserwuj projekt&#8221;, gdzie znajdziesz zdj\u0119cia od momentu projektowania a\u017c do uruchomienia obiektu.<\/p>\n","protected":false},"author":3,"featured_media":0,"parent":0,"menu_order":0,"comment_status":"closed","ping_status":"closed","template":"templates\/template-references.php","meta":[],"acf":[],"yoast_head":"<!-- This site is optimized with the Yoast SEO plugin v19.10 - https:\/\/yoast.com\/wordpress\/plugins\/seo\/ -->\n<title>Przyk\u0142adowe realizacje - Tornum<\/title>\n<meta name=\"robots\" content=\"index, follow, max-snippet:-1, max-image-preview:large, max-video-preview:-1\" \/>\n<link rel=\"canonical\" href=\"https:\/\/www2.tornum.com\/pl\/references\/\" \/>\n<meta property=\"og:locale\" content=\"pl_PL\" \/>\n<meta property=\"og:type\" content=\"article\" \/>\n<meta property=\"og:title\" content=\"Przyk\u0142adowe realizacje - Tornum\" \/>\n<meta property=\"og:description\" content=\"Zapoznaj si\u0119 z naszymi referencjami. Wybierz projekt z bran\u017cy rolniczej lub przemys\u0142owej. Sprawd\u017a &#8220;Obserwuj projekt&#8221;, gdzie znajdziesz zdj\u0119cia od momentu projektowania a\u017c do uruchomienia obiektu.\" \/>\n<meta property=\"og:url\" content=\"https:\/\/www2.tornum.com\/pl\/references\/\" \/>\n<meta property=\"og:site_name\" content=\"Tornum\" \/>\n<meta property=\"article:modified_time\" content=\"2019-03-01T14:35:26+00:00\" \/>\n<meta name=\"twitter:card\" content=\"summary_large_image\" \/>\n<script type=\"application\/ld+json\" class=\"yoast-schema-graph\">{\"@context\":\"https:\/\/schema.org\",\"@graph\":[{\"@type\":\"WebPage\",\"@id\":\"https:\/\/www2.tornum.com\/pl\/references\/\",\"url\":\"https:\/\/www2.tornum.com\/pl\/references\/\",\"name\":\"Przyk\u0142adowe realizacje - Tornum\",\"isPartOf\":{\"@id\":\"https:\/\/www2.tornum.com\/sv\/#website\"},\"datePublished\":\"2017-12-04T13:06:59+00:00\",\"dateModified\":\"2019-03-01T14:35:26+00:00\",\"breadcrumb\":{\"@id\":\"https:\/\/www2.tornum.com\/pl\/references\/#breadcrumb\"},\"inLanguage\":\"pl-PL\",\"potentialAction\":[{\"@type\":\"ReadAction\",\"target\":[\"https:\/\/www2.tornum.com\/pl\/references\/\"]}]},{\"@type\":\"BreadcrumbList\",\"@id\":\"https:\/\/www2.tornum.com\/pl\/references\/#breadcrumb\",\"itemListElement\":[{\"@type\":\"ListItem\",\"position\":1,\"name\":\"Home\",\"item\":\"https:\/\/www2.tornum.com\/pl\/\"},{\"@type\":\"ListItem\",\"position\":2,\"name\":\"Przyk\u0142adowe realizacje\"}]},{\"@type\":\"WebSite\",\"@id\":\"https:\/\/www2.tornum.com\/sv\/#website\",\"url\":\"https:\/\/www2.tornum.com\/sv\/\",\"name\":\"Tornum\",\"description\":\"\",\"potentialAction\":[{\"@type\":\"SearchAction\",\"target\":{\"@type\":\"EntryPoint\",\"urlTemplate\":\"https:\/\/www2.tornum.com\/sv\/?s={search_term_string}\"},\"query-input\":\"required name=search_term_string\"}],\"inLanguage\":\"pl-PL\"}]}<\/script>\n<!-- \/ Yoast SEO plugin. -->","yoast_head_json":{"title":"Przyk\u0142adowe realizacje - Tornum","robots":{"index":"index","follow":"follow","max-snippet":"max-snippet:-1","max-image-preview":"max-image-preview:large","max-video-preview":"max-video-preview:-1"},"canonical":"https:\/\/www2.tornum.com\/pl\/references\/","og_locale":"pl_PL","og_type":"article","og_title":"Przyk\u0142adowe realizacje - Tornum","og_description":"Zapoznaj si\u0119 z naszymi referencjami. Wybierz projekt z bran\u017cy rolniczej lub przemys\u0142owej. Sprawd\u017a &#8220;Obserwuj projekt&#8221;, gdzie znajdziesz zdj\u0119cia od momentu projektowania a\u017c do uruchomienia obiektu.","og_url":"https:\/\/www2.tornum.com\/pl\/references\/","og_site_name":"Tornum","article_modified_time":"2019-03-01T14:35:26+00:00","twitter_card":"summary_large_image","schema":{"@context":"https:\/\/schema.org","@graph":[{"@type":"WebPage","@id":"https:\/\/www2.tornum.com\/pl\/references\/","url":"https:\/\/www2.tornum.com\/pl\/references\/","name":"Przyk\u0142adowe realizacje - Tornum","isPartOf":{"@id":"https:\/\/www2.tornum.com\/sv\/#website"},"datePublished":"2017-12-04T13:06:59+00:00","dateModified":"2019-03-01T14:35:26+00:00","breadcrumb":{"@id":"https:\/\/www2.tornum.com\/pl\/references\/#breadcrumb"},"inLanguage":"pl-PL","potentialAction":[{"@type":"ReadAction","target":["https:\/\/www2.tornum.com\/pl\/references\/"]}]},{"@type":"BreadcrumbList","@id":"https:\/\/www2.tornum.com\/pl\/references\/#breadcrumb","itemListElement":[{"@type":"ListItem","position":1,"name":"Home","item":"https:\/\/www2.tornum.com\/pl\/"},{"@type":"ListItem","position":2,"name":"Przyk\u0142adowe realizacje"}]},{"@type":"WebSite","@id":"https:\/\/www2.tornum.com\/sv\/#website","url":"https:\/\/www2.tornum.com\/sv\/","name":"Tornum","description":"","potentialAction":[{"@type":"SearchAction","target":{"@type":"EntryPoint","urlTemplate":"https:\/\/www2.tornum.com\/sv\/?s={search_term_string}"},"query-input":"required name=search_term_string"}],"inLanguage":"pl-PL"}]}},"_links":{"self":[{"href":"https:\/\/www2.tornum.com\/pl\/wp-json\/wp\/v2\/pages\/25745"}],"collection":[{"href":"https:\/\/www2.tornum.com\/pl\/wp-json\/wp\/v2\/pages"}],"about":[{"href":"https:\/\/www2.tornum.com\/pl\/wp-json\/wp\/v2\/types\/page"}],"author":[{"embeddable":true,"href":"https:\/\/www2.tornum.com\/pl\/wp-json\/wp\/v2\/users\/3"}],"replies":[{"embeddable":true,"href":"https:\/\/www2.tornum.com\/pl\/wp-json\/wp\/v2\/comments?post=25745"}],"version-history":[{"count":2,"href":"https:\/\/www2.tornum.com\/pl\/wp-json\/wp\/v2\/pages\/25745\/revisions"}],"predecessor-version":[{"id":41492,"href":"https:\/\/www2.tornum.com\/pl\/wp-json\/wp\/v2\/pages\/25745\/revisions\/41492"}],"wp:attachment":[{"href":"https:\/\/www2.tornum.com\/pl\/wp-json\/wp\/v2\/media?parent=25745"}],"curies":[{"name":"wp","href":"https:\/\/api.w.org\/{rel}","templated":true}]}}