{"id":22644,"date":"2018-07-04T10:48:01","date_gmt":"2018-07-04T08:48:01","guid":{"rendered":"https:\/\/www2.tornum.com\/despre-tornum\/"},"modified":"2025-05-06T16:33:02","modified_gmt":"2025-05-06T14:33:02","slug":"despre-tornum","status":"publish","type":"page","link":"https:\/\/www2.tornum.com\/ro\/despre-tornum\/","title":{"rendered":"Despre Tornum"},"content":{"rendered":"<p>Datorit\u0103 anilor de experien\u021b\u0103 \u0219i faptului c\u0103 a construit o marc\u0103 puternic\u0103, Tornum a devenit un furnizor global \u0219i lider de pia\u021b\u0103 pentru domeniul agricol \u0219i domeniul de gestionare a cerealelor. Utiliz\u00e2nd cele mai recente tehnologii de proiectare \u0219i produc\u021bie, dezvolt\u0103m \u0219i construim sistemele de m\u00e2ine pentru gestionarea cerealelor \u2013 doar pentru dvs.<\/p>\n<p>Dezvoltarea \u2013 precum \u0219i majoritatea produc\u021biei noastre \u2013 are loc la sediul nostru central din Kv\u00e4num, Suedia. Kv\u00e4num este un ora\u0219 dintr-o zon\u0103 rural\u0103 \u0219i mul\u021bi dintre angaja\u021bii no\u0219tri au lucrat \u00een industria cerealier\u0103. Unii dintre ei chiar sunt agricultori cu jum\u0103tate de norm\u0103, ad\u0103ug\u00e2nd la acest proces o experien\u021b\u0103 personal\u0103 \u0219i o \u00een\u021belegere valoroas\u0103 a condi\u021biilor agricole. Aceasta ne ofer\u0103 un avantaj atunci c\u00e2nd dezvolt\u0103m instala\u021bii fiabile \u0219i eficiente care \u00eendeplinesc cele mai \u00eenalte standarde de calitate.<\/p>\n<p>Din 2004, Tornum face parte din grupul de industrii Volati, \u00een timp ce Lidk\u00f6pings Pl\u00e5tteknik \u0219i Silokonsult sunt filiale de\u021binute \u00een \u00eentregime de Tornum.<\/p>\n","protected":false},"excerpt":{"rendered":"<p>Datorit\u0103 anilor de experien\u021b\u0103 \u0219i faptului c\u0103 a construit o marc\u0103 puternic\u0103, Tornum a devenit un furnizor global \u0219i lider de pia\u021b\u0103 pentru domeniul agricol \u0219i domeniul de gestionare a cerealelor. Utiliz\u00e2nd cele mai recente tehnologii de proiectare \u0219i produc\u021bie, dezvolt\u0103m \u0219i construim sistemele de m\u00e2ine pentru gestionarea cerealelor \u2013 doar pentru dvs. Dezvoltarea \u2013 precum \u0219i majoritatea produc\u021biei noastre \u2013 are loc la sediul nostru central din Kv\u00e4num, Suedia. Kv\u00e4num este un ora\u0219 dintr-o zon\u0103 rural\u0103 \u0219i mul\u021bi dintre angaja\u021bii no\u0219tri au lucrat \u00een industria cerealier\u0103. Unii dintre ei chiar sunt agricultori cu jum\u0103tate de norm\u0103, ad\u0103ug\u00e2nd la acest proces&#8230;<\/p>\n","protected":false},"author":3,"featured_media":0,"parent":0,"menu_order":0,"comment_status":"closed","ping_status":"closed","template":"templates\/template-about.php","meta":[],"acf":[],"yoast_head":"<!-- This site is optimized with the Yoast SEO plugin v19.10 - https:\/\/yoast.com\/wordpress\/plugins\/seo\/ -->\n<title>Despre Tornum - Tornum<\/title>\n<meta name=\"robots\" content=\"index, follow, max-snippet:-1, max-image-preview:large, max-video-preview:-1\" \/>\n<link rel=\"canonical\" href=\"https:\/\/www2.tornum.com\/ro\/despre-tornum\/\" \/>\n<meta property=\"og:locale\" content=\"ro_RO\" \/>\n<meta property=\"og:type\" content=\"article\" \/>\n<meta property=\"og:title\" content=\"Despre Tornum - Tornum\" \/>\n<meta property=\"og:description\" content=\"Datorit\u0103 anilor de experien\u021b\u0103 \u0219i faptului c\u0103 a construit o marc\u0103 puternic\u0103, Tornum a devenit un furnizor global \u0219i lider de pia\u021b\u0103 pentru domeniul agricol \u0219i domeniul de gestionare a cerealelor. Utiliz\u00e2nd cele mai recente tehnologii de proiectare \u0219i produc\u021bie, dezvolt\u0103m \u0219i construim sistemele de m\u00e2ine pentru gestionarea cerealelor \u2013 doar pentru dvs. Dezvoltarea \u2013 precum \u0219i majoritatea produc\u021biei noastre \u2013 are loc la sediul nostru central din Kv\u00e4num, Suedia. Kv\u00e4num este un ora\u0219 dintr-o zon\u0103 rural\u0103 \u0219i mul\u021bi dintre angaja\u021bii no\u0219tri au lucrat \u00een industria cerealier\u0103. Unii dintre ei chiar sunt agricultori cu jum\u0103tate de norm\u0103, ad\u0103ug\u00e2nd la acest proces...\" \/>\n<meta property=\"og:url\" content=\"https:\/\/www2.tornum.com\/ro\/despre-tornum\/\" \/>\n<meta property=\"og:site_name\" content=\"Tornum\" \/>\n<meta property=\"article:modified_time\" content=\"2025-05-06T14:33:02+00:00\" \/>\n<meta name=\"twitter:card\" content=\"summary_large_image\" \/>\n<meta name=\"twitter:label1\" content=\"Est. reading time\" \/>\n\t<meta name=\"twitter:data1\" content=\"1 minute\" \/>\n<script type=\"application\/ld+json\" class=\"yoast-schema-graph\">{\"@context\":\"https:\/\/schema.org\",\"@graph\":[{\"@type\":\"WebPage\",\"@id\":\"https:\/\/www2.tornum.com\/ro\/despre-tornum\/\",\"url\":\"https:\/\/www2.tornum.com\/ro\/despre-tornum\/\",\"name\":\"Despre Tornum - Tornum\",\"isPartOf\":{\"@id\":\"https:\/\/www2.tornum.com\/hu\/#website\"},\"datePublished\":\"2018-07-04T08:48:01+00:00\",\"dateModified\":\"2025-05-06T14:33:02+00:00\",\"breadcrumb\":{\"@id\":\"https:\/\/www2.tornum.com\/ro\/despre-tornum\/#breadcrumb\"},\"inLanguage\":\"ro-RO\",\"potentialAction\":[{\"@type\":\"ReadAction\",\"target\":[\"https:\/\/www2.tornum.com\/ro\/despre-tornum\/\"]}]},{\"@type\":\"BreadcrumbList\",\"@id\":\"https:\/\/www2.tornum.com\/ro\/despre-tornum\/#breadcrumb\",\"itemListElement\":[{\"@type\":\"ListItem\",\"position\":1,\"name\":\"Home\",\"item\":\"https:\/\/www2.tornum.com\/ro\/\"},{\"@type\":\"ListItem\",\"position\":2,\"name\":\"Despre Tornum\"}]},{\"@type\":\"WebSite\",\"@id\":\"https:\/\/www2.tornum.com\/hu\/#website\",\"url\":\"https:\/\/www2.tornum.com\/hu\/\",\"name\":\"Tornum\",\"description\":\"\",\"potentialAction\":[{\"@type\":\"SearchAction\",\"target\":{\"@type\":\"EntryPoint\",\"urlTemplate\":\"https:\/\/www2.tornum.com\/hu\/?s={search_term_string}\"},\"query-input\":\"required name=search_term_string\"}],\"inLanguage\":\"ro-RO\"}]}<\/script>\n<!-- \/ Yoast SEO plugin. -->","yoast_head_json":{"title":"Despre Tornum - Tornum","robots":{"index":"index","follow":"follow","max-snippet":"max-snippet:-1","max-image-preview":"max-image-preview:large","max-video-preview":"max-video-preview:-1"},"canonical":"https:\/\/www2.tornum.com\/ro\/despre-tornum\/","og_locale":"ro_RO","og_type":"article","og_title":"Despre Tornum - Tornum","og_description":"Datorit\u0103 anilor de experien\u021b\u0103 \u0219i faptului c\u0103 a construit o marc\u0103 puternic\u0103, Tornum a devenit un furnizor global \u0219i lider de pia\u021b\u0103 pentru domeniul agricol \u0219i domeniul de gestionare a cerealelor. Utiliz\u00e2nd cele mai recente tehnologii de proiectare \u0219i produc\u021bie, dezvolt\u0103m \u0219i construim sistemele de m\u00e2ine pentru gestionarea cerealelor \u2013 doar pentru dvs. Dezvoltarea \u2013 precum \u0219i majoritatea produc\u021biei noastre \u2013 are loc la sediul nostru central din Kv\u00e4num, Suedia. Kv\u00e4num este un ora\u0219 dintr-o zon\u0103 rural\u0103 \u0219i mul\u021bi dintre angaja\u021bii no\u0219tri au lucrat \u00een industria cerealier\u0103. Unii dintre ei chiar sunt agricultori cu jum\u0103tate de norm\u0103, ad\u0103ug\u00e2nd la acest proces...","og_url":"https:\/\/www2.tornum.com\/ro\/despre-tornum\/","og_site_name":"Tornum","article_modified_time":"2025-05-06T14:33:02+00:00","twitter_card":"summary_large_image","twitter_misc":{"Est. reading time":"1 minute"},"schema":{"@context":"https:\/\/schema.org","@graph":[{"@type":"WebPage","@id":"https:\/\/www2.tornum.com\/ro\/despre-tornum\/","url":"https:\/\/www2.tornum.com\/ro\/despre-tornum\/","name":"Despre Tornum - Tornum","isPartOf":{"@id":"https:\/\/www2.tornum.com\/hu\/#website"},"datePublished":"2018-07-04T08:48:01+00:00","dateModified":"2025-05-06T14:33:02+00:00","breadcrumb":{"@id":"https:\/\/www2.tornum.com\/ro\/despre-tornum\/#breadcrumb"},"inLanguage":"ro-RO","potentialAction":[{"@type":"ReadAction","target":["https:\/\/www2.tornum.com\/ro\/despre-tornum\/"]}]},{"@type":"BreadcrumbList","@id":"https:\/\/www2.tornum.com\/ro\/despre-tornum\/#breadcrumb","itemListElement":[{"@type":"ListItem","position":1,"name":"Home","item":"https:\/\/www2.tornum.com\/ro\/"},{"@type":"ListItem","position":2,"name":"Despre Tornum"}]},{"@type":"WebSite","@id":"https:\/\/www2.tornum.com\/hu\/#website","url":"https:\/\/www2.tornum.com\/hu\/","name":"Tornum","description":"","potentialAction":[{"@type":"SearchAction","target":{"@type":"EntryPoint","urlTemplate":"https:\/\/www2.tornum.com\/hu\/?s={search_term_string}"},"query-input":"required name=search_term_string"}],"inLanguage":"ro-RO"}]}},"_links":{"self":[{"href":"https:\/\/www2.tornum.com\/ro\/wp-json\/wp\/v2\/pages\/22644"}],"collection":[{"href":"https:\/\/www2.tornum.com\/ro\/wp-json\/wp\/v2\/pages"}],"about":[{"href":"https:\/\/www2.tornum.com\/ro\/wp-json\/wp\/v2\/types\/page"}],"author":[{"embeddable":true,"href":"https:\/\/www2.tornum.com\/ro\/wp-json\/wp\/v2\/users\/3"}],"replies":[{"embeddable":true,"href":"https:\/\/www2.tornum.com\/ro\/wp-json\/wp\/v2\/comments?post=22644"}],"version-history":[{"count":2,"href":"https:\/\/www2.tornum.com\/ro\/wp-json\/wp\/v2\/pages\/22644\/revisions"}],"predecessor-version":[{"id":48068,"href":"https:\/\/www2.tornum.com\/ro\/wp-json\/wp\/v2\/pages\/22644\/revisions\/48068"}],"wp:attachment":[{"href":"https:\/\/www2.tornum.com\/ro\/wp-json\/wp\/v2\/media?parent=22644"}],"curies":[{"name":"wp","href":"https:\/\/api.w.org\/{rel}","templated":true}]}}