{"id":36951,"date":"2018-11-12T13:12:22","date_gmt":"2018-11-12T12:12:22","guid":{"rendered":"https:\/\/www2.tornum.com\/?page_id=36951"},"modified":"2018-11-12T15:35:58","modified_gmt":"2018-11-12T14:35:58","slug":"lpts-tjanster-projektinstallation","status":"publish","type":"page","link":"https:\/\/www2.tornum.com\/sv\/lpts-tjanster-projektinstallation\/","title":{"rendered":"LPTs Tj\u00e4nster"},"content":{"rendered":"<h3>Projektinstallation<\/h3>\n<p>Nybyggnation kr\u00e4ver en noggran planering och en p\u00e5litlig partner som kan hj\u00e4lpa en genom hela processen. LPT har sedan starten utf\u00f6rt nybyggnation av s\u00e5 v\u00e4l st\u00e5lkonstruktioner som installation av ny maksinutrustning \u00e5t spannm\u00e5lsindustrier runt om i Sverige.<\/p>\n<p><a href=\"https:\/\/www2.tornum.com\/uploads\/2018\/11\/tornum-lpt-tjanster-nybyggnation.jpg\"><img loading=\"lazy\" class=\"alignnone size-large wp-image-36952\" src=\"https:\/\/www2.tornum.com\/uploads\/2018\/11\/tornum-lpt-tjanster-nybyggnation-1024x768.jpg\" alt=\"\" width=\"1024\" height=\"768\" srcset=\"https:\/\/www2.tornum.com\/uploads\/2018\/11\/tornum-lpt-tjanster-nybyggnation-1024x768.jpg 1024w, https:\/\/www2.tornum.com\/uploads\/2018\/11\/tornum-lpt-tjanster-nybyggnation-300x225.jpg 300w, https:\/\/www2.tornum.com\/uploads\/2018\/11\/tornum-lpt-tjanster-nybyggnation-768x576.jpg 768w\" sizes=\"(max-width: 1024px) 100vw, 1024px\" \/><\/a><\/p>\n<p>Genom att sammarbeta med r\u00e4tt underentrepren\u00f6rer och kunna prefabricera delar i v\u00e5r egen verkstad kan LPT erbjuda v\u00e5ra kunder inom spannm\u00e5lsindustrin ett helhetskoncept vid nybyggnation.<\/p>\n<p><a href=\"https:\/\/www2.tornum.com\/uploads\/2018\/11\/tornum-lpt-referenser-lantmannen-lidkoping.jpg\"><img loading=\"lazy\" class=\"alignnone size-large wp-image-36780\" src=\"https:\/\/www2.tornum.com\/uploads\/2018\/11\/tornum-lpt-referenser-lantmannen-lidkoping-1024x768.jpg\" alt=\"\" width=\"1024\" height=\"768\" srcset=\"https:\/\/www2.tornum.com\/uploads\/2018\/11\/tornum-lpt-referenser-lantmannen-lidkoping-1024x768.jpg 1024w, https:\/\/www2.tornum.com\/uploads\/2018\/11\/tornum-lpt-referenser-lantmannen-lidkoping-300x225.jpg 300w, https:\/\/www2.tornum.com\/uploads\/2018\/11\/tornum-lpt-referenser-lantmannen-lidkoping-768x576.jpg 768w\" sizes=\"(max-width: 1024px) 100vw, 1024px\" \/><\/a><\/p>\n<p>&nbsp;<\/p>\n<p><strong><a href=\"https:\/\/www2.tornum.com\/sv\/lpt\/\">LPT<\/a>s \u00f6vriga tj\u00e4nster<\/strong><\/p>\n<ul>\n<li><a href=\"https:\/\/www2.tornum.com\/sv\/lpts-tjanster-underhall\/\"><strong>Underh\u00e5ll<\/strong><\/a><\/li>\n<li><a href=\"https:\/\/www2.tornum.com\/sv\/lpts-tjanster-ombyggnation\/\"><strong>Ombyggnation<\/strong><\/a><\/li>\n<li><a href=\"https:\/\/www2.tornum.com\/sv\/lpts-tjanster-silorengoring\/\"><strong>Siloreng\u00f6ring<\/strong><\/a><\/li>\n<\/ul>\n","protected":false},"excerpt":{"rendered":"<p>Projektinstallation Nybyggnation kr\u00e4ver en noggran planering och en p\u00e5litlig partner som kan hj\u00e4lpa en genom hela processen. LPT har sedan starten utf\u00f6rt nybyggnation av s\u00e5 v\u00e4l st\u00e5lkonstruktioner som installation av ny maksinutrustning \u00e5t spannm\u00e5lsindustrier runt om i Sverige. Genom att sammarbeta med r\u00e4tt underentrepren\u00f6rer och kunna prefabricera delar i v\u00e5r egen verkstad kan LPT erbjuda v\u00e5ra kunder inom spannm\u00e5lsindustrin ett helhetskoncept vid nybyggnation. &nbsp; LPTs \u00f6vriga tj\u00e4nster Underh\u00e5ll Ombyggnation Siloreng\u00f6ring<\/p>\n","protected":false},"author":3,"featured_media":0,"parent":0,"menu_order":0,"comment_status":"closed","ping_status":"closed","template":"","meta":[],"acf":[],"yoast_head":"<!-- This site is optimized with the Yoast SEO plugin v19.10 - https:\/\/yoast.com\/wordpress\/plugins\/seo\/ -->\n<title>LPTs Tj\u00e4nster - Tornum<\/title>\n<meta name=\"robots\" content=\"index, follow, max-snippet:-1, max-image-preview:large, max-video-preview:-1\" \/>\n<link rel=\"canonical\" href=\"https:\/\/www2.tornum.com\/sv\/lpts-tjanster-projektinstallation\/\" \/>\n<meta property=\"og:locale\" content=\"sv_SE\" \/>\n<meta property=\"og:type\" content=\"article\" \/>\n<meta property=\"og:title\" content=\"LPTs Tj\u00e4nster - Tornum\" \/>\n<meta property=\"og:description\" content=\"Projektinstallation Nybyggnation kr\u00e4ver en noggran planering och en p\u00e5litlig partner som kan hj\u00e4lpa en genom hela processen. LPT har sedan starten utf\u00f6rt nybyggnation av s\u00e5 v\u00e4l st\u00e5lkonstruktioner som installation av ny maksinutrustning \u00e5t spannm\u00e5lsindustrier runt om i Sverige. Genom att sammarbeta med r\u00e4tt underentrepren\u00f6rer och kunna prefabricera delar i v\u00e5r egen verkstad kan LPT erbjuda v\u00e5ra kunder inom spannm\u00e5lsindustrin ett helhetskoncept vid nybyggnation. &nbsp; LPTs \u00f6vriga tj\u00e4nster Underh\u00e5ll Ombyggnation Siloreng\u00f6ring\" \/>\n<meta property=\"og:url\" content=\"https:\/\/www2.tornum.com\/sv\/lpts-tjanster-projektinstallation\/\" \/>\n<meta property=\"og:site_name\" content=\"Tornum\" \/>\n<meta property=\"article:modified_time\" content=\"2018-11-12T14:35:58+00:00\" \/>\n<meta property=\"og:image\" content=\"https:\/\/www2.tornum.com\/uploads\/2018\/11\/tornum-lpt-tjanster-nybyggnation-1024x768.jpg\" \/>\n<meta name=\"twitter:card\" content=\"summary_large_image\" \/>\n<script type=\"application\/ld+json\" class=\"yoast-schema-graph\">{\"@context\":\"https:\/\/schema.org\",\"@graph\":[{\"@type\":\"WebPage\",\"@id\":\"https:\/\/www2.tornum.com\/sv\/lpts-tjanster-projektinstallation\/\",\"url\":\"https:\/\/www2.tornum.com\/sv\/lpts-tjanster-projektinstallation\/\",\"name\":\"LPTs Tj\u00e4nster - Tornum\",\"isPartOf\":{\"@id\":\"https:\/\/www2.tornum.com\/hu\/#website\"},\"datePublished\":\"2018-11-12T12:12:22+00:00\",\"dateModified\":\"2018-11-12T14:35:58+00:00\",\"breadcrumb\":{\"@id\":\"https:\/\/www2.tornum.com\/sv\/lpts-tjanster-projektinstallation\/#breadcrumb\"},\"inLanguage\":\"sv-SE\",\"potentialAction\":[{\"@type\":\"ReadAction\",\"target\":[\"https:\/\/www2.tornum.com\/sv\/lpts-tjanster-projektinstallation\/\"]}]},{\"@type\":\"BreadcrumbList\",\"@id\":\"https:\/\/www2.tornum.com\/sv\/lpts-tjanster-projektinstallation\/#breadcrumb\",\"itemListElement\":[{\"@type\":\"ListItem\",\"position\":1,\"name\":\"Home\",\"item\":\"https:\/\/www2.tornum.com\/sv\/\"},{\"@type\":\"ListItem\",\"position\":2,\"name\":\"LPTs Tj\u00e4nster\"}]},{\"@type\":\"WebSite\",\"@id\":\"https:\/\/www2.tornum.com\/hu\/#website\",\"url\":\"https:\/\/www2.tornum.com\/hu\/\",\"name\":\"Tornum\",\"description\":\"\",\"potentialAction\":[{\"@type\":\"SearchAction\",\"target\":{\"@type\":\"EntryPoint\",\"urlTemplate\":\"https:\/\/www2.tornum.com\/hu\/?s={search_term_string}\"},\"query-input\":\"required name=search_term_string\"}],\"inLanguage\":\"sv-SE\"}]}<\/script>\n<!-- \/ Yoast SEO plugin. -->","yoast_head_json":{"title":"LPTs Tj\u00e4nster - Tornum","robots":{"index":"index","follow":"follow","max-snippet":"max-snippet:-1","max-image-preview":"max-image-preview:large","max-video-preview":"max-video-preview:-1"},"canonical":"https:\/\/www2.tornum.com\/sv\/lpts-tjanster-projektinstallation\/","og_locale":"sv_SE","og_type":"article","og_title":"LPTs Tj\u00e4nster - Tornum","og_description":"Projektinstallation Nybyggnation kr\u00e4ver en noggran planering och en p\u00e5litlig partner som kan hj\u00e4lpa en genom hela processen. LPT har sedan starten utf\u00f6rt nybyggnation av s\u00e5 v\u00e4l st\u00e5lkonstruktioner som installation av ny maksinutrustning \u00e5t spannm\u00e5lsindustrier runt om i Sverige. Genom att sammarbeta med r\u00e4tt underentrepren\u00f6rer och kunna prefabricera delar i v\u00e5r egen verkstad kan LPT erbjuda v\u00e5ra kunder inom spannm\u00e5lsindustrin ett helhetskoncept vid nybyggnation. &nbsp; LPTs \u00f6vriga tj\u00e4nster Underh\u00e5ll Ombyggnation Siloreng\u00f6ring","og_url":"https:\/\/www2.tornum.com\/sv\/lpts-tjanster-projektinstallation\/","og_site_name":"Tornum","article_modified_time":"2018-11-12T14:35:58+00:00","og_image":[{"url":"https:\/\/www2.tornum.com\/uploads\/2018\/11\/tornum-lpt-tjanster-nybyggnation-1024x768.jpg"}],"twitter_card":"summary_large_image","schema":{"@context":"https:\/\/schema.org","@graph":[{"@type":"WebPage","@id":"https:\/\/www2.tornum.com\/sv\/lpts-tjanster-projektinstallation\/","url":"https:\/\/www2.tornum.com\/sv\/lpts-tjanster-projektinstallation\/","name":"LPTs Tj\u00e4nster - Tornum","isPartOf":{"@id":"https:\/\/www2.tornum.com\/hu\/#website"},"datePublished":"2018-11-12T12:12:22+00:00","dateModified":"2018-11-12T14:35:58+00:00","breadcrumb":{"@id":"https:\/\/www2.tornum.com\/sv\/lpts-tjanster-projektinstallation\/#breadcrumb"},"inLanguage":"sv-SE","potentialAction":[{"@type":"ReadAction","target":["https:\/\/www2.tornum.com\/sv\/lpts-tjanster-projektinstallation\/"]}]},{"@type":"BreadcrumbList","@id":"https:\/\/www2.tornum.com\/sv\/lpts-tjanster-projektinstallation\/#breadcrumb","itemListElement":[{"@type":"ListItem","position":1,"name":"Home","item":"https:\/\/www2.tornum.com\/sv\/"},{"@type":"ListItem","position":2,"name":"LPTs Tj\u00e4nster"}]},{"@type":"WebSite","@id":"https:\/\/www2.tornum.com\/hu\/#website","url":"https:\/\/www2.tornum.com\/hu\/","name":"Tornum","description":"","potentialAction":[{"@type":"SearchAction","target":{"@type":"EntryPoint","urlTemplate":"https:\/\/www2.tornum.com\/hu\/?s={search_term_string}"},"query-input":"required name=search_term_string"}],"inLanguage":"sv-SE"}]}},"_links":{"self":[{"href":"https:\/\/www2.tornum.com\/sv\/wp-json\/wp\/v2\/pages\/36951"}],"collection":[{"href":"https:\/\/www2.tornum.com\/sv\/wp-json\/wp\/v2\/pages"}],"about":[{"href":"https:\/\/www2.tornum.com\/sv\/wp-json\/wp\/v2\/types\/page"}],"author":[{"embeddable":true,"href":"https:\/\/www2.tornum.com\/sv\/wp-json\/wp\/v2\/users\/3"}],"replies":[{"embeddable":true,"href":"https:\/\/www2.tornum.com\/sv\/wp-json\/wp\/v2\/comments?post=36951"}],"version-history":[{"count":2,"href":"https:\/\/www2.tornum.com\/sv\/wp-json\/wp\/v2\/pages\/36951\/revisions"}],"predecessor-version":[{"id":37080,"href":"https:\/\/www2.tornum.com\/sv\/wp-json\/wp\/v2\/pages\/36951\/revisions\/37080"}],"wp:attachment":[{"href":"https:\/\/www2.tornum.com\/sv\/wp-json\/wp\/v2\/media?parent=36951"}],"curies":[{"name":"wp","href":"https:\/\/api.w.org\/{rel}","templated":true}]}}