{"id":36978,"date":"2018-11-12T13:15:36","date_gmt":"2018-11-12T12:15:36","guid":{"rendered":"https:\/\/www2.tornum.com\/?page_id=36978"},"modified":"2018-11-12T15:36:05","modified_gmt":"2018-11-12T14:36:05","slug":"lpts-tjanster-ombyggnation","status":"publish","type":"page","link":"https:\/\/www2.tornum.com\/sv\/lpts-tjanster-ombyggnation\/","title":{"rendered":"LPTs Tj\u00e4nster"},"content":{"rendered":"<h3>Ombyggnation<\/h3>\n<p>Ombyggnationer av spannm\u00e5lsanl\u00e4ggningar kr\u00e4ver kunnskap och erfarenhet vilket LPT besitter efter att ha varit verksamma i barnschen i \u00f6ver 25 \u00e5r. LPT erbjuder alla typer av ombyggnationer av silos, transport\u00f6rer, elevatorer, aspirationsfiler, etc. f\u00f6r att energieffektivisera och \u00f6ka verkningsgraden p\u00e5 anl\u00e4ggninge.<\/p>\n<p><a href=\"https:\/\/www2.tornum.com\/uploads\/2018\/11\/tornum-lpt-tjanster-ombyggnation.jpg\"><img loading=\"lazy\" class=\"alignnone size-large wp-image-36979\" src=\"https:\/\/www2.tornum.com\/uploads\/2018\/11\/tornum-lpt-tjanster-ombyggnation-1024x575.jpg\" alt=\"\" width=\"1024\" height=\"575\" srcset=\"https:\/\/www2.tornum.com\/uploads\/2018\/11\/tornum-lpt-tjanster-ombyggnation-1024x575.jpg 1024w, https:\/\/www2.tornum.com\/uploads\/2018\/11\/tornum-lpt-tjanster-ombyggnation-300x169.jpg 300w, https:\/\/www2.tornum.com\/uploads\/2018\/11\/tornum-lpt-tjanster-ombyggnation-768x432.jpg 768w\" sizes=\"(max-width: 1024px) 100vw, 1024px\" \/><\/a><\/p>\n<p>Projekten planeras av v\u00e5ra tekniker tillsammans med kunden och utf\u00f6rs av erfarna mont\u00f6rer b\u00e5de p\u00e5 plats men \u00e4ven genom prefabrisering av detaljer i egen verkstad.<\/p>\n<p>&nbsp;<\/p>\n<p><strong><a href=\"https:\/\/www2.tornum.com\/sv\/lpt\/\">LPT<\/a>s \u00f6vriga tj\u00e4nster<\/strong><\/p>\n<ul>\n<li><a href=\"https:\/\/www2.tornum.com\/sv\/lpts-tjanster-projektinstallation\/\"><strong>Projektinstallation<\/strong><\/a><\/li>\n<li><a href=\"https:\/\/www2.tornum.com\/sv\/lpts-tjanster-underhall\/\"><strong>Underh\u00e5ll<\/strong><\/a><\/li>\n<li><a href=\"https:\/\/www2.tornum.com\/sv\/lpts-tjanster-silorengoring\/\"><strong>Siloreng\u00f6ring<\/strong><\/a><\/li>\n<\/ul>\n","protected":false},"excerpt":{"rendered":"<p>Ombyggnation Ombyggnationer av spannm\u00e5lsanl\u00e4ggningar kr\u00e4ver kunnskap och erfarenhet vilket LPT besitter efter att ha varit verksamma i barnschen i \u00f6ver 25 \u00e5r. LPT erbjuder alla typer av ombyggnationer av silos, transport\u00f6rer, elevatorer, aspirationsfiler, etc. f\u00f6r att energieffektivisera och \u00f6ka verkningsgraden p\u00e5 anl\u00e4ggninge. Projekten planeras av v\u00e5ra tekniker tillsammans med kunden och utf\u00f6rs av erfarna mont\u00f6rer b\u00e5de p\u00e5 plats men \u00e4ven genom prefabrisering av detaljer i egen verkstad. &nbsp; LPTs \u00f6vriga tj\u00e4nster Projektinstallation Underh\u00e5ll Siloreng\u00f6ring<\/p>\n","protected":false},"author":3,"featured_media":0,"parent":0,"menu_order":0,"comment_status":"closed","ping_status":"closed","template":"","meta":[],"acf":[],"yoast_head":"<!-- This site is optimized with the Yoast SEO plugin v19.10 - https:\/\/yoast.com\/wordpress\/plugins\/seo\/ -->\n<title>LPTs Tj\u00e4nster - Tornum<\/title>\n<meta name=\"robots\" content=\"index, follow, max-snippet:-1, max-image-preview:large, max-video-preview:-1\" \/>\n<link rel=\"canonical\" href=\"https:\/\/www2.tornum.com\/sv\/lpts-tjanster-ombyggnation\/\" \/>\n<meta property=\"og:locale\" content=\"sv_SE\" \/>\n<meta property=\"og:type\" content=\"article\" \/>\n<meta property=\"og:title\" content=\"LPTs Tj\u00e4nster - Tornum\" \/>\n<meta property=\"og:description\" content=\"Ombyggnation Ombyggnationer av spannm\u00e5lsanl\u00e4ggningar kr\u00e4ver kunnskap och erfarenhet vilket LPT besitter efter att ha varit verksamma i barnschen i \u00f6ver 25 \u00e5r. LPT erbjuder alla typer av ombyggnationer av silos, transport\u00f6rer, elevatorer, aspirationsfiler, etc. f\u00f6r att energieffektivisera och \u00f6ka verkningsgraden p\u00e5 anl\u00e4ggninge. Projekten planeras av v\u00e5ra tekniker tillsammans med kunden och utf\u00f6rs av erfarna mont\u00f6rer b\u00e5de p\u00e5 plats men \u00e4ven genom prefabrisering av detaljer i egen verkstad. &nbsp; LPTs \u00f6vriga tj\u00e4nster Projektinstallation Underh\u00e5ll Siloreng\u00f6ring\" \/>\n<meta property=\"og:url\" content=\"https:\/\/www2.tornum.com\/sv\/lpts-tjanster-ombyggnation\/\" \/>\n<meta property=\"og:site_name\" content=\"Tornum\" \/>\n<meta property=\"article:modified_time\" content=\"2018-11-12T14:36:05+00:00\" \/>\n<meta property=\"og:image\" content=\"https:\/\/www2.tornum.com\/uploads\/2018\/11\/tornum-lpt-tjanster-ombyggnation-1024x575.jpg\" \/>\n<meta name=\"twitter:card\" content=\"summary_large_image\" \/>\n<script type=\"application\/ld+json\" class=\"yoast-schema-graph\">{\"@context\":\"https:\/\/schema.org\",\"@graph\":[{\"@type\":\"WebPage\",\"@id\":\"https:\/\/www2.tornum.com\/sv\/lpts-tjanster-ombyggnation\/\",\"url\":\"https:\/\/www2.tornum.com\/sv\/lpts-tjanster-ombyggnation\/\",\"name\":\"LPTs Tj\u00e4nster - Tornum\",\"isPartOf\":{\"@id\":\"https:\/\/www2.tornum.com\/hu\/#website\"},\"datePublished\":\"2018-11-12T12:15:36+00:00\",\"dateModified\":\"2018-11-12T14:36:05+00:00\",\"breadcrumb\":{\"@id\":\"https:\/\/www2.tornum.com\/sv\/lpts-tjanster-ombyggnation\/#breadcrumb\"},\"inLanguage\":\"sv-SE\",\"potentialAction\":[{\"@type\":\"ReadAction\",\"target\":[\"https:\/\/www2.tornum.com\/sv\/lpts-tjanster-ombyggnation\/\"]}]},{\"@type\":\"BreadcrumbList\",\"@id\":\"https:\/\/www2.tornum.com\/sv\/lpts-tjanster-ombyggnation\/#breadcrumb\",\"itemListElement\":[{\"@type\":\"ListItem\",\"position\":1,\"name\":\"Home\",\"item\":\"https:\/\/www2.tornum.com\/sv\/\"},{\"@type\":\"ListItem\",\"position\":2,\"name\":\"LPTs Tj\u00e4nster\"}]},{\"@type\":\"WebSite\",\"@id\":\"https:\/\/www2.tornum.com\/hu\/#website\",\"url\":\"https:\/\/www2.tornum.com\/hu\/\",\"name\":\"Tornum\",\"description\":\"\",\"potentialAction\":[{\"@type\":\"SearchAction\",\"target\":{\"@type\":\"EntryPoint\",\"urlTemplate\":\"https:\/\/www2.tornum.com\/hu\/?s={search_term_string}\"},\"query-input\":\"required name=search_term_string\"}],\"inLanguage\":\"sv-SE\"}]}<\/script>\n<!-- \/ Yoast SEO plugin. -->","yoast_head_json":{"title":"LPTs Tj\u00e4nster - Tornum","robots":{"index":"index","follow":"follow","max-snippet":"max-snippet:-1","max-image-preview":"max-image-preview:large","max-video-preview":"max-video-preview:-1"},"canonical":"https:\/\/www2.tornum.com\/sv\/lpts-tjanster-ombyggnation\/","og_locale":"sv_SE","og_type":"article","og_title":"LPTs Tj\u00e4nster - Tornum","og_description":"Ombyggnation Ombyggnationer av spannm\u00e5lsanl\u00e4ggningar kr\u00e4ver kunnskap och erfarenhet vilket LPT besitter efter att ha varit verksamma i barnschen i \u00f6ver 25 \u00e5r. LPT erbjuder alla typer av ombyggnationer av silos, transport\u00f6rer, elevatorer, aspirationsfiler, etc. f\u00f6r att energieffektivisera och \u00f6ka verkningsgraden p\u00e5 anl\u00e4ggninge. Projekten planeras av v\u00e5ra tekniker tillsammans med kunden och utf\u00f6rs av erfarna mont\u00f6rer b\u00e5de p\u00e5 plats men \u00e4ven genom prefabrisering av detaljer i egen verkstad. &nbsp; LPTs \u00f6vriga tj\u00e4nster Projektinstallation Underh\u00e5ll Siloreng\u00f6ring","og_url":"https:\/\/www2.tornum.com\/sv\/lpts-tjanster-ombyggnation\/","og_site_name":"Tornum","article_modified_time":"2018-11-12T14:36:05+00:00","og_image":[{"url":"https:\/\/www2.tornum.com\/uploads\/2018\/11\/tornum-lpt-tjanster-ombyggnation-1024x575.jpg"}],"twitter_card":"summary_large_image","schema":{"@context":"https:\/\/schema.org","@graph":[{"@type":"WebPage","@id":"https:\/\/www2.tornum.com\/sv\/lpts-tjanster-ombyggnation\/","url":"https:\/\/www2.tornum.com\/sv\/lpts-tjanster-ombyggnation\/","name":"LPTs Tj\u00e4nster - Tornum","isPartOf":{"@id":"https:\/\/www2.tornum.com\/hu\/#website"},"datePublished":"2018-11-12T12:15:36+00:00","dateModified":"2018-11-12T14:36:05+00:00","breadcrumb":{"@id":"https:\/\/www2.tornum.com\/sv\/lpts-tjanster-ombyggnation\/#breadcrumb"},"inLanguage":"sv-SE","potentialAction":[{"@type":"ReadAction","target":["https:\/\/www2.tornum.com\/sv\/lpts-tjanster-ombyggnation\/"]}]},{"@type":"BreadcrumbList","@id":"https:\/\/www2.tornum.com\/sv\/lpts-tjanster-ombyggnation\/#breadcrumb","itemListElement":[{"@type":"ListItem","position":1,"name":"Home","item":"https:\/\/www2.tornum.com\/sv\/"},{"@type":"ListItem","position":2,"name":"LPTs Tj\u00e4nster"}]},{"@type":"WebSite","@id":"https:\/\/www2.tornum.com\/hu\/#website","url":"https:\/\/www2.tornum.com\/hu\/","name":"Tornum","description":"","potentialAction":[{"@type":"SearchAction","target":{"@type":"EntryPoint","urlTemplate":"https:\/\/www2.tornum.com\/hu\/?s={search_term_string}"},"query-input":"required name=search_term_string"}],"inLanguage":"sv-SE"}]}},"_links":{"self":[{"href":"https:\/\/www2.tornum.com\/sv\/wp-json\/wp\/v2\/pages\/36978"}],"collection":[{"href":"https:\/\/www2.tornum.com\/sv\/wp-json\/wp\/v2\/pages"}],"about":[{"href":"https:\/\/www2.tornum.com\/sv\/wp-json\/wp\/v2\/types\/page"}],"author":[{"embeddable":true,"href":"https:\/\/www2.tornum.com\/sv\/wp-json\/wp\/v2\/users\/3"}],"replies":[{"embeddable":true,"href":"https:\/\/www2.tornum.com\/sv\/wp-json\/wp\/v2\/comments?post=36978"}],"version-history":[{"count":2,"href":"https:\/\/www2.tornum.com\/sv\/wp-json\/wp\/v2\/pages\/36978\/revisions"}],"predecessor-version":[{"id":37082,"href":"https:\/\/www2.tornum.com\/sv\/wp-json\/wp\/v2\/pages\/36978\/revisions\/37082"}],"wp:attachment":[{"href":"https:\/\/www2.tornum.com\/sv\/wp-json\/wp\/v2\/media?parent=36978"}],"curies":[{"name":"wp","href":"https:\/\/api.w.org\/{rel}","templated":true}]}}