{"id":36992,"date":"2018-11-12T13:23:26","date_gmt":"2018-11-12T12:23:26","guid":{"rendered":"https:\/\/www2.tornum.com\/?page_id=36992"},"modified":"2018-11-12T15:35:51","modified_gmt":"2018-11-12T14:35:51","slug":"lpts-tjanster-silorengoring","status":"publish","type":"page","link":"https:\/\/www2.tornum.com\/sv\/lpts-tjanster-silorengoring\/","title":{"rendered":"LPTs Tj\u00e4nster"},"content":{"rendered":"<h3>Siloreng\u00f6ring<\/h3>\n<p>Kontinuerlig reng\u00f6ring av silos f\u00f6rebygger skadedjursangrepp och minimerar driftsst\u00f6rningar och finns oftast med i kvalitets- och hygieninstruktionerna f\u00f6r anl\u00e4ggningen. LPT utf\u00f6r siloreng\u00f6ring p\u00e5 ett professionellt och s\u00e4kert s\u00e4tt under l\u00e4mpliga tider p\u00e5 \u00e5ret f\u00f6r att st\u00f6ra driften s\u00e5 lite som m\u00f6jligt.<\/p>\n<p><a href=\"https:\/\/www2.tornum.com\/uploads\/2018\/11\/tornum-lpt-tjanster-silorengoring.jpg\"><img loading=\"lazy\" class=\"alignnone size-large wp-image-36993\" src=\"https:\/\/www2.tornum.com\/uploads\/2018\/11\/tornum-lpt-tjanster-silorengoring-1024x683.jpg\" alt=\"\" width=\"1024\" height=\"683\" srcset=\"https:\/\/www2.tornum.com\/uploads\/2018\/11\/tornum-lpt-tjanster-silorengoring-1024x683.jpg 1024w, https:\/\/www2.tornum.com\/uploads\/2018\/11\/tornum-lpt-tjanster-silorengoring-300x200.jpg 300w, https:\/\/www2.tornum.com\/uploads\/2018\/11\/tornum-lpt-tjanster-silorengoring-768x512.jpg 768w, https:\/\/www2.tornum.com\/uploads\/2018\/11\/tornum-lpt-tjanster-silorengoring.jpg 1536w\" sizes=\"(max-width: 1024px) 100vw, 1024px\" \/><\/a><\/p>\n<p>F\u00f6ljande moment kan utf\u00f6ras vid en siloreng\u00f6ring<\/p>\n<ul>\n<li>Besiktning av silo<\/li>\n<li>Fackmannam\u00e4ssigt utf\u00f6rd reng\u00f6ring<\/li>\n<li>Reparation av skadade ytor i silon<\/li>\n<li>Dokumentation av genomf\u00f6rt arbete<\/li>\n<li>F\u00f6rb\u00e4ttringsf\u00f6rslag<\/li>\n<\/ul>\n<p>Vid reng\u00f6ring av silos arbetar v\u00e5r personal i team om tv\u00e5 personer. Vi anv\u00e4nder den utrustning som erfordras f\u00f6r att arbetet ska kunna utf\u00f6ras p\u00e5 b\u00e4sta s\u00e4tt och med h\u00e4nsyn tagen till personalens arbetsmilj\u00f6.<\/p>\n<p>&nbsp;<\/p>\n<p><strong><a href=\"https:\/\/www2.tornum.com\/sv\/lpt\/\">LPT<\/a>s \u00f6vriga tj\u00e4nster<\/strong><\/p>\n<ul>\n<li><a href=\"https:\/\/www2.tornum.com\/sv\/lpts-tjanster-projektinstallation\/\"><strong>Projektinstallation<\/strong><\/a><\/li>\n<li><a href=\"https:\/\/www2.tornum.com\/sv\/lpts-tjanster-underhall\/\"><strong>Underh\u00e5ll<\/strong><\/a><\/li>\n<li><a href=\"https:\/\/www2.tornum.com\/sv\/lpts-tjanster-ombyggnation\/\"><strong>Ombyggnation<\/strong><\/a><\/li>\n<\/ul>\n","protected":false},"excerpt":{"rendered":"<p>Siloreng\u00f6ring Kontinuerlig reng\u00f6ring av silos f\u00f6rebygger skadedjursangrepp och minimerar driftsst\u00f6rningar och finns oftast med i kvalitets- och hygieninstruktionerna f\u00f6r anl\u00e4ggningen. LPT utf\u00f6r siloreng\u00f6ring p\u00e5 ett professionellt och s\u00e4kert s\u00e4tt under l\u00e4mpliga tider p\u00e5 \u00e5ret f\u00f6r att st\u00f6ra driften s\u00e5 lite som m\u00f6jligt. F\u00f6ljande moment kan utf\u00f6ras vid en siloreng\u00f6ring Besiktning av silo Fackmannam\u00e4ssigt utf\u00f6rd reng\u00f6ring Reparation av skadade ytor i silon Dokumentation av genomf\u00f6rt arbete F\u00f6rb\u00e4ttringsf\u00f6rslag Vid reng\u00f6ring av silos arbetar v\u00e5r personal i team om tv\u00e5 personer. Vi anv\u00e4nder den utrustning som erfordras f\u00f6r att arbetet ska kunna utf\u00f6ras p\u00e5 b\u00e4sta s\u00e4tt och med h\u00e4nsyn tagen till personalens arbetsmilj\u00f6. &nbsp;&#8230;<\/p>\n","protected":false},"author":3,"featured_media":0,"parent":0,"menu_order":0,"comment_status":"closed","ping_status":"closed","template":"","meta":[],"acf":[],"yoast_head":"<!-- This site is optimized with the Yoast SEO plugin v19.10 - https:\/\/yoast.com\/wordpress\/plugins\/seo\/ -->\n<title>LPTs Tj\u00e4nster - Tornum<\/title>\n<meta name=\"robots\" content=\"index, follow, max-snippet:-1, max-image-preview:large, max-video-preview:-1\" \/>\n<link rel=\"canonical\" href=\"https:\/\/www2.tornum.com\/sv\/lpts-tjanster-silorengoring\/\" \/>\n<meta property=\"og:locale\" content=\"sv_SE\" \/>\n<meta property=\"og:type\" content=\"article\" \/>\n<meta property=\"og:title\" content=\"LPTs Tj\u00e4nster - Tornum\" \/>\n<meta property=\"og:description\" content=\"Siloreng\u00f6ring Kontinuerlig reng\u00f6ring av silos f\u00f6rebygger skadedjursangrepp och minimerar driftsst\u00f6rningar och finns oftast med i kvalitets- och hygieninstruktionerna f\u00f6r anl\u00e4ggningen. LPT utf\u00f6r siloreng\u00f6ring p\u00e5 ett professionellt och s\u00e4kert s\u00e4tt under l\u00e4mpliga tider p\u00e5 \u00e5ret f\u00f6r att st\u00f6ra driften s\u00e5 lite som m\u00f6jligt. F\u00f6ljande moment kan utf\u00f6ras vid en siloreng\u00f6ring Besiktning av silo Fackmannam\u00e4ssigt utf\u00f6rd reng\u00f6ring Reparation av skadade ytor i silon Dokumentation av genomf\u00f6rt arbete F\u00f6rb\u00e4ttringsf\u00f6rslag Vid reng\u00f6ring av silos arbetar v\u00e5r personal i team om tv\u00e5 personer. Vi anv\u00e4nder den utrustning som erfordras f\u00f6r att arbetet ska kunna utf\u00f6ras p\u00e5 b\u00e4sta s\u00e4tt och med h\u00e4nsyn tagen till personalens arbetsmilj\u00f6. &nbsp;...\" \/>\n<meta property=\"og:url\" content=\"https:\/\/www2.tornum.com\/sv\/lpts-tjanster-silorengoring\/\" \/>\n<meta property=\"og:site_name\" content=\"Tornum\" \/>\n<meta property=\"article:modified_time\" content=\"2018-11-12T14:35:51+00:00\" \/>\n<meta property=\"og:image\" content=\"https:\/\/www2.tornum.com\/uploads\/2018\/11\/tornum-lpt-tjanster-silorengoring-1024x683.jpg\" \/>\n<meta name=\"twitter:card\" content=\"summary_large_image\" \/>\n<meta name=\"twitter:label1\" content=\"Est. reading time\" \/>\n\t<meta name=\"twitter:data1\" content=\"1 minute\" \/>\n<script type=\"application\/ld+json\" class=\"yoast-schema-graph\">{\"@context\":\"https:\/\/schema.org\",\"@graph\":[{\"@type\":\"WebPage\",\"@id\":\"https:\/\/www2.tornum.com\/sv\/lpts-tjanster-silorengoring\/\",\"url\":\"https:\/\/www2.tornum.com\/sv\/lpts-tjanster-silorengoring\/\",\"name\":\"LPTs Tj\u00e4nster - Tornum\",\"isPartOf\":{\"@id\":\"https:\/\/www2.tornum.com\/hu\/#website\"},\"datePublished\":\"2018-11-12T12:23:26+00:00\",\"dateModified\":\"2018-11-12T14:35:51+00:00\",\"breadcrumb\":{\"@id\":\"https:\/\/www2.tornum.com\/sv\/lpts-tjanster-silorengoring\/#breadcrumb\"},\"inLanguage\":\"sv-SE\",\"potentialAction\":[{\"@type\":\"ReadAction\",\"target\":[\"https:\/\/www2.tornum.com\/sv\/lpts-tjanster-silorengoring\/\"]}]},{\"@type\":\"BreadcrumbList\",\"@id\":\"https:\/\/www2.tornum.com\/sv\/lpts-tjanster-silorengoring\/#breadcrumb\",\"itemListElement\":[{\"@type\":\"ListItem\",\"position\":1,\"name\":\"Home\",\"item\":\"https:\/\/www2.tornum.com\/sv\/\"},{\"@type\":\"ListItem\",\"position\":2,\"name\":\"LPTs Tj\u00e4nster\"}]},{\"@type\":\"WebSite\",\"@id\":\"https:\/\/www2.tornum.com\/hu\/#website\",\"url\":\"https:\/\/www2.tornum.com\/hu\/\",\"name\":\"Tornum\",\"description\":\"\",\"potentialAction\":[{\"@type\":\"SearchAction\",\"target\":{\"@type\":\"EntryPoint\",\"urlTemplate\":\"https:\/\/www2.tornum.com\/hu\/?s={search_term_string}\"},\"query-input\":\"required name=search_term_string\"}],\"inLanguage\":\"sv-SE\"}]}<\/script>\n<!-- \/ Yoast SEO plugin. -->","yoast_head_json":{"title":"LPTs Tj\u00e4nster - Tornum","robots":{"index":"index","follow":"follow","max-snippet":"max-snippet:-1","max-image-preview":"max-image-preview:large","max-video-preview":"max-video-preview:-1"},"canonical":"https:\/\/www2.tornum.com\/sv\/lpts-tjanster-silorengoring\/","og_locale":"sv_SE","og_type":"article","og_title":"LPTs Tj\u00e4nster - Tornum","og_description":"Siloreng\u00f6ring Kontinuerlig reng\u00f6ring av silos f\u00f6rebygger skadedjursangrepp och minimerar driftsst\u00f6rningar och finns oftast med i kvalitets- och hygieninstruktionerna f\u00f6r anl\u00e4ggningen. LPT utf\u00f6r siloreng\u00f6ring p\u00e5 ett professionellt och s\u00e4kert s\u00e4tt under l\u00e4mpliga tider p\u00e5 \u00e5ret f\u00f6r att st\u00f6ra driften s\u00e5 lite som m\u00f6jligt. F\u00f6ljande moment kan utf\u00f6ras vid en siloreng\u00f6ring Besiktning av silo Fackmannam\u00e4ssigt utf\u00f6rd reng\u00f6ring Reparation av skadade ytor i silon Dokumentation av genomf\u00f6rt arbete F\u00f6rb\u00e4ttringsf\u00f6rslag Vid reng\u00f6ring av silos arbetar v\u00e5r personal i team om tv\u00e5 personer. Vi anv\u00e4nder den utrustning som erfordras f\u00f6r att arbetet ska kunna utf\u00f6ras p\u00e5 b\u00e4sta s\u00e4tt och med h\u00e4nsyn tagen till personalens arbetsmilj\u00f6. &nbsp;...","og_url":"https:\/\/www2.tornum.com\/sv\/lpts-tjanster-silorengoring\/","og_site_name":"Tornum","article_modified_time":"2018-11-12T14:35:51+00:00","og_image":[{"url":"https:\/\/www2.tornum.com\/uploads\/2018\/11\/tornum-lpt-tjanster-silorengoring-1024x683.jpg"}],"twitter_card":"summary_large_image","twitter_misc":{"Est. reading time":"1 minute"},"schema":{"@context":"https:\/\/schema.org","@graph":[{"@type":"WebPage","@id":"https:\/\/www2.tornum.com\/sv\/lpts-tjanster-silorengoring\/","url":"https:\/\/www2.tornum.com\/sv\/lpts-tjanster-silorengoring\/","name":"LPTs Tj\u00e4nster - Tornum","isPartOf":{"@id":"https:\/\/www2.tornum.com\/hu\/#website"},"datePublished":"2018-11-12T12:23:26+00:00","dateModified":"2018-11-12T14:35:51+00:00","breadcrumb":{"@id":"https:\/\/www2.tornum.com\/sv\/lpts-tjanster-silorengoring\/#breadcrumb"},"inLanguage":"sv-SE","potentialAction":[{"@type":"ReadAction","target":["https:\/\/www2.tornum.com\/sv\/lpts-tjanster-silorengoring\/"]}]},{"@type":"BreadcrumbList","@id":"https:\/\/www2.tornum.com\/sv\/lpts-tjanster-silorengoring\/#breadcrumb","itemListElement":[{"@type":"ListItem","position":1,"name":"Home","item":"https:\/\/www2.tornum.com\/sv\/"},{"@type":"ListItem","position":2,"name":"LPTs Tj\u00e4nster"}]},{"@type":"WebSite","@id":"https:\/\/www2.tornum.com\/hu\/#website","url":"https:\/\/www2.tornum.com\/hu\/","name":"Tornum","description":"","potentialAction":[{"@type":"SearchAction","target":{"@type":"EntryPoint","urlTemplate":"https:\/\/www2.tornum.com\/hu\/?s={search_term_string}"},"query-input":"required name=search_term_string"}],"inLanguage":"sv-SE"}]}},"_links":{"self":[{"href":"https:\/\/www2.tornum.com\/sv\/wp-json\/wp\/v2\/pages\/36992"}],"collection":[{"href":"https:\/\/www2.tornum.com\/sv\/wp-json\/wp\/v2\/pages"}],"about":[{"href":"https:\/\/www2.tornum.com\/sv\/wp-json\/wp\/v2\/types\/page"}],"author":[{"embeddable":true,"href":"https:\/\/www2.tornum.com\/sv\/wp-json\/wp\/v2\/users\/3"}],"replies":[{"embeddable":true,"href":"https:\/\/www2.tornum.com\/sv\/wp-json\/wp\/v2\/comments?post=36992"}],"version-history":[{"count":2,"href":"https:\/\/www2.tornum.com\/sv\/wp-json\/wp\/v2\/pages\/36992\/revisions"}],"predecessor-version":[{"id":37078,"href":"https:\/\/www2.tornum.com\/sv\/wp-json\/wp\/v2\/pages\/36992\/revisions\/37078"}],"wp:attachment":[{"href":"https:\/\/www2.tornum.com\/sv\/wp-json\/wp\/v2\/media?parent=36992"}],"curies":[{"name":"wp","href":"https:\/\/api.w.org\/{rel}","templated":true}]}}