{"id":37033,"date":"2018-11-12T14:50:41","date_gmt":"2018-11-12T13:50:41","guid":{"rendered":"https:\/\/www2.tornum.com\/?page_id=37033"},"modified":"2018-11-12T15:36:01","modified_gmt":"2018-11-12T14:36:01","slug":"lpts-tjanster-underhall","status":"publish","type":"page","link":"https:\/\/www2.tornum.com\/sv\/lpts-tjanster-underhall\/","title":{"rendered":"LPTs Tj\u00e4nster"},"content":{"rendered":"<h3>F\u00f6rebyggande underh\u00e5ll<\/h3>\n<p>Lidk\u00f6pings Pl\u00e5tteknik \u00e4r den ledande service partnern till den svenska spannm\u00e5ls- och foderindustrin. Tj\u00e4nsterna som erbjuds kan vara allt fr\u00e5n enstaka service jobb till l\u00e5ngvariga service- och jouravtal. Allt arbete utf\u00f6rs av v\u00e5r erfarna personal som har ett gediget tekniskt kunnande samt kunskap om vilka krav som st\u00e4lls p\u00e5 en modern svensk spannm\u00e5lsindustri.<\/p>\n<p><a href=\"https:\/\/www2.tornum.com\/uploads\/2018\/11\/tornum-lpt-tjanster-forebyggande-underhall.jpg\"><img loading=\"lazy\" class=\"alignnone size-large wp-image-37034\" src=\"https:\/\/www2.tornum.com\/uploads\/2018\/11\/tornum-lpt-tjanster-forebyggande-underhall-1024x575.jpg\" alt=\"\" width=\"1024\" height=\"575\" srcset=\"https:\/\/www2.tornum.com\/uploads\/2018\/11\/tornum-lpt-tjanster-forebyggande-underhall-1024x575.jpg 1024w, https:\/\/www2.tornum.com\/uploads\/2018\/11\/tornum-lpt-tjanster-forebyggande-underhall-300x169.jpg 300w, https:\/\/www2.tornum.com\/uploads\/2018\/11\/tornum-lpt-tjanster-forebyggande-underhall-768x432.jpg 768w\" sizes=\"(max-width: 1024px) 100vw, 1024px\" \/><\/a><\/p>\n<p>V\u00e5r l\u00e5nga erfarenhet och gedigna kunskap har gjort oss till en uppskattad och p\u00e5litlig partner till de ledande spannm\u00e5lsindustrierna i Sverige.<\/p>\n<p>&nbsp;<\/p>\n<p><strong><a href=\"https:\/\/www2.tornum.com\/sv\/lpt\/\">LPT<\/a>s \u00f6vriga tj\u00e4nster<\/strong><\/p>\n<ul>\n<li><a href=\"https:\/\/www2.tornum.com\/sv\/lpts-tjanster-projektinstallation\/\"><strong>Projektinstallation<\/strong><\/a><\/li>\n<li><a href=\"https:\/\/www2.tornum.com\/sv\/lpts-tjanster-ombyggnation\/\"><strong>Ombyggnation<\/strong><\/a><\/li>\n<li><a href=\"https:\/\/www2.tornum.com\/sv\/lpts-tjanster-silorengoring\/\"><strong>Siloreng\u00f6ring<\/strong><\/a><\/li>\n<\/ul>\n","protected":false},"excerpt":{"rendered":"<p>F\u00f6rebyggande underh\u00e5ll Lidk\u00f6pings Pl\u00e5tteknik \u00e4r den ledande service partnern till den svenska spannm\u00e5ls- och foderindustrin. Tj\u00e4nsterna som erbjuds kan vara allt fr\u00e5n enstaka service jobb till l\u00e5ngvariga service- och jouravtal. Allt arbete utf\u00f6rs av v\u00e5r erfarna personal som har ett gediget tekniskt kunnande samt kunskap om vilka krav som st\u00e4lls p\u00e5 en modern svensk spannm\u00e5lsindustri. V\u00e5r l\u00e5nga erfarenhet och gedigna kunskap har gjort oss till en uppskattad och p\u00e5litlig partner till de ledande spannm\u00e5lsindustrierna i Sverige. &nbsp; LPTs \u00f6vriga tj\u00e4nster Projektinstallation Ombyggnation Siloreng\u00f6ring<\/p>\n","protected":false},"author":3,"featured_media":0,"parent":0,"menu_order":0,"comment_status":"closed","ping_status":"closed","template":"","meta":[],"acf":[],"yoast_head":"<!-- This site is optimized with the Yoast SEO plugin v19.10 - https:\/\/yoast.com\/wordpress\/plugins\/seo\/ -->\n<title>LPTs Tj\u00e4nster - Tornum<\/title>\n<meta name=\"robots\" content=\"index, follow, max-snippet:-1, max-image-preview:large, max-video-preview:-1\" \/>\n<link rel=\"canonical\" href=\"https:\/\/www2.tornum.com\/sv\/lpts-tjanster-underhall\/\" \/>\n<meta property=\"og:locale\" content=\"sv_SE\" \/>\n<meta property=\"og:type\" content=\"article\" \/>\n<meta property=\"og:title\" content=\"LPTs Tj\u00e4nster - Tornum\" \/>\n<meta property=\"og:description\" content=\"F\u00f6rebyggande underh\u00e5ll Lidk\u00f6pings Pl\u00e5tteknik \u00e4r den ledande service partnern till den svenska spannm\u00e5ls- och foderindustrin. Tj\u00e4nsterna som erbjuds kan vara allt fr\u00e5n enstaka service jobb till l\u00e5ngvariga service- och jouravtal. Allt arbete utf\u00f6rs av v\u00e5r erfarna personal som har ett gediget tekniskt kunnande samt kunskap om vilka krav som st\u00e4lls p\u00e5 en modern svensk spannm\u00e5lsindustri. V\u00e5r l\u00e5nga erfarenhet och gedigna kunskap har gjort oss till en uppskattad och p\u00e5litlig partner till de ledande spannm\u00e5lsindustrierna i Sverige. &nbsp; LPTs \u00f6vriga tj\u00e4nster Projektinstallation Ombyggnation Siloreng\u00f6ring\" \/>\n<meta property=\"og:url\" content=\"https:\/\/www2.tornum.com\/sv\/lpts-tjanster-underhall\/\" \/>\n<meta property=\"og:site_name\" content=\"Tornum\" \/>\n<meta property=\"article:modified_time\" content=\"2018-11-12T14:36:01+00:00\" \/>\n<meta property=\"og:image\" content=\"https:\/\/www2.tornum.com\/uploads\/2018\/11\/tornum-lpt-tjanster-forebyggande-underhall-1024x575.jpg\" \/>\n<meta name=\"twitter:card\" content=\"summary_large_image\" \/>\n<meta name=\"twitter:label1\" content=\"Est. reading time\" \/>\n\t<meta name=\"twitter:data1\" content=\"1 minute\" \/>\n<script type=\"application\/ld+json\" class=\"yoast-schema-graph\">{\"@context\":\"https:\/\/schema.org\",\"@graph\":[{\"@type\":\"WebPage\",\"@id\":\"https:\/\/www2.tornum.com\/sv\/lpts-tjanster-underhall\/\",\"url\":\"https:\/\/www2.tornum.com\/sv\/lpts-tjanster-underhall\/\",\"name\":\"LPTs Tj\u00e4nster - Tornum\",\"isPartOf\":{\"@id\":\"https:\/\/www2.tornum.com\/sv\/#website\"},\"datePublished\":\"2018-11-12T13:50:41+00:00\",\"dateModified\":\"2018-11-12T14:36:01+00:00\",\"breadcrumb\":{\"@id\":\"https:\/\/www2.tornum.com\/sv\/lpts-tjanster-underhall\/#breadcrumb\"},\"inLanguage\":\"sv-SE\",\"potentialAction\":[{\"@type\":\"ReadAction\",\"target\":[\"https:\/\/www2.tornum.com\/sv\/lpts-tjanster-underhall\/\"]}]},{\"@type\":\"BreadcrumbList\",\"@id\":\"https:\/\/www2.tornum.com\/sv\/lpts-tjanster-underhall\/#breadcrumb\",\"itemListElement\":[{\"@type\":\"ListItem\",\"position\":1,\"name\":\"Home\",\"item\":\"https:\/\/www2.tornum.com\/sv\/\"},{\"@type\":\"ListItem\",\"position\":2,\"name\":\"LPTs Tj\u00e4nster\"}]},{\"@type\":\"WebSite\",\"@id\":\"https:\/\/www2.tornum.com\/sv\/#website\",\"url\":\"https:\/\/www2.tornum.com\/sv\/\",\"name\":\"Tornum\",\"description\":\"\",\"potentialAction\":[{\"@type\":\"SearchAction\",\"target\":{\"@type\":\"EntryPoint\",\"urlTemplate\":\"https:\/\/www2.tornum.com\/sv\/?s={search_term_string}\"},\"query-input\":\"required name=search_term_string\"}],\"inLanguage\":\"sv-SE\"}]}<\/script>\n<!-- \/ Yoast SEO plugin. -->","yoast_head_json":{"title":"LPTs Tj\u00e4nster - Tornum","robots":{"index":"index","follow":"follow","max-snippet":"max-snippet:-1","max-image-preview":"max-image-preview:large","max-video-preview":"max-video-preview:-1"},"canonical":"https:\/\/www2.tornum.com\/sv\/lpts-tjanster-underhall\/","og_locale":"sv_SE","og_type":"article","og_title":"LPTs Tj\u00e4nster - Tornum","og_description":"F\u00f6rebyggande underh\u00e5ll Lidk\u00f6pings Pl\u00e5tteknik \u00e4r den ledande service partnern till den svenska spannm\u00e5ls- och foderindustrin. Tj\u00e4nsterna som erbjuds kan vara allt fr\u00e5n enstaka service jobb till l\u00e5ngvariga service- och jouravtal. Allt arbete utf\u00f6rs av v\u00e5r erfarna personal som har ett gediget tekniskt kunnande samt kunskap om vilka krav som st\u00e4lls p\u00e5 en modern svensk spannm\u00e5lsindustri. V\u00e5r l\u00e5nga erfarenhet och gedigna kunskap har gjort oss till en uppskattad och p\u00e5litlig partner till de ledande spannm\u00e5lsindustrierna i Sverige. &nbsp; LPTs \u00f6vriga tj\u00e4nster Projektinstallation Ombyggnation Siloreng\u00f6ring","og_url":"https:\/\/www2.tornum.com\/sv\/lpts-tjanster-underhall\/","og_site_name":"Tornum","article_modified_time":"2018-11-12T14:36:01+00:00","og_image":[{"url":"https:\/\/www2.tornum.com\/uploads\/2018\/11\/tornum-lpt-tjanster-forebyggande-underhall-1024x575.jpg"}],"twitter_card":"summary_large_image","twitter_misc":{"Est. reading time":"1 minute"},"schema":{"@context":"https:\/\/schema.org","@graph":[{"@type":"WebPage","@id":"https:\/\/www2.tornum.com\/sv\/lpts-tjanster-underhall\/","url":"https:\/\/www2.tornum.com\/sv\/lpts-tjanster-underhall\/","name":"LPTs Tj\u00e4nster - Tornum","isPartOf":{"@id":"https:\/\/www2.tornum.com\/sv\/#website"},"datePublished":"2018-11-12T13:50:41+00:00","dateModified":"2018-11-12T14:36:01+00:00","breadcrumb":{"@id":"https:\/\/www2.tornum.com\/sv\/lpts-tjanster-underhall\/#breadcrumb"},"inLanguage":"sv-SE","potentialAction":[{"@type":"ReadAction","target":["https:\/\/www2.tornum.com\/sv\/lpts-tjanster-underhall\/"]}]},{"@type":"BreadcrumbList","@id":"https:\/\/www2.tornum.com\/sv\/lpts-tjanster-underhall\/#breadcrumb","itemListElement":[{"@type":"ListItem","position":1,"name":"Home","item":"https:\/\/www2.tornum.com\/sv\/"},{"@type":"ListItem","position":2,"name":"LPTs Tj\u00e4nster"}]},{"@type":"WebSite","@id":"https:\/\/www2.tornum.com\/sv\/#website","url":"https:\/\/www2.tornum.com\/sv\/","name":"Tornum","description":"","potentialAction":[{"@type":"SearchAction","target":{"@type":"EntryPoint","urlTemplate":"https:\/\/www2.tornum.com\/sv\/?s={search_term_string}"},"query-input":"required name=search_term_string"}],"inLanguage":"sv-SE"}]}},"_links":{"self":[{"href":"https:\/\/www2.tornum.com\/sv\/wp-json\/wp\/v2\/pages\/37033"}],"collection":[{"href":"https:\/\/www2.tornum.com\/sv\/wp-json\/wp\/v2\/pages"}],"about":[{"href":"https:\/\/www2.tornum.com\/sv\/wp-json\/wp\/v2\/types\/page"}],"author":[{"embeddable":true,"href":"https:\/\/www2.tornum.com\/sv\/wp-json\/wp\/v2\/users\/3"}],"replies":[{"embeddable":true,"href":"https:\/\/www2.tornum.com\/sv\/wp-json\/wp\/v2\/comments?post=37033"}],"version-history":[{"count":2,"href":"https:\/\/www2.tornum.com\/sv\/wp-json\/wp\/v2\/pages\/37033\/revisions"}],"predecessor-version":[{"id":37081,"href":"https:\/\/www2.tornum.com\/sv\/wp-json\/wp\/v2\/pages\/37033\/revisions\/37081"}],"wp:attachment":[{"href":"https:\/\/www2.tornum.com\/sv\/wp-json\/wp\/v2\/media?parent=37033"}],"curies":[{"name":"wp","href":"https:\/\/api.w.org\/{rel}","templated":true}]}}