{"id":37101,"date":"2018-11-13T15:17:16","date_gmt":"2018-11-13T14:17:16","guid":{"rendered":"https:\/\/www2.tornum.com\/?page_id=37101"},"modified":"2018-11-13T15:55:55","modified_gmt":"2018-11-13T14:55:55","slug":"lpts-produkter","status":"publish","type":"page","link":"https:\/\/www2.tornum.com\/sv\/lpts-produkter\/","title":{"rendered":"LPTs Produkter"},"content":{"rendered":"<h3>Spannm\u00e5lsr\u00f6r &amp; F\u00f6rdelare<\/h3>\n<p>Genom v\u00e5rt moderbolag Tornum AB som \u00e4r offeciell sammarbetspartner till Jacob S\u00f6nhe Gmbh i Sverige kan vi erbjuda Jacob spannm\u00e5lsr\u00f6r till v\u00e5ra kunder. Jacob som \u00e4r europas ledande tillverkare av h\u00f6gkvalitativa spannm\u00e5lsr\u00f6r har ett komplett utbud av detlajer f\u00f6r transport av spannm\u00e5l i fallr\u00f6rssystem. D\u00e5 Tornum AB lagerh\u00e5ller utvalda dimensioner och detaljer av Jacob r\u00f6r kan vi korta v\u00e5ra leversnatider, st\u00f6rre volymer och anpassade detaljer levereras direkt fr\u00e5n Jacobs lager i Tyskland.<\/p>\n<p><a href=\"https:\/\/www2.tornum.com\/uploads\/2018\/11\/lpt-jacob-spannmalsror-thumbnails.png\"><img loading=\"lazy\" class=\"alignnone size-full wp-image-37084\" src=\"https:\/\/www2.tornum.com\/uploads\/2018\/11\/lpt-jacob-spannmalsror-thumbnails.png\" alt=\"\" width=\"747\" height=\"420\" srcset=\"https:\/\/www2.tornum.com\/uploads\/2018\/11\/lpt-jacob-spannmalsror-thumbnails.png 747w, https:\/\/www2.tornum.com\/uploads\/2018\/11\/lpt-jacob-spannmalsror-thumbnails-300x169.png 300w\" sizes=\"(max-width: 747px) 100vw, 747px\" \/><\/a><\/p>\n<p>LPT tillhandah\u00e5ller egentillverkade f\u00f6rdelare i olika dimensioner. F\u00f6rdelarna \u00e4r skruvbara f\u00f6r att enkelt kunna byta slitdelar inne i f\u00f6rdelaren. Materialet i f\u00f6rdelarna \u00e4r en kombination av pulverlackat och galvat utf\u00f6rande allt f\u00f6r en s\u00e5 h\u00e5llbar produkt som m\u00f6jligt.<\/p>\n<p><a href=\"https:\/\/www2.tornum.com\/uploads\/2018\/11\/tornum-lpt-sortiment-spannmalsror-fordelare.jpg\"><img loading=\"lazy\" class=\"alignnone size-large wp-image-36900\" src=\"https:\/\/www2.tornum.com\/uploads\/2018\/11\/tornum-lpt-sortiment-spannmalsror-fordelare-1024x768.jpg\" alt=\"\" width=\"1024\" height=\"768\" srcset=\"https:\/\/www2.tornum.com\/uploads\/2018\/11\/tornum-lpt-sortiment-spannmalsror-fordelare-1024x768.jpg 1024w, https:\/\/www2.tornum.com\/uploads\/2018\/11\/tornum-lpt-sortiment-spannmalsror-fordelare-300x225.jpg 300w, https:\/\/www2.tornum.com\/uploads\/2018\/11\/tornum-lpt-sortiment-spannmalsror-fordelare-768x576.jpg 768w, https:\/\/www2.tornum.com\/uploads\/2018\/11\/tornum-lpt-sortiment-spannmalsror-fordelare.jpg 1632w\" sizes=\"(max-width: 1024px) 100vw, 1024px\" \/><\/a><\/p>\n<p>&nbsp;<\/p>\n<p><strong><a href=\"https:\/\/www2.tornum.com\/sv\/lpt\/\">LPT<\/a>s \u00f6vriga produkter<\/strong><\/p>\n<ul>\n<li><a href=\"https:\/\/www2.tornum.com\/sv\/lpts-produkter-2\/\"><strong>Elevatorer<\/strong><\/a><\/li>\n<li><a href=\"https:\/\/www2.tornum.com\/sv\/lpts-produkter-3\/\"><strong>Transport\u00f6rer<\/strong><\/a><\/li>\n<li><a href=\"https:\/\/www2.tornum.com\/sv\/lpts-produkter-4\/\"><strong>Aspiration<\/strong><\/a><\/li>\n<\/ul>\n","protected":false},"excerpt":{"rendered":"<p>Spannm\u00e5lsr\u00f6r &amp; F\u00f6rdelare Genom v\u00e5rt moderbolag Tornum AB som \u00e4r offeciell sammarbetspartner till Jacob S\u00f6nhe Gmbh i Sverige kan vi erbjuda Jacob spannm\u00e5lsr\u00f6r till v\u00e5ra kunder. Jacob som \u00e4r europas ledande tillverkare av h\u00f6gkvalitativa spannm\u00e5lsr\u00f6r har ett komplett utbud av detlajer f\u00f6r transport av spannm\u00e5l i fallr\u00f6rssystem. D\u00e5 Tornum AB lagerh\u00e5ller utvalda dimensioner och detaljer av Jacob r\u00f6r kan vi korta v\u00e5ra leversnatider, st\u00f6rre volymer och anpassade detaljer levereras direkt fr\u00e5n Jacobs lager i Tyskland. LPT tillhandah\u00e5ller egentillverkade f\u00f6rdelare i olika dimensioner. F\u00f6rdelarna \u00e4r skruvbara f\u00f6r att enkelt kunna byta slitdelar inne i f\u00f6rdelaren. Materialet i f\u00f6rdelarna \u00e4r en kombination av&#8230;<\/p>\n","protected":false},"author":3,"featured_media":0,"parent":0,"menu_order":0,"comment_status":"closed","ping_status":"closed","template":"","meta":[],"acf":[],"yoast_head":"<!-- This site is optimized with the Yoast SEO plugin v19.10 - https:\/\/yoast.com\/wordpress\/plugins\/seo\/ -->\n<title>LPTs Produkter - Tornum<\/title>\n<meta name=\"robots\" content=\"index, follow, max-snippet:-1, max-image-preview:large, max-video-preview:-1\" \/>\n<link rel=\"canonical\" href=\"https:\/\/www2.tornum.com\/sv\/lpts-produkter\/\" \/>\n<meta property=\"og:locale\" content=\"sv_SE\" \/>\n<meta property=\"og:type\" content=\"article\" \/>\n<meta property=\"og:title\" content=\"LPTs Produkter - Tornum\" \/>\n<meta property=\"og:description\" content=\"Spannm\u00e5lsr\u00f6r &amp; F\u00f6rdelare Genom v\u00e5rt moderbolag Tornum AB som \u00e4r offeciell sammarbetspartner till Jacob S\u00f6nhe Gmbh i Sverige kan vi erbjuda Jacob spannm\u00e5lsr\u00f6r till v\u00e5ra kunder. Jacob som \u00e4r europas ledande tillverkare av h\u00f6gkvalitativa spannm\u00e5lsr\u00f6r har ett komplett utbud av detlajer f\u00f6r transport av spannm\u00e5l i fallr\u00f6rssystem. D\u00e5 Tornum AB lagerh\u00e5ller utvalda dimensioner och detaljer av Jacob r\u00f6r kan vi korta v\u00e5ra leversnatider, st\u00f6rre volymer och anpassade detaljer levereras direkt fr\u00e5n Jacobs lager i Tyskland. LPT tillhandah\u00e5ller egentillverkade f\u00f6rdelare i olika dimensioner. F\u00f6rdelarna \u00e4r skruvbara f\u00f6r att enkelt kunna byta slitdelar inne i f\u00f6rdelaren. Materialet i f\u00f6rdelarna \u00e4r en kombination av...\" \/>\n<meta property=\"og:url\" content=\"https:\/\/www2.tornum.com\/sv\/lpts-produkter\/\" \/>\n<meta property=\"og:site_name\" content=\"Tornum\" \/>\n<meta property=\"article:modified_time\" content=\"2018-11-13T14:55:55+00:00\" \/>\n<meta property=\"og:image\" content=\"https:\/\/www2.tornum.com\/uploads\/2018\/11\/lpt-jacob-spannmalsror-thumbnails.png\" \/>\n<meta name=\"twitter:card\" content=\"summary_large_image\" \/>\n<meta name=\"twitter:label1\" content=\"Est. reading time\" \/>\n\t<meta name=\"twitter:data1\" content=\"1 minute\" \/>\n<script type=\"application\/ld+json\" class=\"yoast-schema-graph\">{\"@context\":\"https:\/\/schema.org\",\"@graph\":[{\"@type\":\"WebPage\",\"@id\":\"https:\/\/www2.tornum.com\/sv\/lpts-produkter\/\",\"url\":\"https:\/\/www2.tornum.com\/sv\/lpts-produkter\/\",\"name\":\"LPTs Produkter - Tornum\",\"isPartOf\":{\"@id\":\"https:\/\/www2.tornum.com\/hu\/#website\"},\"datePublished\":\"2018-11-13T14:17:16+00:00\",\"dateModified\":\"2018-11-13T14:55:55+00:00\",\"breadcrumb\":{\"@id\":\"https:\/\/www2.tornum.com\/sv\/lpts-produkter\/#breadcrumb\"},\"inLanguage\":\"sv-SE\",\"potentialAction\":[{\"@type\":\"ReadAction\",\"target\":[\"https:\/\/www2.tornum.com\/sv\/lpts-produkter\/\"]}]},{\"@type\":\"BreadcrumbList\",\"@id\":\"https:\/\/www2.tornum.com\/sv\/lpts-produkter\/#breadcrumb\",\"itemListElement\":[{\"@type\":\"ListItem\",\"position\":1,\"name\":\"Home\",\"item\":\"https:\/\/www2.tornum.com\/sv\/\"},{\"@type\":\"ListItem\",\"position\":2,\"name\":\"LPTs Produkter\"}]},{\"@type\":\"WebSite\",\"@id\":\"https:\/\/www2.tornum.com\/hu\/#website\",\"url\":\"https:\/\/www2.tornum.com\/hu\/\",\"name\":\"Tornum\",\"description\":\"\",\"potentialAction\":[{\"@type\":\"SearchAction\",\"target\":{\"@type\":\"EntryPoint\",\"urlTemplate\":\"https:\/\/www2.tornum.com\/hu\/?s={search_term_string}\"},\"query-input\":\"required name=search_term_string\"}],\"inLanguage\":\"sv-SE\"}]}<\/script>\n<!-- \/ Yoast SEO plugin. -->","yoast_head_json":{"title":"LPTs Produkter - Tornum","robots":{"index":"index","follow":"follow","max-snippet":"max-snippet:-1","max-image-preview":"max-image-preview:large","max-video-preview":"max-video-preview:-1"},"canonical":"https:\/\/www2.tornum.com\/sv\/lpts-produkter\/","og_locale":"sv_SE","og_type":"article","og_title":"LPTs Produkter - Tornum","og_description":"Spannm\u00e5lsr\u00f6r &amp; F\u00f6rdelare Genom v\u00e5rt moderbolag Tornum AB som \u00e4r offeciell sammarbetspartner till Jacob S\u00f6nhe Gmbh i Sverige kan vi erbjuda Jacob spannm\u00e5lsr\u00f6r till v\u00e5ra kunder. Jacob som \u00e4r europas ledande tillverkare av h\u00f6gkvalitativa spannm\u00e5lsr\u00f6r har ett komplett utbud av detlajer f\u00f6r transport av spannm\u00e5l i fallr\u00f6rssystem. D\u00e5 Tornum AB lagerh\u00e5ller utvalda dimensioner och detaljer av Jacob r\u00f6r kan vi korta v\u00e5ra leversnatider, st\u00f6rre volymer och anpassade detaljer levereras direkt fr\u00e5n Jacobs lager i Tyskland. LPT tillhandah\u00e5ller egentillverkade f\u00f6rdelare i olika dimensioner. F\u00f6rdelarna \u00e4r skruvbara f\u00f6r att enkelt kunna byta slitdelar inne i f\u00f6rdelaren. Materialet i f\u00f6rdelarna \u00e4r en kombination av...","og_url":"https:\/\/www2.tornum.com\/sv\/lpts-produkter\/","og_site_name":"Tornum","article_modified_time":"2018-11-13T14:55:55+00:00","og_image":[{"url":"https:\/\/www2.tornum.com\/uploads\/2018\/11\/lpt-jacob-spannmalsror-thumbnails.png"}],"twitter_card":"summary_large_image","twitter_misc":{"Est. reading time":"1 minute"},"schema":{"@context":"https:\/\/schema.org","@graph":[{"@type":"WebPage","@id":"https:\/\/www2.tornum.com\/sv\/lpts-produkter\/","url":"https:\/\/www2.tornum.com\/sv\/lpts-produkter\/","name":"LPTs Produkter - Tornum","isPartOf":{"@id":"https:\/\/www2.tornum.com\/hu\/#website"},"datePublished":"2018-11-13T14:17:16+00:00","dateModified":"2018-11-13T14:55:55+00:00","breadcrumb":{"@id":"https:\/\/www2.tornum.com\/sv\/lpts-produkter\/#breadcrumb"},"inLanguage":"sv-SE","potentialAction":[{"@type":"ReadAction","target":["https:\/\/www2.tornum.com\/sv\/lpts-produkter\/"]}]},{"@type":"BreadcrumbList","@id":"https:\/\/www2.tornum.com\/sv\/lpts-produkter\/#breadcrumb","itemListElement":[{"@type":"ListItem","position":1,"name":"Home","item":"https:\/\/www2.tornum.com\/sv\/"},{"@type":"ListItem","position":2,"name":"LPTs Produkter"}]},{"@type":"WebSite","@id":"https:\/\/www2.tornum.com\/hu\/#website","url":"https:\/\/www2.tornum.com\/hu\/","name":"Tornum","description":"","potentialAction":[{"@type":"SearchAction","target":{"@type":"EntryPoint","urlTemplate":"https:\/\/www2.tornum.com\/hu\/?s={search_term_string}"},"query-input":"required name=search_term_string"}],"inLanguage":"sv-SE"}]}},"_links":{"self":[{"href":"https:\/\/www2.tornum.com\/sv\/wp-json\/wp\/v2\/pages\/37101"}],"collection":[{"href":"https:\/\/www2.tornum.com\/sv\/wp-json\/wp\/v2\/pages"}],"about":[{"href":"https:\/\/www2.tornum.com\/sv\/wp-json\/wp\/v2\/types\/page"}],"author":[{"embeddable":true,"href":"https:\/\/www2.tornum.com\/sv\/wp-json\/wp\/v2\/users\/3"}],"replies":[{"embeddable":true,"href":"https:\/\/www2.tornum.com\/sv\/wp-json\/wp\/v2\/comments?post=37101"}],"version-history":[{"count":2,"href":"https:\/\/www2.tornum.com\/sv\/wp-json\/wp\/v2\/pages\/37101\/revisions"}],"predecessor-version":[{"id":37116,"href":"https:\/\/www2.tornum.com\/sv\/wp-json\/wp\/v2\/pages\/37101\/revisions\/37116"}],"wp:attachment":[{"href":"https:\/\/www2.tornum.com\/sv\/wp-json\/wp\/v2\/media?parent=37101"}],"curies":[{"name":"wp","href":"https:\/\/api.w.org\/{rel}","templated":true}]}}