{"id":37104,"date":"2018-11-13T15:26:19","date_gmt":"2018-11-13T14:26:19","guid":{"rendered":"https:\/\/www2.tornum.com\/?page_id=37104"},"modified":"2018-11-13T15:59:00","modified_gmt":"2018-11-13T14:59:00","slug":"lpts-produkter-2","status":"publish","type":"page","link":"https:\/\/www2.tornum.com\/sv\/lpts-produkter-2\/","title":{"rendered":"LPTs Produkter"},"content":{"rendered":"<h3>Elevatorer<\/h3>\n<p>LPT erbjuder specialdesignade elevatorer f\u00f6r industriellt bruk som anpassas efter kundens \u00f6nskem\u00e5l och behov vid utbyte av befintliga elevatorer. V\u00e5ra elevatorer dimansioneras av v\u00e5ra kunniga tekniker, tillverkas i egen verkstad och monteras av v\u00e5ra erfarna mont\u00f6rer. Elevatorskopor, -remmar och drivenheter levereras fr\u00e5n ledande europeiska tillverkare allt f\u00f6r att LPT skall kunna tillhandah\u00e5lla en h\u00f6gkvalitativ slutprodukt till v\u00e5ra kunder.<\/p>\n<p><a href=\"https:\/\/www2.tornum.com\/uploads\/2018\/11\/tornum-lpt-sortiment-elevatorer.jpg\"><img loading=\"lazy\" class=\"alignnone size-full wp-image-36910\" src=\"https:\/\/www2.tornum.com\/uploads\/2018\/11\/tornum-lpt-sortiment-elevatorer.jpg\" alt=\"\" width=\"960\" height=\"540\" srcset=\"https:\/\/www2.tornum.com\/uploads\/2018\/11\/tornum-lpt-sortiment-elevatorer.jpg 960w, https:\/\/www2.tornum.com\/uploads\/2018\/11\/tornum-lpt-sortiment-elevatorer-300x169.jpg 300w, https:\/\/www2.tornum.com\/uploads\/2018\/11\/tornum-lpt-sortiment-elevatorer-768x432.jpg 768w\" sizes=\"(max-width: 960px) 100vw, 960px\" \/><\/a><\/p>\n<p>Vi kan \u00e4ven tillhandah\u00e5lla standard elevatorer fr\u00e5n ledande tillverkare p\u00e5 marknaden vid nyinstallationer och utbyggnationer av anl\u00e4ggningar.<\/p>\n<p>L\u00e4s mer om <a href=\"https:\/\/www2.tornum.com\/sv\/product\/skopelevatorer-h-line\/\">Tornums elevatorer h\u00e4r<\/a><\/p>\n<p><strong><a href=\"https:\/\/www2.tornum.com\/sv\/lpt\/\">LPT<\/a>s \u00f6vriga produkter<\/strong><\/p>\n<ul>\n<li><strong><a href=\"https:\/\/www2.tornum.com\/sv\/lpts-produkter\/\">Spannm\u00e5lsr\u00f6r<\/a><\/strong><\/li>\n<li><a href=\"https:\/\/www2.tornum.com\/sv\/lpts-produkter-3\/\"><strong>Transport\u00f6rer<\/strong><\/a><\/li>\n<li><a href=\"https:\/\/www2.tornum.com\/sv\/lpts-produkter-4\/\"><strong>Aspiration<\/strong><\/a><\/li>\n<\/ul>\n","protected":false},"excerpt":{"rendered":"<p>Elevatorer LPT erbjuder specialdesignade elevatorer f\u00f6r industriellt bruk som anpassas efter kundens \u00f6nskem\u00e5l och behov vid utbyte av befintliga elevatorer. V\u00e5ra elevatorer dimansioneras av v\u00e5ra kunniga tekniker, tillverkas i egen verkstad och monteras av v\u00e5ra erfarna mont\u00f6rer. Elevatorskopor, -remmar och drivenheter levereras fr\u00e5n ledande europeiska tillverkare allt f\u00f6r att LPT skall kunna tillhandah\u00e5lla en h\u00f6gkvalitativ slutprodukt till v\u00e5ra kunder. Vi kan \u00e4ven tillhandah\u00e5lla standard elevatorer fr\u00e5n ledande tillverkare p\u00e5 marknaden vid nyinstallationer och utbyggnationer av anl\u00e4ggningar. L\u00e4s mer om Tornums elevatorer h\u00e4r LPTs \u00f6vriga produkter Spannm\u00e5lsr\u00f6r Transport\u00f6rer Aspiration<\/p>\n","protected":false},"author":3,"featured_media":0,"parent":0,"menu_order":0,"comment_status":"closed","ping_status":"closed","template":"","meta":[],"acf":[],"yoast_head":"<!-- This site is optimized with the Yoast SEO plugin v19.10 - https:\/\/yoast.com\/wordpress\/plugins\/seo\/ -->\n<title>LPTs Produkter - Tornum<\/title>\n<meta name=\"robots\" content=\"index, follow, max-snippet:-1, max-image-preview:large, max-video-preview:-1\" \/>\n<link rel=\"canonical\" href=\"https:\/\/www2.tornum.com\/sv\/lpts-produkter-2\/\" \/>\n<meta property=\"og:locale\" content=\"sv_SE\" \/>\n<meta property=\"og:type\" content=\"article\" \/>\n<meta property=\"og:title\" content=\"LPTs Produkter - Tornum\" \/>\n<meta property=\"og:description\" content=\"Elevatorer LPT erbjuder specialdesignade elevatorer f\u00f6r industriellt bruk som anpassas efter kundens \u00f6nskem\u00e5l och behov vid utbyte av befintliga elevatorer. V\u00e5ra elevatorer dimansioneras av v\u00e5ra kunniga tekniker, tillverkas i egen verkstad och monteras av v\u00e5ra erfarna mont\u00f6rer. Elevatorskopor, -remmar och drivenheter levereras fr\u00e5n ledande europeiska tillverkare allt f\u00f6r att LPT skall kunna tillhandah\u00e5lla en h\u00f6gkvalitativ slutprodukt till v\u00e5ra kunder. Vi kan \u00e4ven tillhandah\u00e5lla standard elevatorer fr\u00e5n ledande tillverkare p\u00e5 marknaden vid nyinstallationer och utbyggnationer av anl\u00e4ggningar. L\u00e4s mer om Tornums elevatorer h\u00e4r LPTs \u00f6vriga produkter Spannm\u00e5lsr\u00f6r Transport\u00f6rer Aspiration\" \/>\n<meta property=\"og:url\" content=\"https:\/\/www2.tornum.com\/sv\/lpts-produkter-2\/\" \/>\n<meta property=\"og:site_name\" content=\"Tornum\" \/>\n<meta property=\"article:modified_time\" content=\"2018-11-13T14:59:00+00:00\" \/>\n<meta property=\"og:image\" content=\"https:\/\/www2.tornum.com\/uploads\/2018\/11\/tornum-lpt-sortiment-elevatorer.jpg\" \/>\n<meta name=\"twitter:card\" content=\"summary_large_image\" \/>\n<meta name=\"twitter:label1\" content=\"Est. reading time\" \/>\n\t<meta name=\"twitter:data1\" content=\"1 minute\" \/>\n<script type=\"application\/ld+json\" class=\"yoast-schema-graph\">{\"@context\":\"https:\/\/schema.org\",\"@graph\":[{\"@type\":\"WebPage\",\"@id\":\"https:\/\/www2.tornum.com\/sv\/lpts-produkter-2\/\",\"url\":\"https:\/\/www2.tornum.com\/sv\/lpts-produkter-2\/\",\"name\":\"LPTs Produkter - Tornum\",\"isPartOf\":{\"@id\":\"https:\/\/www2.tornum.com\/hu\/#website\"},\"datePublished\":\"2018-11-13T14:26:19+00:00\",\"dateModified\":\"2018-11-13T14:59:00+00:00\",\"breadcrumb\":{\"@id\":\"https:\/\/www2.tornum.com\/sv\/lpts-produkter-2\/#breadcrumb\"},\"inLanguage\":\"sv-SE\",\"potentialAction\":[{\"@type\":\"ReadAction\",\"target\":[\"https:\/\/www2.tornum.com\/sv\/lpts-produkter-2\/\"]}]},{\"@type\":\"BreadcrumbList\",\"@id\":\"https:\/\/www2.tornum.com\/sv\/lpts-produkter-2\/#breadcrumb\",\"itemListElement\":[{\"@type\":\"ListItem\",\"position\":1,\"name\":\"Home\",\"item\":\"https:\/\/www2.tornum.com\/sv\/\"},{\"@type\":\"ListItem\",\"position\":2,\"name\":\"LPTs Produkter\"}]},{\"@type\":\"WebSite\",\"@id\":\"https:\/\/www2.tornum.com\/hu\/#website\",\"url\":\"https:\/\/www2.tornum.com\/hu\/\",\"name\":\"Tornum\",\"description\":\"\",\"potentialAction\":[{\"@type\":\"SearchAction\",\"target\":{\"@type\":\"EntryPoint\",\"urlTemplate\":\"https:\/\/www2.tornum.com\/hu\/?s={search_term_string}\"},\"query-input\":\"required name=search_term_string\"}],\"inLanguage\":\"sv-SE\"}]}<\/script>\n<!-- \/ Yoast SEO plugin. -->","yoast_head_json":{"title":"LPTs Produkter - Tornum","robots":{"index":"index","follow":"follow","max-snippet":"max-snippet:-1","max-image-preview":"max-image-preview:large","max-video-preview":"max-video-preview:-1"},"canonical":"https:\/\/www2.tornum.com\/sv\/lpts-produkter-2\/","og_locale":"sv_SE","og_type":"article","og_title":"LPTs Produkter - Tornum","og_description":"Elevatorer LPT erbjuder specialdesignade elevatorer f\u00f6r industriellt bruk som anpassas efter kundens \u00f6nskem\u00e5l och behov vid utbyte av befintliga elevatorer. V\u00e5ra elevatorer dimansioneras av v\u00e5ra kunniga tekniker, tillverkas i egen verkstad och monteras av v\u00e5ra erfarna mont\u00f6rer. Elevatorskopor, -remmar och drivenheter levereras fr\u00e5n ledande europeiska tillverkare allt f\u00f6r att LPT skall kunna tillhandah\u00e5lla en h\u00f6gkvalitativ slutprodukt till v\u00e5ra kunder. Vi kan \u00e4ven tillhandah\u00e5lla standard elevatorer fr\u00e5n ledande tillverkare p\u00e5 marknaden vid nyinstallationer och utbyggnationer av anl\u00e4ggningar. L\u00e4s mer om Tornums elevatorer h\u00e4r LPTs \u00f6vriga produkter Spannm\u00e5lsr\u00f6r Transport\u00f6rer Aspiration","og_url":"https:\/\/www2.tornum.com\/sv\/lpts-produkter-2\/","og_site_name":"Tornum","article_modified_time":"2018-11-13T14:59:00+00:00","og_image":[{"url":"https:\/\/www2.tornum.com\/uploads\/2018\/11\/tornum-lpt-sortiment-elevatorer.jpg"}],"twitter_card":"summary_large_image","twitter_misc":{"Est. reading time":"1 minute"},"schema":{"@context":"https:\/\/schema.org","@graph":[{"@type":"WebPage","@id":"https:\/\/www2.tornum.com\/sv\/lpts-produkter-2\/","url":"https:\/\/www2.tornum.com\/sv\/lpts-produkter-2\/","name":"LPTs Produkter - Tornum","isPartOf":{"@id":"https:\/\/www2.tornum.com\/hu\/#website"},"datePublished":"2018-11-13T14:26:19+00:00","dateModified":"2018-11-13T14:59:00+00:00","breadcrumb":{"@id":"https:\/\/www2.tornum.com\/sv\/lpts-produkter-2\/#breadcrumb"},"inLanguage":"sv-SE","potentialAction":[{"@type":"ReadAction","target":["https:\/\/www2.tornum.com\/sv\/lpts-produkter-2\/"]}]},{"@type":"BreadcrumbList","@id":"https:\/\/www2.tornum.com\/sv\/lpts-produkter-2\/#breadcrumb","itemListElement":[{"@type":"ListItem","position":1,"name":"Home","item":"https:\/\/www2.tornum.com\/sv\/"},{"@type":"ListItem","position":2,"name":"LPTs Produkter"}]},{"@type":"WebSite","@id":"https:\/\/www2.tornum.com\/hu\/#website","url":"https:\/\/www2.tornum.com\/hu\/","name":"Tornum","description":"","potentialAction":[{"@type":"SearchAction","target":{"@type":"EntryPoint","urlTemplate":"https:\/\/www2.tornum.com\/hu\/?s={search_term_string}"},"query-input":"required name=search_term_string"}],"inLanguage":"sv-SE"}]}},"_links":{"self":[{"href":"https:\/\/www2.tornum.com\/sv\/wp-json\/wp\/v2\/pages\/37104"}],"collection":[{"href":"https:\/\/www2.tornum.com\/sv\/wp-json\/wp\/v2\/pages"}],"about":[{"href":"https:\/\/www2.tornum.com\/sv\/wp-json\/wp\/v2\/types\/page"}],"author":[{"embeddable":true,"href":"https:\/\/www2.tornum.com\/sv\/wp-json\/wp\/v2\/users\/3"}],"replies":[{"embeddable":true,"href":"https:\/\/www2.tornum.com\/sv\/wp-json\/wp\/v2\/comments?post=37104"}],"version-history":[{"count":2,"href":"https:\/\/www2.tornum.com\/sv\/wp-json\/wp\/v2\/pages\/37104\/revisions"}],"predecessor-version":[{"id":37118,"href":"https:\/\/www2.tornum.com\/sv\/wp-json\/wp\/v2\/pages\/37104\/revisions\/37118"}],"wp:attachment":[{"href":"https:\/\/www2.tornum.com\/sv\/wp-json\/wp\/v2\/media?parent=37104"}],"curies":[{"name":"wp","href":"https:\/\/api.w.org\/{rel}","templated":true}]}}