{"id":37112,"date":"2018-11-13T15:49:30","date_gmt":"2018-11-13T14:49:30","guid":{"rendered":"https:\/\/www2.tornum.com\/?page_id=37112"},"modified":"2018-11-13T15:50:12","modified_gmt":"2018-11-13T14:50:12","slug":"lpts-produkter-4","status":"publish","type":"page","link":"https:\/\/www2.tornum.com\/sv\/lpts-produkter-4\/","title":{"rendered":"LPTs Produkter"},"content":{"rendered":"<h3>Aspiration<\/h3>\n<p>F\u00f6r att h\u00e5lla en god arbetsmilj\u00f6 och h\u00f6g kvalitet p\u00e5 sin produkt kr\u00e4ver moderna spannm\u00e5lsanl\u00e4ggningar en effektiv aspiration av tippgropar, processmaskiner och transportutrustning. LPT kan tillsammans med v\u00e4lrenumerade filtertillverkare leverera och montera helhetsl\u00f6sningar f\u00f6r aspiration med focus p\u00e5 energieffektivisering och verkningsgrad.<\/p>\n<p><a href=\"https:\/\/www2.tornum.com\/uploads\/2018\/11\/tornum-lpt-sortiment-aspiration-1.jpg\"><img loading=\"lazy\" class=\"alignnone size-large wp-image-36930\" src=\"https:\/\/www2.tornum.com\/uploads\/2018\/11\/tornum-lpt-sortiment-aspiration-1-1024x768.jpg\" alt=\"\" width=\"1024\" height=\"768\" srcset=\"https:\/\/www2.tornum.com\/uploads\/2018\/11\/tornum-lpt-sortiment-aspiration-1-1024x768.jpg 1024w, https:\/\/www2.tornum.com\/uploads\/2018\/11\/tornum-lpt-sortiment-aspiration-1-300x225.jpg 300w, https:\/\/www2.tornum.com\/uploads\/2018\/11\/tornum-lpt-sortiment-aspiration-1-768x576.jpg 768w\" sizes=\"(max-width: 1024px) 100vw, 1024px\" \/><\/a><\/p>\n<p>Vi erbjuder \u00e4ven l\u00f6sningar f\u00f6r att h\u00f6ja verkningsgraden och energi effektivisera befintliga filter genom ombyggnationer och utbyte av gamla rebbl\u00e5sningsramper.<\/p>\n<p><a href=\"https:\/\/www2.tornum.com\/uploads\/2018\/11\/tornum-lpt-sortiment-aspiration-2.jpg\"><img loading=\"lazy\" class=\"alignnone size-large wp-image-36939\" src=\"https:\/\/www2.tornum.com\/uploads\/2018\/11\/tornum-lpt-sortiment-aspiration-2-1024x768.jpg\" alt=\"\" width=\"1024\" height=\"768\" srcset=\"https:\/\/www2.tornum.com\/uploads\/2018\/11\/tornum-lpt-sortiment-aspiration-2-1024x768.jpg 1024w, https:\/\/www2.tornum.com\/uploads\/2018\/11\/tornum-lpt-sortiment-aspiration-2-300x225.jpg 300w, https:\/\/www2.tornum.com\/uploads\/2018\/11\/tornum-lpt-sortiment-aspiration-2-768x576.jpg 768w\" sizes=\"(max-width: 1024px) 100vw, 1024px\" \/><\/a><\/p>\n<p>L\u00e4s mer om Tornums <a href=\"https:\/\/www2.tornum.com\/sv\/product\/aspirator\/\">aspirationer<\/a> och <a href=\"https:\/\/www2.tornum.com\/sv\/product\/aspiration-filter-systems\/\">filter h\u00e4r<\/a><\/p>\n<p><strong><a href=\"https:\/\/www2.tornum.com\/sv\/lpt\/\">LPT<\/a>s \u00f6vriga produkter<\/strong><\/p>\n<ul>\n<li><strong><a href=\"https:\/\/www2.tornum.com\/sv\/lpts-produkter\/\">Spannm\u00e5lsr\u00f6r<\/a><\/strong><\/li>\n<li><strong><a href=\"https:\/\/www2.tornum.com\/sv\/lpts-produkter-2\/\">Elevatorer<\/a><\/strong><\/li>\n<li><a href=\"https:\/\/www2.tornum.com\/sv\/lpts-produkter-3\/\"><strong>Transport\u00f6rer<\/strong><\/a><\/li>\n<\/ul>\n","protected":false},"excerpt":{"rendered":"<p>Aspiration F\u00f6r att h\u00e5lla en god arbetsmilj\u00f6 och h\u00f6g kvalitet p\u00e5 sin produkt kr\u00e4ver moderna spannm\u00e5lsanl\u00e4ggningar en effektiv aspiration av tippgropar, processmaskiner och transportutrustning. LPT kan tillsammans med v\u00e4lrenumerade filtertillverkare leverera och montera helhetsl\u00f6sningar f\u00f6r aspiration med focus p\u00e5 energieffektivisering och verkningsgrad. Vi erbjuder \u00e4ven l\u00f6sningar f\u00f6r att h\u00f6ja verkningsgraden och energi effektivisera befintliga filter genom ombyggnationer och utbyte av gamla rebbl\u00e5sningsramper. L\u00e4s mer om Tornums aspirationer och filter h\u00e4r LPTs \u00f6vriga produkter Spannm\u00e5lsr\u00f6r Elevatorer Transport\u00f6rer<\/p>\n","protected":false},"author":3,"featured_media":0,"parent":0,"menu_order":0,"comment_status":"closed","ping_status":"closed","template":"","meta":[],"acf":[],"yoast_head":"<!-- This site is optimized with the Yoast SEO plugin v19.10 - https:\/\/yoast.com\/wordpress\/plugins\/seo\/ -->\n<title>LPTs Produkter - Tornum<\/title>\n<meta name=\"robots\" content=\"index, follow, max-snippet:-1, max-image-preview:large, max-video-preview:-1\" \/>\n<link rel=\"canonical\" href=\"https:\/\/www2.tornum.com\/sv\/lpts-produkter-4\/\" \/>\n<meta property=\"og:locale\" content=\"sv_SE\" \/>\n<meta property=\"og:type\" content=\"article\" \/>\n<meta property=\"og:title\" content=\"LPTs Produkter - Tornum\" \/>\n<meta property=\"og:description\" content=\"Aspiration F\u00f6r att h\u00e5lla en god arbetsmilj\u00f6 och h\u00f6g kvalitet p\u00e5 sin produkt kr\u00e4ver moderna spannm\u00e5lsanl\u00e4ggningar en effektiv aspiration av tippgropar, processmaskiner och transportutrustning. LPT kan tillsammans med v\u00e4lrenumerade filtertillverkare leverera och montera helhetsl\u00f6sningar f\u00f6r aspiration med focus p\u00e5 energieffektivisering och verkningsgrad. Vi erbjuder \u00e4ven l\u00f6sningar f\u00f6r att h\u00f6ja verkningsgraden och energi effektivisera befintliga filter genom ombyggnationer och utbyte av gamla rebbl\u00e5sningsramper. L\u00e4s mer om Tornums aspirationer och filter h\u00e4r LPTs \u00f6vriga produkter Spannm\u00e5lsr\u00f6r Elevatorer Transport\u00f6rer\" \/>\n<meta property=\"og:url\" content=\"https:\/\/www2.tornum.com\/sv\/lpts-produkter-4\/\" \/>\n<meta property=\"og:site_name\" content=\"Tornum\" \/>\n<meta property=\"article:modified_time\" content=\"2018-11-13T14:50:12+00:00\" \/>\n<meta property=\"og:image\" content=\"https:\/\/www2.tornum.com\/uploads\/2018\/11\/tornum-lpt-sortiment-aspiration-1-1024x768.jpg\" \/>\n<meta name=\"twitter:card\" content=\"summary_large_image\" \/>\n<script type=\"application\/ld+json\" class=\"yoast-schema-graph\">{\"@context\":\"https:\/\/schema.org\",\"@graph\":[{\"@type\":\"WebPage\",\"@id\":\"https:\/\/www2.tornum.com\/sv\/lpts-produkter-4\/\",\"url\":\"https:\/\/www2.tornum.com\/sv\/lpts-produkter-4\/\",\"name\":\"LPTs Produkter - Tornum\",\"isPartOf\":{\"@id\":\"https:\/\/www2.tornum.com\/hu\/#website\"},\"datePublished\":\"2018-11-13T14:49:30+00:00\",\"dateModified\":\"2018-11-13T14:50:12+00:00\",\"breadcrumb\":{\"@id\":\"https:\/\/www2.tornum.com\/sv\/lpts-produkter-4\/#breadcrumb\"},\"inLanguage\":\"sv-SE\",\"potentialAction\":[{\"@type\":\"ReadAction\",\"target\":[\"https:\/\/www2.tornum.com\/sv\/lpts-produkter-4\/\"]}]},{\"@type\":\"BreadcrumbList\",\"@id\":\"https:\/\/www2.tornum.com\/sv\/lpts-produkter-4\/#breadcrumb\",\"itemListElement\":[{\"@type\":\"ListItem\",\"position\":1,\"name\":\"Home\",\"item\":\"https:\/\/www2.tornum.com\/sv\/\"},{\"@type\":\"ListItem\",\"position\":2,\"name\":\"LPTs Produkter\"}]},{\"@type\":\"WebSite\",\"@id\":\"https:\/\/www2.tornum.com\/hu\/#website\",\"url\":\"https:\/\/www2.tornum.com\/hu\/\",\"name\":\"Tornum\",\"description\":\"\",\"potentialAction\":[{\"@type\":\"SearchAction\",\"target\":{\"@type\":\"EntryPoint\",\"urlTemplate\":\"https:\/\/www2.tornum.com\/hu\/?s={search_term_string}\"},\"query-input\":\"required name=search_term_string\"}],\"inLanguage\":\"sv-SE\"}]}<\/script>\n<!-- \/ Yoast SEO plugin. -->","yoast_head_json":{"title":"LPTs Produkter - Tornum","robots":{"index":"index","follow":"follow","max-snippet":"max-snippet:-1","max-image-preview":"max-image-preview:large","max-video-preview":"max-video-preview:-1"},"canonical":"https:\/\/www2.tornum.com\/sv\/lpts-produkter-4\/","og_locale":"sv_SE","og_type":"article","og_title":"LPTs Produkter - Tornum","og_description":"Aspiration F\u00f6r att h\u00e5lla en god arbetsmilj\u00f6 och h\u00f6g kvalitet p\u00e5 sin produkt kr\u00e4ver moderna spannm\u00e5lsanl\u00e4ggningar en effektiv aspiration av tippgropar, processmaskiner och transportutrustning. LPT kan tillsammans med v\u00e4lrenumerade filtertillverkare leverera och montera helhetsl\u00f6sningar f\u00f6r aspiration med focus p\u00e5 energieffektivisering och verkningsgrad. Vi erbjuder \u00e4ven l\u00f6sningar f\u00f6r att h\u00f6ja verkningsgraden och energi effektivisera befintliga filter genom ombyggnationer och utbyte av gamla rebbl\u00e5sningsramper. L\u00e4s mer om Tornums aspirationer och filter h\u00e4r LPTs \u00f6vriga produkter Spannm\u00e5lsr\u00f6r Elevatorer Transport\u00f6rer","og_url":"https:\/\/www2.tornum.com\/sv\/lpts-produkter-4\/","og_site_name":"Tornum","article_modified_time":"2018-11-13T14:50:12+00:00","og_image":[{"url":"https:\/\/www2.tornum.com\/uploads\/2018\/11\/tornum-lpt-sortiment-aspiration-1-1024x768.jpg"}],"twitter_card":"summary_large_image","schema":{"@context":"https:\/\/schema.org","@graph":[{"@type":"WebPage","@id":"https:\/\/www2.tornum.com\/sv\/lpts-produkter-4\/","url":"https:\/\/www2.tornum.com\/sv\/lpts-produkter-4\/","name":"LPTs Produkter - Tornum","isPartOf":{"@id":"https:\/\/www2.tornum.com\/hu\/#website"},"datePublished":"2018-11-13T14:49:30+00:00","dateModified":"2018-11-13T14:50:12+00:00","breadcrumb":{"@id":"https:\/\/www2.tornum.com\/sv\/lpts-produkter-4\/#breadcrumb"},"inLanguage":"sv-SE","potentialAction":[{"@type":"ReadAction","target":["https:\/\/www2.tornum.com\/sv\/lpts-produkter-4\/"]}]},{"@type":"BreadcrumbList","@id":"https:\/\/www2.tornum.com\/sv\/lpts-produkter-4\/#breadcrumb","itemListElement":[{"@type":"ListItem","position":1,"name":"Home","item":"https:\/\/www2.tornum.com\/sv\/"},{"@type":"ListItem","position":2,"name":"LPTs Produkter"}]},{"@type":"WebSite","@id":"https:\/\/www2.tornum.com\/hu\/#website","url":"https:\/\/www2.tornum.com\/hu\/","name":"Tornum","description":"","potentialAction":[{"@type":"SearchAction","target":{"@type":"EntryPoint","urlTemplate":"https:\/\/www2.tornum.com\/hu\/?s={search_term_string}"},"query-input":"required name=search_term_string"}],"inLanguage":"sv-SE"}]}},"_links":{"self":[{"href":"https:\/\/www2.tornum.com\/sv\/wp-json\/wp\/v2\/pages\/37112"}],"collection":[{"href":"https:\/\/www2.tornum.com\/sv\/wp-json\/wp\/v2\/pages"}],"about":[{"href":"https:\/\/www2.tornum.com\/sv\/wp-json\/wp\/v2\/types\/page"}],"author":[{"embeddable":true,"href":"https:\/\/www2.tornum.com\/sv\/wp-json\/wp\/v2\/users\/3"}],"replies":[{"embeddable":true,"href":"https:\/\/www2.tornum.com\/sv\/wp-json\/wp\/v2\/comments?post=37112"}],"version-history":[{"count":2,"href":"https:\/\/www2.tornum.com\/sv\/wp-json\/wp\/v2\/pages\/37112\/revisions"}],"predecessor-version":[{"id":37114,"href":"https:\/\/www2.tornum.com\/sv\/wp-json\/wp\/v2\/pages\/37112\/revisions\/37114"}],"wp:attachment":[{"href":"https:\/\/www2.tornum.com\/sv\/wp-json\/wp\/v2\/media?parent=37112"}],"curies":[{"name":"wp","href":"https:\/\/api.w.org\/{rel}","templated":true}]}}