{"id":37382,"date":"2018-11-29T08:34:37","date_gmt":"2018-11-29T07:34:37","guid":{"rendered":"https:\/\/www2.tornum.com\/service-2018-19\/"},"modified":"2019-02-28T12:09:43","modified_gmt":"2019-02-28T11:09:43","slug":"service-2018-19","status":"publish","type":"page","link":"https:\/\/www2.tornum.com\/sv\/service-2018-19\/","title":{"rendered":"Service 2018\/19"},"content":{"rendered":"<h3>Villkor<\/h3>\n<p><strong>Definition \u201dService\u201d<\/strong><br \/>\nMed \u201dService\u201d menas \u00f6versyn, kontroll och justering vid behov av mekanisk utrustning s\u00e5som t.ex. transportutrustning f\u00f6r spannm\u00e5l.<\/p>\n<p><strong>Allm\u00e4nna villkor<\/strong><br \/>\nNR 15 &#8211; Allm\u00e4nna best\u00e4mmelser f\u00f6r Avhj\u00e4lpande Underh\u00e5ll<\/p>\n<p><strong>F\u00f6ruts\u00e4ttningar f\u00f6rs\u00e4songsrabatt<\/strong><br \/>\nBokning av service senast 2018-12-31.<br \/>\nG\u00e4ller endast vid ett servicetillf\u00e4lle under perioden oktober 2018 till februari 2019.<br \/>\n10% rabatt g\u00e4ller f\u00f6r arbetstid.<br \/>\nF\u00f6r restid, milers\u00e4ttning , traktamente och boende till\u00e4mpas ordinarie prislista.<br \/>\nF\u00f6rs\u00e4songsrabatt g\u00e4ller endast vid servicetillf\u00e4llet, vid tillkommande bokningar av reparationer i samband med service g\u00e4ller ordinarie prislista.<br \/>\nTornum f\u00f6rbeh\u00e5ller sig r\u00e4tten att best\u00e4mma tidpunkt f\u00f6r servicetillf\u00e4llet.<br \/>\nBest\u00e4llare meddelas senast en vecka f\u00f6re utf\u00f6rande.<br \/>\nVad som skall som skall utf\u00f6ras vid servicetillf\u00e4llet sker i samr\u00e5d mellan Best\u00e4llare och Tornum.<\/p>\n<p><strong>Protokoll\/utf\u00f6rande<\/strong><br \/>\nVid servicetillf\u00e4llet uppr\u00e4ttas ett protokoll av tekniker p\u00e5 vad som utf\u00f6rts.<br \/>\nKontroll\/\u00f6versyn av mekanisk utrustning s\u00e5som f\u00f6rdelare, spj\u00e4ll, transport\u00f6rer, elevatorer, spannm\u00e5lsr\u00f6r etc.<br \/>\nJustering och str\u00e4ckning av kedja\/rem vid behov, anm\u00e4rkning p\u00e5 protokoll om reparation\/byte av delar rekommenderas.<br \/>\nService p\u00e5 panna utf\u00f6res inte av Tornum\u00b4s personal men kan f\u00f6rmedlas eller ombes\u00f6rjas av lokal olje\/gas installat\u00f6r.<\/p>\n<p>Tveka inte att <a href=\"https:\/\/www2.tornum.com\/sv\/contact\/sverige\/\">kontakta oss<\/a> vid fr\u00e5gor<\/p>\n","protected":false},"excerpt":{"rendered":"<p>Villkor Definition \u201dService\u201d Med \u201dService\u201d menas \u00f6versyn, kontroll och justering vid behov av mekanisk utrustning s\u00e5som t.ex. transportutrustning f\u00f6r spannm\u00e5l. Allm\u00e4nna villkor NR 15 &#8211; Allm\u00e4nna best\u00e4mmelser f\u00f6r Avhj\u00e4lpande Underh\u00e5ll F\u00f6ruts\u00e4ttningar f\u00f6rs\u00e4songsrabatt Bokning av service senast 2018-12-31. G\u00e4ller endast vid ett servicetillf\u00e4lle under perioden oktober 2018 till februari 2019. 10% rabatt g\u00e4ller f\u00f6r arbetstid. F\u00f6r restid, milers\u00e4ttning , traktamente och boende till\u00e4mpas ordinarie prislista. F\u00f6rs\u00e4songsrabatt g\u00e4ller endast vid servicetillf\u00e4llet, vid tillkommande bokningar av reparationer i samband med service g\u00e4ller ordinarie prislista. Tornum f\u00f6rbeh\u00e5ller sig r\u00e4tten att best\u00e4mma tidpunkt f\u00f6r servicetillf\u00e4llet. Best\u00e4llare meddelas senast en vecka f\u00f6re utf\u00f6rande. Vad som skall som&#8230;<\/p>\n","protected":false},"author":3,"featured_media":37357,"parent":0,"menu_order":0,"comment_status":"closed","ping_status":"closed","template":"","meta":[],"acf":[],"yoast_head":"<!-- This site is optimized with the Yoast SEO plugin v19.10 - https:\/\/yoast.com\/wordpress\/plugins\/seo\/ -->\n<title>Service 2018\/19 - Tornum<\/title>\n<meta name=\"robots\" content=\"index, follow, max-snippet:-1, max-image-preview:large, max-video-preview:-1\" \/>\n<link rel=\"canonical\" href=\"https:\/\/www2.tornum.com\/sv\/service-2018-19\/\" \/>\n<meta property=\"og:locale\" content=\"sv_SE\" \/>\n<meta property=\"og:type\" content=\"article\" \/>\n<meta property=\"og:title\" content=\"Service 2018\/19 - Tornum\" \/>\n<meta property=\"og:description\" content=\"Villkor Definition \u201dService\u201d Med \u201dService\u201d menas \u00f6versyn, kontroll och justering vid behov av mekanisk utrustning s\u00e5som t.ex. transportutrustning f\u00f6r spannm\u00e5l. Allm\u00e4nna villkor NR 15 &#8211; Allm\u00e4nna best\u00e4mmelser f\u00f6r Avhj\u00e4lpande Underh\u00e5ll F\u00f6ruts\u00e4ttningar f\u00f6rs\u00e4songsrabatt Bokning av service senast 2018-12-31. G\u00e4ller endast vid ett servicetillf\u00e4lle under perioden oktober 2018 till februari 2019. 10% rabatt g\u00e4ller f\u00f6r arbetstid. F\u00f6r restid, milers\u00e4ttning , traktamente och boende till\u00e4mpas ordinarie prislista. F\u00f6rs\u00e4songsrabatt g\u00e4ller endast vid servicetillf\u00e4llet, vid tillkommande bokningar av reparationer i samband med service g\u00e4ller ordinarie prislista. Tornum f\u00f6rbeh\u00e5ller sig r\u00e4tten att best\u00e4mma tidpunkt f\u00f6r servicetillf\u00e4llet. Best\u00e4llare meddelas senast en vecka f\u00f6re utf\u00f6rande. Vad som skall som...\" \/>\n<meta property=\"og:url\" content=\"https:\/\/www2.tornum.com\/sv\/service-2018-19\/\" \/>\n<meta property=\"og:site_name\" content=\"Tornum\" \/>\n<meta property=\"article:modified_time\" content=\"2019-02-28T11:09:43+00:00\" \/>\n<meta property=\"og:image\" content=\"https:\/\/www2.tornum.com\/uploads\/2018\/11\/nyheter-servicekampanj-2018.jpg\" \/>\n\t<meta property=\"og:image:width\" content=\"1491\" \/>\n\t<meta property=\"og:image:height\" content=\"838\" \/>\n\t<meta property=\"og:image:type\" content=\"image\/jpeg\" \/>\n<meta name=\"twitter:card\" content=\"summary_large_image\" \/>\n<meta name=\"twitter:label1\" content=\"Est. reading time\" \/>\n\t<meta name=\"twitter:data1\" content=\"1 minute\" \/>\n<script type=\"application\/ld+json\" class=\"yoast-schema-graph\">{\"@context\":\"https:\/\/schema.org\",\"@graph\":[{\"@type\":\"WebPage\",\"@id\":\"https:\/\/www2.tornum.com\/sv\/service-2018-19\/\",\"url\":\"https:\/\/www2.tornum.com\/sv\/service-2018-19\/\",\"name\":\"Service 2018\/19 - Tornum\",\"isPartOf\":{\"@id\":\"https:\/\/www2.tornum.com\/sv\/#website\"},\"datePublished\":\"2018-11-29T07:34:37+00:00\",\"dateModified\":\"2019-02-28T11:09:43+00:00\",\"breadcrumb\":{\"@id\":\"https:\/\/www2.tornum.com\/sv\/service-2018-19\/#breadcrumb\"},\"inLanguage\":\"sv-SE\",\"potentialAction\":[{\"@type\":\"ReadAction\",\"target\":[\"https:\/\/www2.tornum.com\/sv\/service-2018-19\/\"]}]},{\"@type\":\"BreadcrumbList\",\"@id\":\"https:\/\/www2.tornum.com\/sv\/service-2018-19\/#breadcrumb\",\"itemListElement\":[{\"@type\":\"ListItem\",\"position\":1,\"name\":\"Home\",\"item\":\"https:\/\/www2.tornum.com\/sv\/\"},{\"@type\":\"ListItem\",\"position\":2,\"name\":\"Service 2018\/19\"}]},{\"@type\":\"WebSite\",\"@id\":\"https:\/\/www2.tornum.com\/sv\/#website\",\"url\":\"https:\/\/www2.tornum.com\/sv\/\",\"name\":\"Tornum\",\"description\":\"\",\"potentialAction\":[{\"@type\":\"SearchAction\",\"target\":{\"@type\":\"EntryPoint\",\"urlTemplate\":\"https:\/\/www2.tornum.com\/sv\/?s={search_term_string}\"},\"query-input\":\"required name=search_term_string\"}],\"inLanguage\":\"sv-SE\"}]}<\/script>\n<!-- \/ Yoast SEO plugin. -->","yoast_head_json":{"title":"Service 2018\/19 - Tornum","robots":{"index":"index","follow":"follow","max-snippet":"max-snippet:-1","max-image-preview":"max-image-preview:large","max-video-preview":"max-video-preview:-1"},"canonical":"https:\/\/www2.tornum.com\/sv\/service-2018-19\/","og_locale":"sv_SE","og_type":"article","og_title":"Service 2018\/19 - Tornum","og_description":"Villkor Definition \u201dService\u201d Med \u201dService\u201d menas \u00f6versyn, kontroll och justering vid behov av mekanisk utrustning s\u00e5som t.ex. transportutrustning f\u00f6r spannm\u00e5l. Allm\u00e4nna villkor NR 15 &#8211; Allm\u00e4nna best\u00e4mmelser f\u00f6r Avhj\u00e4lpande Underh\u00e5ll F\u00f6ruts\u00e4ttningar f\u00f6rs\u00e4songsrabatt Bokning av service senast 2018-12-31. G\u00e4ller endast vid ett servicetillf\u00e4lle under perioden oktober 2018 till februari 2019. 10% rabatt g\u00e4ller f\u00f6r arbetstid. F\u00f6r restid, milers\u00e4ttning , traktamente och boende till\u00e4mpas ordinarie prislista. F\u00f6rs\u00e4songsrabatt g\u00e4ller endast vid servicetillf\u00e4llet, vid tillkommande bokningar av reparationer i samband med service g\u00e4ller ordinarie prislista. Tornum f\u00f6rbeh\u00e5ller sig r\u00e4tten att best\u00e4mma tidpunkt f\u00f6r servicetillf\u00e4llet. Best\u00e4llare meddelas senast en vecka f\u00f6re utf\u00f6rande. Vad som skall som...","og_url":"https:\/\/www2.tornum.com\/sv\/service-2018-19\/","og_site_name":"Tornum","article_modified_time":"2019-02-28T11:09:43+00:00","og_image":[{"width":1491,"height":838,"url":"https:\/\/www2.tornum.com\/uploads\/2018\/11\/nyheter-servicekampanj-2018.jpg","type":"image\/jpeg"}],"twitter_card":"summary_large_image","twitter_misc":{"Est. reading time":"1 minute"},"schema":{"@context":"https:\/\/schema.org","@graph":[{"@type":"WebPage","@id":"https:\/\/www2.tornum.com\/sv\/service-2018-19\/","url":"https:\/\/www2.tornum.com\/sv\/service-2018-19\/","name":"Service 2018\/19 - Tornum","isPartOf":{"@id":"https:\/\/www2.tornum.com\/sv\/#website"},"datePublished":"2018-11-29T07:34:37+00:00","dateModified":"2019-02-28T11:09:43+00:00","breadcrumb":{"@id":"https:\/\/www2.tornum.com\/sv\/service-2018-19\/#breadcrumb"},"inLanguage":"sv-SE","potentialAction":[{"@type":"ReadAction","target":["https:\/\/www2.tornum.com\/sv\/service-2018-19\/"]}]},{"@type":"BreadcrumbList","@id":"https:\/\/www2.tornum.com\/sv\/service-2018-19\/#breadcrumb","itemListElement":[{"@type":"ListItem","position":1,"name":"Home","item":"https:\/\/www2.tornum.com\/sv\/"},{"@type":"ListItem","position":2,"name":"Service 2018\/19"}]},{"@type":"WebSite","@id":"https:\/\/www2.tornum.com\/sv\/#website","url":"https:\/\/www2.tornum.com\/sv\/","name":"Tornum","description":"","potentialAction":[{"@type":"SearchAction","target":{"@type":"EntryPoint","urlTemplate":"https:\/\/www2.tornum.com\/sv\/?s={search_term_string}"},"query-input":"required name=search_term_string"}],"inLanguage":"sv-SE"}]}},"_links":{"self":[{"href":"https:\/\/www2.tornum.com\/sv\/wp-json\/wp\/v2\/pages\/37382"}],"collection":[{"href":"https:\/\/www2.tornum.com\/sv\/wp-json\/wp\/v2\/pages"}],"about":[{"href":"https:\/\/www2.tornum.com\/sv\/wp-json\/wp\/v2\/types\/page"}],"author":[{"embeddable":true,"href":"https:\/\/www2.tornum.com\/sv\/wp-json\/wp\/v2\/users\/3"}],"replies":[{"embeddable":true,"href":"https:\/\/www2.tornum.com\/sv\/wp-json\/wp\/v2\/comments?post=37382"}],"version-history":[{"count":2,"href":"https:\/\/www2.tornum.com\/sv\/wp-json\/wp\/v2\/pages\/37382\/revisions"}],"predecessor-version":[{"id":41407,"href":"https:\/\/www2.tornum.com\/sv\/wp-json\/wp\/v2\/pages\/37382\/revisions\/41407"}],"wp:featuredmedia":[{"embeddable":true,"href":"https:\/\/www2.tornum.com\/sv\/wp-json\/wp\/v2\/media\/37357"}],"wp:attachment":[{"href":"https:\/\/www2.tornum.com\/sv\/wp-json\/wp\/v2\/media?parent=37382"}],"curies":[{"name":"wp","href":"https:\/\/api.w.org\/{rel}","templated":true}]}}