{"id":45545,"date":"2018-01-29T11:21:42","date_gmt":"2018-01-29T10:21:42","guid":{"rendered":"https:\/\/www2.tornum.com\/cookies\/"},"modified":"2019-09-03T15:45:43","modified_gmt":"2019-09-03T13:45:43","slug":"cookies","status":"publish","type":"page","link":"https:\/\/www2.tornum.com\/sv\/cookies\/","title":{"rendered":"Cookies"},"content":{"rendered":"<h3><strong>Cookie Policy<\/strong><\/h3>\n<p><strong>Cookies<\/strong><br \/>\nP\u00e5 tornum.com anv\u00e4nder vi s\u00e5 kallade cookies. En cookie \u00e4r en liten datafil med text som sparas i din webbl\u00e4sare.<\/p>\n<p><strong>Om Cookies<\/strong><br \/>\nCookies anv\u00e4nds f\u00f6r att kunna ge dig som bes\u00f6kare p\u00e5 tornum.com b\u00e4ttre service. En del cookies anv\u00e4nds f\u00f6r att samla statistik om antalet bes\u00f6kare p\u00e5 webbplatsen. Men ocks\u00e5 information om vilket operativsystem, webbl\u00e4sare och version som bes\u00f6karna anv\u00e4nder, vilka sidor som \u00e4r popul\u00e4ra och mindre popul\u00e4ra etc. Denna information g\u00f6r det m\u00f6jligt f\u00f6r oss att utveckla och optimera tornum.com. Cookies av detta slag brukar sparas p\u00e5 din dators h\u00e5rddisk tills du sj\u00e4lv, eller servern som s\u00e4nt dem, raderar dem.<\/p>\n<p><strong>Session cookies<\/strong><br \/>\nSession cookies anv\u00e4nds under den tid du \u00e4r aktiv p\u00e5 webbplatsen. Utan den skulle du tillexempel inte kunna backa i \u201cbli medlem\u201d utan att beh\u00f6va fylla i alla uppgifter p\u00e5 nytt varje g\u00e5ng.<br \/>\nEn \u201csessions-cookie\u201d sparas bara tempor\u00e4rt i din dators arbetsminne och tas automatiskt bort n\u00e4r du st\u00e4nger din webbl\u00e4sare. Om du v\u00e4ljer att st\u00e4nga av cookies kommer inte tornum.com webbplats att fungera s\u00e5 som du som anv\u00e4ndare f\u00f6rv\u00e4ntar dig.<br \/>\nEn vanlig missuppfattning om cookies \u00e4r att det \u00e4r en sorts virus och att webbplatser med hj\u00e4lp av cookies kan ta reda p\u00e5 personlig information fr\u00e5n en dator eller att cookies \u00e4r till f\u00f6r att kunna s\u00e4nda skr\u00e4ppost. Ingenting av detta \u00e4r sant, cookies \u00e4r bara data.<br \/>\nDe flesta webbl\u00e4sare \u00e4r inst\u00e4llda f\u00f6r att till\u00e5ta lagring av cookies. Om du inte vill till\u00e5ta detta kan den st\u00e4ngas av. Information om hur du g\u00f6r detta finns i webbl\u00e4sarens hj\u00e4lpfunktion.<\/p>\n","protected":false},"excerpt":{"rendered":"<p>Cookie Policy Cookies P\u00e5 tornum.com anv\u00e4nder vi s\u00e5 kallade cookies. En cookie \u00e4r en liten datafil med text som sparas i din webbl\u00e4sare. Om Cookies Cookies anv\u00e4nds f\u00f6r att kunna ge dig som bes\u00f6kare p\u00e5 tornum.com b\u00e4ttre service. En del cookies anv\u00e4nds f\u00f6r att samla statistik om antalet bes\u00f6kare p\u00e5 webbplatsen. Men ocks\u00e5 information om vilket operativsystem, webbl\u00e4sare och version som bes\u00f6karna anv\u00e4nder, vilka sidor som \u00e4r popul\u00e4ra och mindre popul\u00e4ra etc. Denna information g\u00f6r det m\u00f6jligt f\u00f6r oss att utveckla och optimera tornum.com. Cookies av detta slag brukar sparas p\u00e5 din dators h\u00e5rddisk tills du sj\u00e4lv, eller servern som s\u00e4nt&#8230;<\/p>\n","protected":false},"author":1,"featured_media":0,"parent":0,"menu_order":0,"comment_status":"closed","ping_status":"closed","template":"","meta":[],"acf":[],"yoast_head":"<!-- This site is optimized with the Yoast SEO plugin v19.10 - https:\/\/yoast.com\/wordpress\/plugins\/seo\/ -->\n<title>Cookies - Tornum<\/title>\n<meta name=\"robots\" content=\"index, follow, max-snippet:-1, max-image-preview:large, max-video-preview:-1\" \/>\n<link rel=\"canonical\" href=\"https:\/\/www2.tornum.com\/sv\/cookies\/\" \/>\n<meta property=\"og:locale\" content=\"sv_SE\" \/>\n<meta property=\"og:type\" content=\"article\" \/>\n<meta property=\"og:title\" content=\"Cookies - Tornum\" \/>\n<meta property=\"og:description\" content=\"Cookie Policy Cookies P\u00e5 tornum.com anv\u00e4nder vi s\u00e5 kallade cookies. En cookie \u00e4r en liten datafil med text som sparas i din webbl\u00e4sare. Om Cookies Cookies anv\u00e4nds f\u00f6r att kunna ge dig som bes\u00f6kare p\u00e5 tornum.com b\u00e4ttre service. En del cookies anv\u00e4nds f\u00f6r att samla statistik om antalet bes\u00f6kare p\u00e5 webbplatsen. Men ocks\u00e5 information om vilket operativsystem, webbl\u00e4sare och version som bes\u00f6karna anv\u00e4nder, vilka sidor som \u00e4r popul\u00e4ra och mindre popul\u00e4ra etc. Denna information g\u00f6r det m\u00f6jligt f\u00f6r oss att utveckla och optimera tornum.com. Cookies av detta slag brukar sparas p\u00e5 din dators h\u00e5rddisk tills du sj\u00e4lv, eller servern som s\u00e4nt...\" \/>\n<meta property=\"og:url\" content=\"https:\/\/www2.tornum.com\/sv\/cookies\/\" \/>\n<meta property=\"og:site_name\" content=\"Tornum\" \/>\n<meta property=\"article:modified_time\" content=\"2019-09-03T13:45:43+00:00\" \/>\n<meta name=\"twitter:card\" content=\"summary_large_image\" \/>\n<meta name=\"twitter:label1\" content=\"Est. reading time\" \/>\n\t<meta name=\"twitter:data1\" content=\"2 minutes\" \/>\n<script type=\"application\/ld+json\" class=\"yoast-schema-graph\">{\"@context\":\"https:\/\/schema.org\",\"@graph\":[{\"@type\":\"WebPage\",\"@id\":\"https:\/\/www2.tornum.com\/sv\/cookies\/\",\"url\":\"https:\/\/www2.tornum.com\/sv\/cookies\/\",\"name\":\"Cookies - Tornum\",\"isPartOf\":{\"@id\":\"https:\/\/www2.tornum.com\/hu\/#website\"},\"datePublished\":\"2018-01-29T10:21:42+00:00\",\"dateModified\":\"2019-09-03T13:45:43+00:00\",\"breadcrumb\":{\"@id\":\"https:\/\/www2.tornum.com\/sv\/cookies\/#breadcrumb\"},\"inLanguage\":\"sv-SE\",\"potentialAction\":[{\"@type\":\"ReadAction\",\"target\":[\"https:\/\/www2.tornum.com\/sv\/cookies\/\"]}]},{\"@type\":\"BreadcrumbList\",\"@id\":\"https:\/\/www2.tornum.com\/sv\/cookies\/#breadcrumb\",\"itemListElement\":[{\"@type\":\"ListItem\",\"position\":1,\"name\":\"Home\",\"item\":\"https:\/\/www2.tornum.com\/sv\/\"},{\"@type\":\"ListItem\",\"position\":2,\"name\":\"Cookies\"}]},{\"@type\":\"WebSite\",\"@id\":\"https:\/\/www2.tornum.com\/hu\/#website\",\"url\":\"https:\/\/www2.tornum.com\/hu\/\",\"name\":\"Tornum\",\"description\":\"\",\"potentialAction\":[{\"@type\":\"SearchAction\",\"target\":{\"@type\":\"EntryPoint\",\"urlTemplate\":\"https:\/\/www2.tornum.com\/hu\/?s={search_term_string}\"},\"query-input\":\"required name=search_term_string\"}],\"inLanguage\":\"sv-SE\"}]}<\/script>\n<!-- \/ Yoast SEO plugin. -->","yoast_head_json":{"title":"Cookies - Tornum","robots":{"index":"index","follow":"follow","max-snippet":"max-snippet:-1","max-image-preview":"max-image-preview:large","max-video-preview":"max-video-preview:-1"},"canonical":"https:\/\/www2.tornum.com\/sv\/cookies\/","og_locale":"sv_SE","og_type":"article","og_title":"Cookies - Tornum","og_description":"Cookie Policy Cookies P\u00e5 tornum.com anv\u00e4nder vi s\u00e5 kallade cookies. En cookie \u00e4r en liten datafil med text som sparas i din webbl\u00e4sare. Om Cookies Cookies anv\u00e4nds f\u00f6r att kunna ge dig som bes\u00f6kare p\u00e5 tornum.com b\u00e4ttre service. En del cookies anv\u00e4nds f\u00f6r att samla statistik om antalet bes\u00f6kare p\u00e5 webbplatsen. Men ocks\u00e5 information om vilket operativsystem, webbl\u00e4sare och version som bes\u00f6karna anv\u00e4nder, vilka sidor som \u00e4r popul\u00e4ra och mindre popul\u00e4ra etc. Denna information g\u00f6r det m\u00f6jligt f\u00f6r oss att utveckla och optimera tornum.com. Cookies av detta slag brukar sparas p\u00e5 din dators h\u00e5rddisk tills du sj\u00e4lv, eller servern som s\u00e4nt...","og_url":"https:\/\/www2.tornum.com\/sv\/cookies\/","og_site_name":"Tornum","article_modified_time":"2019-09-03T13:45:43+00:00","twitter_card":"summary_large_image","twitter_misc":{"Est. reading time":"2 minutes"},"schema":{"@context":"https:\/\/schema.org","@graph":[{"@type":"WebPage","@id":"https:\/\/www2.tornum.com\/sv\/cookies\/","url":"https:\/\/www2.tornum.com\/sv\/cookies\/","name":"Cookies - Tornum","isPartOf":{"@id":"https:\/\/www2.tornum.com\/hu\/#website"},"datePublished":"2018-01-29T10:21:42+00:00","dateModified":"2019-09-03T13:45:43+00:00","breadcrumb":{"@id":"https:\/\/www2.tornum.com\/sv\/cookies\/#breadcrumb"},"inLanguage":"sv-SE","potentialAction":[{"@type":"ReadAction","target":["https:\/\/www2.tornum.com\/sv\/cookies\/"]}]},{"@type":"BreadcrumbList","@id":"https:\/\/www2.tornum.com\/sv\/cookies\/#breadcrumb","itemListElement":[{"@type":"ListItem","position":1,"name":"Home","item":"https:\/\/www2.tornum.com\/sv\/"},{"@type":"ListItem","position":2,"name":"Cookies"}]},{"@type":"WebSite","@id":"https:\/\/www2.tornum.com\/hu\/#website","url":"https:\/\/www2.tornum.com\/hu\/","name":"Tornum","description":"","potentialAction":[{"@type":"SearchAction","target":{"@type":"EntryPoint","urlTemplate":"https:\/\/www2.tornum.com\/hu\/?s={search_term_string}"},"query-input":"required name=search_term_string"}],"inLanguage":"sv-SE"}]}},"_links":{"self":[{"href":"https:\/\/www2.tornum.com\/sv\/wp-json\/wp\/v2\/pages\/45545"}],"collection":[{"href":"https:\/\/www2.tornum.com\/sv\/wp-json\/wp\/v2\/pages"}],"about":[{"href":"https:\/\/www2.tornum.com\/sv\/wp-json\/wp\/v2\/types\/page"}],"author":[{"embeddable":true,"href":"https:\/\/www2.tornum.com\/sv\/wp-json\/wp\/v2\/users\/1"}],"replies":[{"embeddable":true,"href":"https:\/\/www2.tornum.com\/sv\/wp-json\/wp\/v2\/comments?post=45545"}],"version-history":[{"count":2,"href":"https:\/\/www2.tornum.com\/sv\/wp-json\/wp\/v2\/pages\/45545\/revisions"}],"predecessor-version":[{"id":45547,"href":"https:\/\/www2.tornum.com\/sv\/wp-json\/wp\/v2\/pages\/45545\/revisions\/45547"}],"wp:attachment":[{"href":"https:\/\/www2.tornum.com\/sv\/wp-json\/wp\/v2\/media?parent=45545"}],"curies":[{"name":"wp","href":"https:\/\/api.w.org\/{rel}","templated":true}]}}