{"id":47089,"date":"2022-06-26T22:11:35","date_gmt":"2022-06-26T20:11:35","guid":{"rendered":"https:\/\/www2.tornum.com\/?page_id=47089"},"modified":"2023-04-26T15:26:48","modified_gmt":"2023-04-26T13:26:48","slug":"kom-i-kontakt-med-oss","status":"publish","type":"page","link":"https:\/\/www2.tornum.com\/sv\/kom-i-kontakt-med-oss\/","title":{"rendered":"KOM I KONTAKT MED OSS"},"content":{"rendered":"<p>[vc_row full_width=&#8221;stretch_row_content_no_spaces&#8221; css=&#8221;.vc_custom_1656275241667{padding-top: 200px !important;padding-bottom: 200px !important;background-image: url(http:\/\/www2.tornum.com\/uploads\/2022\/06\/building-scaled.jpg?id=47102) !important;background-position: center !important;background-repeat: no-repeat !important;background-size: cover !important;}&#8221;][vc_column width=&#8221;1\/3&#8243;][\/vc_column][vc_column width=&#8221;1\/3&#8243; css=&#8221;.vc_custom_1656275081130{padding-top: 30px !important;padding-right: 50px !important;padding-bottom: 30px !important;padding-left: 50px !important;background-color: rgba(255,255,255,0.74) !important;*background-color: rgb(255,255,255) !important;border-radius: 10px !important;}&#8221;]<script type=\"text\/javascript\">\n\/\/----------------------------------------------------------\n\/\/------ JAVASCRIPT HOOK FUNCTIONS FOR GRAVITY FORMS -------\n\/\/----------------------------------------------------------\n\nif ( ! gform ) {\n\tdocument.addEventListener( 'gform_main_scripts_loaded', function() { gform.scriptsLoaded = true; } );\n\twindow.addEventListener( 'DOMContentLoaded', function() { gform.domLoaded = true; } );\n\n\tvar gform = {\n\t\tdomLoaded: false,\n\t\tscriptsLoaded: false,\n\t\tinitializeOnLoaded: function( fn ) {\n\t\t\tif ( gform.domLoaded && gform.scriptsLoaded ) {\n\t\t\t\tfn();\n\t\t\t} else if( ! gform.domLoaded && gform.scriptsLoaded ) {\n\t\t\t\twindow.addEventListener( 'DOMContentLoaded', fn );\n\t\t\t} else {\n\t\t\t\tdocument.addEventListener( 'gform_main_scripts_loaded', fn );\n\t\t\t}\n\t\t},\n\t\thooks: { action: {}, filter: {} },\n\t\taddAction: function( action, callable, priority, tag ) {\n\t\t\tgform.addHook( 'action', action, callable, priority, tag );\n\t\t},\n\t\taddFilter: function( action, callable, priority, tag ) {\n\t\t\tgform.addHook( 'filter', action, callable, priority, tag );\n\t\t},\n\t\tdoAction: function( action ) {\n\t\t\tgform.doHook( 'action', action, arguments );\n\t\t},\n\t\tapplyFilters: function( action ) {\n\t\t\treturn gform.doHook( 'filter', action, arguments );\n\t\t},\n\t\tremoveAction: function( action, tag ) {\n\t\t\tgform.removeHook( 'action', action, tag );\n\t\t},\n\t\tremoveFilter: function( action, priority, tag ) {\n\t\t\tgform.removeHook( 'filter', action, priority, tag );\n\t\t},\n\t\taddHook: function( hookType, action, callable, priority, tag ) {\n\t\t\tif ( undefined == gform.hooks[hookType][action] ) {\n\t\t\t\tgform.hooks[hookType][action] = [];\n\t\t\t}\n\t\t\tvar hooks = gform.hooks[hookType][action];\n\t\t\tif ( undefined == tag ) {\n\t\t\t\ttag = action + '_' + hooks.length;\n\t\t\t}\n\t\t\tif( priority == undefined ){\n\t\t\t\tpriority = 10;\n\t\t\t}\n\n\t\t\tgform.hooks[hookType][action].push( { tag:tag, callable:callable, priority:priority } );\n\t\t},\n\t\tdoHook: function( hookType, action, args ) {\n\n\t\t\t\/\/ splice args from object into array and remove first index which is the hook name\n\t\t\targs = Array.prototype.slice.call(args, 1);\n\n\t\t\tif ( undefined != gform.hooks[hookType][action] ) {\n\t\t\t\tvar hooks = gform.hooks[hookType][action], hook;\n\t\t\t\t\/\/sort by priority\n\t\t\t\thooks.sort(function(a,b){return a[\"priority\"]-b[\"priority\"]});\n\n\t\t\t\thooks.forEach( function( hookItem ) {\n\t\t\t\t\thook = hookItem.callable;\n\n\t\t\t\t\tif(typeof hook != 'function')\n\t\t\t\t\t\thook = window[hook];\n\t\t\t\t\tif ( 'action' == hookType ) {\n\t\t\t\t\t\thook.apply(null, args);\n\t\t\t\t\t} else {\n\t\t\t\t\t\targs[0] = hook.apply(null, args);\n\t\t\t\t\t}\n\t\t\t\t} );\n\t\t\t}\n\t\t\tif ( 'filter'==hookType ) {\n\t\t\t\treturn args[0];\n\t\t\t}\n\t\t},\n\t\tremoveHook: function( hookType, action, priority, tag ) {\n\t\t\tif ( undefined != gform.hooks[hookType][action] ) {\n\t\t\t\tvar hooks = gform.hooks[hookType][action];\n\t\t\t\thooks = hooks.filter( function(hook, index, arr) {\n\t\t\t\t\tvar removeHook = (undefined==tag||tag==hook.tag) && (undefined==priority||priority==hook.priority);\n\t\t\t\t\treturn !removeHook;\n\t\t\t\t} );\n\t\t\t\tgform.hooks[hookType][action] = hooks;\n\t\t\t}\n\t\t}\n\t};\n}\n<\/script>\n                <div class='gf_browser_gecko gform_wrapper gravity-theme' id='gform_wrapper_5' ><form method='post' enctype='multipart\/form-data'  id='gform_5'  action='\/sv\/wp-json\/wp\/v2\/pages\/47089' > \r\n <input type='hidden' class='gforms-pum' value='{\"closepopup\":false,\"closedelay\":0,\"openpopup\":false,\"openpopup_id\":0}' \/>\n                        <div class='gform_body gform-body'><div id='gform_fields_5' class='gform_fields top_label form_sublabel_below description_below'><div id=\"field_5_1\"  class=\"gfield field_sublabel_below field_description_below gfield_visibility_visible\"  data-js-reload=\"field_5_1\"><label class='gfield_label' for='input_5_1' >Ditt namn<\/label><div class='ginput_container ginput_container_text'><input name='input_1' id='input_5_1' type='text' value='' class='large'      aria-invalid=\"false\"   \/> <\/div><\/div><div id=\"field_5_3\"  class=\"gfield gfield--width-full field_sublabel_below field_description_below gfield_visibility_visible\"  data-js-reload=\"field_5_3\"><label class='gfield_label' for='input_5_3' >Email<\/label><div class='ginput_container ginput_container_email'>\n                            <input name='input_3' id='input_5_3' type='text' value='' class='large'     aria-invalid=\"false\"  \/>\n                        <\/div><\/div><div id=\"field_5_4\"  class=\"gfield gfield--width-full field_sublabel_below field_description_below gfield_visibility_visible\"  data-js-reload=\"field_5_4\"><label class='gfield_label' for='input_5_4' >Telefon<\/label><div class='ginput_container ginput_container_phone'><input name='input_4' id='input_5_4' type='text' value='' class='large'    aria-invalid=\"false\"   \/><\/div><\/div><\/div><\/div>\n        <div class='gform_footer top_label'> <input type='submit' id='gform_submit_button_5' class='gform_button button' value='Kontakta mig'  onclick='if(window[\"gf_submitting_5\"]){return false;}  window[\"gf_submitting_5\"]=true;  ' onkeypress='if( event.keyCode == 13 ){ if(window[\"gf_submitting_5\"]){return false;} window[\"gf_submitting_5\"]=true;  jQuery(\"#gform_5\").trigger(\"submit\",[true]); }' \/> \n            <input type='hidden' class='gform_hidden' name='is_submit_5' value='1' \/>\n            <input type='hidden' class='gform_hidden' name='gform_submit' value='5' \/>\n            \n            <input type='hidden' class='gform_hidden' name='gform_unique_id' value='' \/>\n            <input type='hidden' class='gform_hidden' name='state_5' value='WyJbXSIsIjJjMDQwNjgzNWIwMzNlMmI0MDI4OTBjNDE4M2Y4ZmFhIl0=' \/>\n            <input type='hidden' class='gform_hidden' name='gform_target_page_number_5' id='gform_target_page_number_5' value='0' \/>\n            <input type='hidden' class='gform_hidden' name='gform_source_page_number_5' id='gform_source_page_number_5' value='1' \/>\n            <input type='hidden' name='gform_field_values' value='' \/>\n            \n        <\/div>\n                        <\/form>\n                        <\/div>[\/vc_column][vc_column width=&#8221;1\/3&#8243;][\/vc_column][\/vc_row][vc_row full_width=&#8221;stretch_row_content&#8221;][vc_column width=&#8221;1\/5&#8243;][\/vc_column][vc_column width=&#8221;1\/5&#8243;][vc_single_image image=&#8221;47285&#8243; img_size=&#8221;full&#8221;][vc_column_text]<\/p>\n<h4>Varmt v\u00e4lkomna<br \/>\ntill Borgeby F\u00e4ltdagar 28-29 juni 2023!<\/h4>\n<h4>Onsdag 28 juni kl 9 &#8211; 18<br \/>\nTorsdag 29 juni kl 9 &#8211; 17<\/h4>\n<h4><span style=\"font-weight: 400;\">H\u00e4r hittar ni oss: Monter J84<\/span><\/h4>\n<p>[\/vc_column_text][\/vc_column][vc_column width=&#8221;2\/5&#8243;][vc_single_image image=&#8221;47122&#8243; img_size=&#8221;full&#8221; onclick=&#8221;zoom&#8221;][\/vc_column][vc_column width=&#8221;1\/5&#8243;][\/vc_column][\/vc_row][vc_row full_width=&#8221;stretch_row_content&#8221; css=&#8221;.vc_custom_1656354041219{background-color: #f4f4f4 !important;}&#8221;][vc_column width=&#8221;1\/5&#8243;][\/vc_column][vc_column width=&#8221;1\/5&#8243;][vc_column_text css=&#8221;.vc_custom_1656404029045{padding-top: 20px !important;}&#8221;]<\/p>\n<h3><span style=\"font-weight: 400;\">Vi som st\u00e4ller ut p\u00e5 m\u00e4ssan:<\/span><\/h3>\n<p>[\/vc_column_text][\/vc_column][vc_column width=&#8221;2\/5&#8243;][vc_row_inner][vc_column_inner width=&#8221;1\/3&#8243;][vc_single_image image=&#8221;46840&#8243; img_size=&#8221;full&#8221;][\/vc_column_inner][vc_column_inner width=&#8221;1\/3&#8243;][vc_single_image image=&#8221;47168&#8243; img_size=&#8221;full&#8221;][\/vc_column_inner][vc_column_inner width=&#8221;1\/3&#8243;][vc_single_image image=&#8221;47158&#8243; img_size=&#8221;full&#8221;][\/vc_column_inner][\/vc_row_inner][\/vc_column][vc_column width=&#8221;1\/5&#8243;][\/vc_column][\/vc_row][vc_row][vc_column width=&#8221;1\/4&#8243;][\/vc_column][vc_column width=&#8221;1\/2&#8243;][vc_column_text]<\/p>\n<h5 style=\"text-align: center;\"><span style=\"font-weight: 400;\">Kom i kontakt med oss<br \/>\nE-mail: <a href=\"mailto:info@tornum.se\">info@tornum.se<\/a> | Tel: <\/span><span style=\"font-weight: 400;\">+46 512 291 00<\/span><\/h5>\n<p style=\"text-align: center;\"><span style=\"font-weight: 400;\">\u00a0<\/span><\/p>\n<p>[\/vc_column_text][\/vc_column][vc_column width=&#8221;1\/4&#8243;][\/vc_column][\/vc_row]<\/p>\n","protected":false},"excerpt":{"rendered":"<p>[vc_row full_width=&#8221;stretch_row_content_no_spaces&#8221; css=&#8221;.vc_custom_1656275241667{padding-top: 200px !important;padding-bottom: 200px !important;background-image: url(http:\/\/www2.tornum.com\/uploads\/2022\/06\/building-scaled.jpg?id=47102) !important;background-position: center !important;background-repeat: no-repeat !important;background-size: cover !important;}&#8221;][vc_column width=&#8221;1\/3&#8243;][\/vc_column][vc_column width=&#8221;1\/3&#8243; css=&#8221;.vc_custom_1656275081130{padding-top: 30px !important;padding-right: 50px !important;padding-bottom: 30px !important;padding-left: 50px !important;background-color: rgba(255,255,255,0.74) !important;*background-color: rgb(255,255,255) !important;border-radius: 10px !important;}&#8221;][\/vc_column][vc_column width=&#8221;1\/3&#8243;][\/vc_column][\/vc_row][vc_row full_width=&#8221;stretch_row_content&#8221;][vc_column width=&#8221;1\/5&#8243;][\/vc_column][vc_column width=&#8221;1\/5&#8243;][vc_single_image image=&#8221;47285&#8243; img_size=&#8221;full&#8221;][vc_column_text] Varmt v\u00e4lkomna till Borgeby F\u00e4ltdagar 28-29 juni 2023! Onsdag 28 juni kl 9 &#8211; 18 Torsdag 29 juni kl 9 &#8211; 17 H\u00e4r hittar ni oss: Monter J84 [\/vc_column_text][\/vc_column][vc_column width=&#8221;2\/5&#8243;][vc_single_image image=&#8221;47122&#8243; img_size=&#8221;full&#8221; onclick=&#8221;zoom&#8221;][\/vc_column][vc_column width=&#8221;1\/5&#8243;][\/vc_column][\/vc_row][vc_row full_width=&#8221;stretch_row_content&#8221; css=&#8221;.vc_custom_1656354041219{background-color: #f4f4f4 !important;}&#8221;][vc_column width=&#8221;1\/5&#8243;][\/vc_column][vc_column width=&#8221;1\/5&#8243;][vc_column_text css=&#8221;.vc_custom_1656404029045{padding-top: 20px !important;}&#8221;] Vi som st\u00e4ller ut p\u00e5 m\u00e4ssan: [\/vc_column_text][\/vc_column][vc_column width=&#8221;2\/5&#8243;][vc_row_inner][vc_column_inner width=&#8221;1\/3&#8243;][vc_single_image image=&#8221;46840&#8243; img_size=&#8221;full&#8221;][\/vc_column_inner][vc_column_inner width=&#8221;1\/3&#8243;][vc_single_image image=&#8221;47168&#8243; img_size=&#8221;full&#8221;][\/vc_column_inner][vc_column_inner width=&#8221;1\/3&#8243;][vc_single_image image=&#8221;47158&#8243; img_size=&#8221;full&#8221;][\/vc_column_inner][\/vc_row_inner][\/vc_column][vc_column width=&#8221;1\/5&#8243;][\/vc_column][\/vc_row][vc_row][vc_column width=&#8221;1\/4&#8243;][\/vc_column][vc_column width=&#8221;1\/2&#8243;][vc_column_text]&#8230;<\/p>\n","protected":false},"author":13,"featured_media":0,"parent":0,"menu_order":0,"comment_status":"closed","ping_status":"closed","template":"","meta":[],"acf":[],"yoast_head":"<!-- This site is optimized with the Yoast SEO plugin v19.10 - https:\/\/yoast.com\/wordpress\/plugins\/seo\/ -->\n<title>KOM I KONTAKT MED OSS - Tornum<\/title>\n<meta name=\"robots\" content=\"index, follow, max-snippet:-1, max-image-preview:large, max-video-preview:-1\" \/>\n<link rel=\"canonical\" href=\"https:\/\/www2.tornum.com\/sv\/kom-i-kontakt-med-oss\/\" \/>\n<meta property=\"og:locale\" content=\"sv_SE\" \/>\n<meta property=\"og:type\" content=\"article\" \/>\n<meta property=\"og:title\" content=\"KOM I KONTAKT MED OSS - Tornum\" \/>\n<meta property=\"og:description\" content=\"[vc_row full_width=&#8221;stretch_row_content_no_spaces&#8221; css=&#8221;.vc_custom_1656275241667{padding-top: 200px !important;padding-bottom: 200px !important;background-image: url(http:\/\/www2.tornum.com\/uploads\/2022\/06\/building-scaled.jpg?id=47102) !important;background-position: center !important;background-repeat: no-repeat !important;background-size: cover !important;}&#8221;][vc_column width=&#8221;1\/3&#8243;][\/vc_column][vc_column width=&#8221;1\/3&#8243; css=&#8221;.vc_custom_1656275081130{padding-top: 30px !important;padding-right: 50px !important;padding-bottom: 30px !important;padding-left: 50px !important;background-color: rgba(255,255,255,0.74) !important;*background-color: rgb(255,255,255) !important;border-radius: 10px !important;}&#8221;][\/vc_column][vc_column width=&#8221;1\/3&#8243;][\/vc_column][\/vc_row][vc_row full_width=&#8221;stretch_row_content&#8221;][vc_column width=&#8221;1\/5&#8243;][\/vc_column][vc_column width=&#8221;1\/5&#8243;][vc_single_image image=&#8221;47285&#8243; img_size=&#8221;full&#8221;][vc_column_text] Varmt v\u00e4lkomna till Borgeby F\u00e4ltdagar 28-29 juni 2023! Onsdag 28 juni kl 9 &#8211; 18 Torsdag 29 juni kl 9 &#8211; 17 H\u00e4r hittar ni oss: Monter J84 [\/vc_column_text][\/vc_column][vc_column width=&#8221;2\/5&#8243;][vc_single_image image=&#8221;47122&#8243; img_size=&#8221;full&#8221; onclick=&#8221;zoom&#8221;][\/vc_column][vc_column width=&#8221;1\/5&#8243;][\/vc_column][\/vc_row][vc_row full_width=&#8221;stretch_row_content&#8221; css=&#8221;.vc_custom_1656354041219{background-color: #f4f4f4 !important;}&#8221;][vc_column width=&#8221;1\/5&#8243;][\/vc_column][vc_column width=&#8221;1\/5&#8243;][vc_column_text css=&#8221;.vc_custom_1656404029045{padding-top: 20px !important;}&#8221;] Vi som st\u00e4ller ut p\u00e5 m\u00e4ssan: [\/vc_column_text][\/vc_column][vc_column width=&#8221;2\/5&#8243;][vc_row_inner][vc_column_inner width=&#8221;1\/3&#8243;][vc_single_image image=&#8221;46840&#8243; img_size=&#8221;full&#8221;][\/vc_column_inner][vc_column_inner width=&#8221;1\/3&#8243;][vc_single_image image=&#8221;47168&#8243; img_size=&#8221;full&#8221;][\/vc_column_inner][vc_column_inner width=&#8221;1\/3&#8243;][vc_single_image image=&#8221;47158&#8243; img_size=&#8221;full&#8221;][\/vc_column_inner][\/vc_row_inner][\/vc_column][vc_column width=&#8221;1\/5&#8243;][\/vc_column][\/vc_row][vc_row][vc_column width=&#8221;1\/4&#8243;][\/vc_column][vc_column width=&#8221;1\/2&#8243;][vc_column_text]...\" \/>\n<meta property=\"og:url\" content=\"https:\/\/www2.tornum.com\/sv\/kom-i-kontakt-med-oss\/\" \/>\n<meta property=\"og:site_name\" content=\"Tornum\" \/>\n<meta property=\"article:modified_time\" content=\"2023-04-26T13:26:48+00:00\" \/>\n<meta name=\"twitter:card\" content=\"summary_large_image\" \/>\n<meta name=\"twitter:label1\" content=\"Est. reading time\" \/>\n\t<meta name=\"twitter:data1\" content=\"1 minute\" \/>\n<script type=\"application\/ld+json\" class=\"yoast-schema-graph\">{\"@context\":\"https:\/\/schema.org\",\"@graph\":[{\"@type\":\"WebPage\",\"@id\":\"https:\/\/www2.tornum.com\/sv\/kom-i-kontakt-med-oss\/\",\"url\":\"https:\/\/www2.tornum.com\/sv\/kom-i-kontakt-med-oss\/\",\"name\":\"KOM I KONTAKT MED OSS - Tornum\",\"isPartOf\":{\"@id\":\"https:\/\/www2.tornum.com\/lv\/#website\"},\"datePublished\":\"2022-06-26T20:11:35+00:00\",\"dateModified\":\"2023-04-26T13:26:48+00:00\",\"breadcrumb\":{\"@id\":\"https:\/\/www2.tornum.com\/sv\/kom-i-kontakt-med-oss\/#breadcrumb\"},\"inLanguage\":\"sv-SE\",\"potentialAction\":[{\"@type\":\"ReadAction\",\"target\":[\"https:\/\/www2.tornum.com\/sv\/kom-i-kontakt-med-oss\/\"]}]},{\"@type\":\"BreadcrumbList\",\"@id\":\"https:\/\/www2.tornum.com\/sv\/kom-i-kontakt-med-oss\/#breadcrumb\",\"itemListElement\":[{\"@type\":\"ListItem\",\"position\":1,\"name\":\"Home\",\"item\":\"https:\/\/www2.tornum.com\/sv\/\"},{\"@type\":\"ListItem\",\"position\":2,\"name\":\"KOM I KONTAKT MED OSS\"}]},{\"@type\":\"WebSite\",\"@id\":\"https:\/\/www2.tornum.com\/lv\/#website\",\"url\":\"https:\/\/www2.tornum.com\/lv\/\",\"name\":\"Tornum\",\"description\":\"\",\"potentialAction\":[{\"@type\":\"SearchAction\",\"target\":{\"@type\":\"EntryPoint\",\"urlTemplate\":\"https:\/\/www2.tornum.com\/lv\/?s={search_term_string}\"},\"query-input\":\"required name=search_term_string\"}],\"inLanguage\":\"sv-SE\"}]}<\/script>\n<!-- \/ Yoast SEO plugin. -->","yoast_head_json":{"title":"KOM I KONTAKT MED OSS - Tornum","robots":{"index":"index","follow":"follow","max-snippet":"max-snippet:-1","max-image-preview":"max-image-preview:large","max-video-preview":"max-video-preview:-1"},"canonical":"https:\/\/www2.tornum.com\/sv\/kom-i-kontakt-med-oss\/","og_locale":"sv_SE","og_type":"article","og_title":"KOM I KONTAKT MED OSS - Tornum","og_description":"[vc_row full_width=&#8221;stretch_row_content_no_spaces&#8221; css=&#8221;.vc_custom_1656275241667{padding-top: 200px !important;padding-bottom: 200px !important;background-image: url(http:\/\/www2.tornum.com\/uploads\/2022\/06\/building-scaled.jpg?id=47102) !important;background-position: center !important;background-repeat: no-repeat !important;background-size: cover !important;}&#8221;][vc_column width=&#8221;1\/3&#8243;][\/vc_column][vc_column width=&#8221;1\/3&#8243; css=&#8221;.vc_custom_1656275081130{padding-top: 30px !important;padding-right: 50px !important;padding-bottom: 30px !important;padding-left: 50px !important;background-color: rgba(255,255,255,0.74) !important;*background-color: rgb(255,255,255) !important;border-radius: 10px !important;}&#8221;][\/vc_column][vc_column width=&#8221;1\/3&#8243;][\/vc_column][\/vc_row][vc_row full_width=&#8221;stretch_row_content&#8221;][vc_column width=&#8221;1\/5&#8243;][\/vc_column][vc_column width=&#8221;1\/5&#8243;][vc_single_image image=&#8221;47285&#8243; img_size=&#8221;full&#8221;][vc_column_text] Varmt v\u00e4lkomna till Borgeby F\u00e4ltdagar 28-29 juni 2023! Onsdag 28 juni kl 9 &#8211; 18 Torsdag 29 juni kl 9 &#8211; 17 H\u00e4r hittar ni oss: Monter J84 [\/vc_column_text][\/vc_column][vc_column width=&#8221;2\/5&#8243;][vc_single_image image=&#8221;47122&#8243; img_size=&#8221;full&#8221; onclick=&#8221;zoom&#8221;][\/vc_column][vc_column width=&#8221;1\/5&#8243;][\/vc_column][\/vc_row][vc_row full_width=&#8221;stretch_row_content&#8221; css=&#8221;.vc_custom_1656354041219{background-color: #f4f4f4 !important;}&#8221;][vc_column width=&#8221;1\/5&#8243;][\/vc_column][vc_column width=&#8221;1\/5&#8243;][vc_column_text css=&#8221;.vc_custom_1656404029045{padding-top: 20px !important;}&#8221;] Vi som st\u00e4ller ut p\u00e5 m\u00e4ssan: [\/vc_column_text][\/vc_column][vc_column width=&#8221;2\/5&#8243;][vc_row_inner][vc_column_inner width=&#8221;1\/3&#8243;][vc_single_image image=&#8221;46840&#8243; img_size=&#8221;full&#8221;][\/vc_column_inner][vc_column_inner width=&#8221;1\/3&#8243;][vc_single_image image=&#8221;47168&#8243; img_size=&#8221;full&#8221;][\/vc_column_inner][vc_column_inner width=&#8221;1\/3&#8243;][vc_single_image image=&#8221;47158&#8243; img_size=&#8221;full&#8221;][\/vc_column_inner][\/vc_row_inner][\/vc_column][vc_column width=&#8221;1\/5&#8243;][\/vc_column][\/vc_row][vc_row][vc_column width=&#8221;1\/4&#8243;][\/vc_column][vc_column width=&#8221;1\/2&#8243;][vc_column_text]...","og_url":"https:\/\/www2.tornum.com\/sv\/kom-i-kontakt-med-oss\/","og_site_name":"Tornum","article_modified_time":"2023-04-26T13:26:48+00:00","twitter_card":"summary_large_image","twitter_misc":{"Est. reading time":"1 minute"},"schema":{"@context":"https:\/\/schema.org","@graph":[{"@type":"WebPage","@id":"https:\/\/www2.tornum.com\/sv\/kom-i-kontakt-med-oss\/","url":"https:\/\/www2.tornum.com\/sv\/kom-i-kontakt-med-oss\/","name":"KOM I KONTAKT MED OSS - Tornum","isPartOf":{"@id":"https:\/\/www2.tornum.com\/lv\/#website"},"datePublished":"2022-06-26T20:11:35+00:00","dateModified":"2023-04-26T13:26:48+00:00","breadcrumb":{"@id":"https:\/\/www2.tornum.com\/sv\/kom-i-kontakt-med-oss\/#breadcrumb"},"inLanguage":"sv-SE","potentialAction":[{"@type":"ReadAction","target":["https:\/\/www2.tornum.com\/sv\/kom-i-kontakt-med-oss\/"]}]},{"@type":"BreadcrumbList","@id":"https:\/\/www2.tornum.com\/sv\/kom-i-kontakt-med-oss\/#breadcrumb","itemListElement":[{"@type":"ListItem","position":1,"name":"Home","item":"https:\/\/www2.tornum.com\/sv\/"},{"@type":"ListItem","position":2,"name":"KOM I KONTAKT MED OSS"}]},{"@type":"WebSite","@id":"https:\/\/www2.tornum.com\/lv\/#website","url":"https:\/\/www2.tornum.com\/lv\/","name":"Tornum","description":"","potentialAction":[{"@type":"SearchAction","target":{"@type":"EntryPoint","urlTemplate":"https:\/\/www2.tornum.com\/lv\/?s={search_term_string}"},"query-input":"required name=search_term_string"}],"inLanguage":"sv-SE"}]}},"_links":{"self":[{"href":"https:\/\/www2.tornum.com\/sv\/wp-json\/wp\/v2\/pages\/47089"}],"collection":[{"href":"https:\/\/www2.tornum.com\/sv\/wp-json\/wp\/v2\/pages"}],"about":[{"href":"https:\/\/www2.tornum.com\/sv\/wp-json\/wp\/v2\/types\/page"}],"author":[{"embeddable":true,"href":"https:\/\/www2.tornum.com\/sv\/wp-json\/wp\/v2\/users\/13"}],"replies":[{"embeddable":true,"href":"https:\/\/www2.tornum.com\/sv\/wp-json\/wp\/v2\/comments?post=47089"}],"version-history":[{"count":2,"href":"https:\/\/www2.tornum.com\/sv\/wp-json\/wp\/v2\/pages\/47089\/revisions"}],"predecessor-version":[{"id":47294,"href":"https:\/\/www2.tornum.com\/sv\/wp-json\/wp\/v2\/pages\/47089\/revisions\/47294"}],"wp:attachment":[{"href":"https:\/\/www2.tornum.com\/sv\/wp-json\/wp\/v2\/media?parent=47089"}],"curies":[{"name":"wp","href":"https:\/\/api.w.org\/{rel}","templated":true}]}}