{"id":99,"date":"2017-08-17T09:09:17","date_gmt":"2017-08-17T09:09:17","guid":{"rendered":"https:\/\/www2.tornum.com\/?page_id=99"},"modified":"2019-10-29T10:32:55","modified_gmt":"2019-10-29T09:32:55","slug":"referenser","status":"publish","type":"page","link":"https:\/\/www2.tornum.com\/sv\/referenser\/","title":{"rendered":"Referenser"},"content":{"rendered":"<h2>Lorem ipsum dolor<\/h2>\n<p>Lorem ipsum dolor sit amet, consectetur adipisicing elit. Vitae quae labore magnam alias asperiores quasi pariatur ipsa velit, totam assumenda nisi beatae ipsam sunt aperiam minus maxime accusamus esse, ex libero! Mollitia temporibus doloribus voluptate magnam odit doloremque sequi alias velit vero ipsum blanditiis, tenetur nesciunt et laboriosam porro obcaecati cupiditate, qui debitis libero molestias. Incidunt eveniet vitae ex, veniam adipisci. Ducimus rem sint repellendus, magni, facere provident natus nihil? Aut reprehenderit ab praesentium nihil quae, molestias consequatur, omnis itaque earum soluta adipisci perferendis voluptatem repudiandae qui ut vero perspiciatis ea placeat maiores necessitatibus inventore laborum quas! Voluptate obcaecati, magnam.<\/p>\n<p>&nbsp;<\/p>\n<p>Lorem ipsum dolor sit amet.<\/p>\n<h3>Dolor sit amet<\/h3>\n<p>Lorem dolor site amet dolor sit amet lorem sit dolor.<\/p>\n<ul>\n<li>Lorem<\/li>\n<li>Ipsum<\/li>\n<li>Dolor<\/li>\n<\/ul>\n","protected":false},"excerpt":{"rendered":"<p>Lorem ipsum dolor Lorem ipsum dolor sit amet, consectetur adipisicing elit. Vitae quae labore magnam alias asperiores quasi pariatur ipsa velit, totam assumenda nisi beatae ipsam sunt aperiam minus maxime accusamus esse, ex libero! Mollitia temporibus doloribus voluptate magnam odit doloremque sequi alias velit vero ipsum blanditiis, tenetur nesciunt et laboriosam porro obcaecati cupiditate, qui debitis libero molestias. Incidunt eveniet vitae ex, veniam adipisci. Ducimus rem sint repellendus, magni, facere provident natus nihil? Aut reprehenderit ab praesentium nihil quae, molestias consequatur, omnis itaque earum soluta adipisci perferendis voluptatem repudiandae qui ut vero perspiciatis ea placeat maiores necessitatibus inventore laborum quas! Voluptate&#8230;<\/p>\n","protected":false},"author":1,"featured_media":0,"parent":0,"menu_order":0,"comment_status":"closed","ping_status":"closed","template":"templates\/template-references.php","meta":[],"acf":[],"yoast_head":"<!-- This site is optimized with the Yoast SEO plugin v19.10 - https:\/\/yoast.com\/wordpress\/plugins\/seo\/ -->\n<title>L\u00e4s om v\u00e5ra referensanl\u00e4ggningar v\u00e4rlden \u00f6ver | TORNUM<\/title>\n<meta name=\"description\" content=\"F\u00f6lj v\u00e5ra byggen v\u00e4rlden \u00f6ver d\u00e4r vi visar bilder fr\u00e5n projektering till f\u00e4rdig anl\u00e4ggning. Allt fr\u00e5n projekt i Sverige till Ryssland och Kambodja. L\u00e4s mer!\" \/>\n<meta name=\"robots\" content=\"index, follow, max-snippet:-1, max-image-preview:large, max-video-preview:-1\" \/>\n<link rel=\"canonical\" href=\"https:\/\/www2.tornum.com\/sv\/referenser\/\" \/>\n<meta property=\"og:locale\" content=\"sv_SE\" \/>\n<meta property=\"og:type\" content=\"article\" \/>\n<meta property=\"og:title\" content=\"L\u00e4s om v\u00e5ra referensanl\u00e4ggningar v\u00e4rlden \u00f6ver | TORNUM\" \/>\n<meta property=\"og:description\" content=\"F\u00f6lj v\u00e5ra byggen v\u00e4rlden \u00f6ver d\u00e4r vi visar bilder fr\u00e5n projektering till f\u00e4rdig anl\u00e4ggning. Allt fr\u00e5n projekt i Sverige till Ryssland och Kambodja. L\u00e4s mer!\" \/>\n<meta property=\"og:url\" content=\"https:\/\/www2.tornum.com\/sv\/referenser\/\" \/>\n<meta property=\"og:site_name\" content=\"Tornum\" \/>\n<meta property=\"article:modified_time\" content=\"2019-10-29T09:32:55+00:00\" \/>\n<meta name=\"twitter:card\" content=\"summary_large_image\" \/>\n<meta name=\"twitter:label1\" content=\"Est. reading time\" \/>\n\t<meta name=\"twitter:data1\" content=\"1 minute\" \/>\n<script type=\"application\/ld+json\" class=\"yoast-schema-graph\">{\"@context\":\"https:\/\/schema.org\",\"@graph\":[{\"@type\":\"WebPage\",\"@id\":\"https:\/\/www2.tornum.com\/sv\/referenser\/\",\"url\":\"https:\/\/www2.tornum.com\/sv\/referenser\/\",\"name\":\"L\u00e4s om v\u00e5ra referensanl\u00e4ggningar v\u00e4rlden \u00f6ver | TORNUM\",\"isPartOf\":{\"@id\":\"https:\/\/www2.tornum.com\/sv\/#website\"},\"datePublished\":\"2017-08-17T09:09:17+00:00\",\"dateModified\":\"2019-10-29T09:32:55+00:00\",\"description\":\"F\u00f6lj v\u00e5ra byggen v\u00e4rlden \u00f6ver d\u00e4r vi visar bilder fr\u00e5n projektering till f\u00e4rdig anl\u00e4ggning. Allt fr\u00e5n projekt i Sverige till Ryssland och Kambodja. L\u00e4s mer!\",\"breadcrumb\":{\"@id\":\"https:\/\/www2.tornum.com\/sv\/referenser\/#breadcrumb\"},\"inLanguage\":\"sv-SE\",\"potentialAction\":[{\"@type\":\"ReadAction\",\"target\":[\"https:\/\/www2.tornum.com\/sv\/referenser\/\"]}]},{\"@type\":\"BreadcrumbList\",\"@id\":\"https:\/\/www2.tornum.com\/sv\/referenser\/#breadcrumb\",\"itemListElement\":[{\"@type\":\"ListItem\",\"position\":1,\"name\":\"Home\",\"item\":\"https:\/\/www2.tornum.com\/sv\/\"},{\"@type\":\"ListItem\",\"position\":2,\"name\":\"Referenser\"}]},{\"@type\":\"WebSite\",\"@id\":\"https:\/\/www2.tornum.com\/sv\/#website\",\"url\":\"https:\/\/www2.tornum.com\/sv\/\",\"name\":\"Tornum\",\"description\":\"\",\"potentialAction\":[{\"@type\":\"SearchAction\",\"target\":{\"@type\":\"EntryPoint\",\"urlTemplate\":\"https:\/\/www2.tornum.com\/sv\/?s={search_term_string}\"},\"query-input\":\"required name=search_term_string\"}],\"inLanguage\":\"sv-SE\"}]}<\/script>\n<!-- \/ Yoast SEO plugin. -->","yoast_head_json":{"title":"L\u00e4s om v\u00e5ra referensanl\u00e4ggningar v\u00e4rlden \u00f6ver | TORNUM","description":"F\u00f6lj v\u00e5ra byggen v\u00e4rlden \u00f6ver d\u00e4r vi visar bilder fr\u00e5n projektering till f\u00e4rdig anl\u00e4ggning. Allt fr\u00e5n projekt i Sverige till Ryssland och Kambodja. L\u00e4s mer!","robots":{"index":"index","follow":"follow","max-snippet":"max-snippet:-1","max-image-preview":"max-image-preview:large","max-video-preview":"max-video-preview:-1"},"canonical":"https:\/\/www2.tornum.com\/sv\/referenser\/","og_locale":"sv_SE","og_type":"article","og_title":"L\u00e4s om v\u00e5ra referensanl\u00e4ggningar v\u00e4rlden \u00f6ver | TORNUM","og_description":"F\u00f6lj v\u00e5ra byggen v\u00e4rlden \u00f6ver d\u00e4r vi visar bilder fr\u00e5n projektering till f\u00e4rdig anl\u00e4ggning. Allt fr\u00e5n projekt i Sverige till Ryssland och Kambodja. L\u00e4s mer!","og_url":"https:\/\/www2.tornum.com\/sv\/referenser\/","og_site_name":"Tornum","article_modified_time":"2019-10-29T09:32:55+00:00","twitter_card":"summary_large_image","twitter_misc":{"Est. reading time":"1 minute"},"schema":{"@context":"https:\/\/schema.org","@graph":[{"@type":"WebPage","@id":"https:\/\/www2.tornum.com\/sv\/referenser\/","url":"https:\/\/www2.tornum.com\/sv\/referenser\/","name":"L\u00e4s om v\u00e5ra referensanl\u00e4ggningar v\u00e4rlden \u00f6ver | TORNUM","isPartOf":{"@id":"https:\/\/www2.tornum.com\/sv\/#website"},"datePublished":"2017-08-17T09:09:17+00:00","dateModified":"2019-10-29T09:32:55+00:00","description":"F\u00f6lj v\u00e5ra byggen v\u00e4rlden \u00f6ver d\u00e4r vi visar bilder fr\u00e5n projektering till f\u00e4rdig anl\u00e4ggning. Allt fr\u00e5n projekt i Sverige till Ryssland och Kambodja. L\u00e4s mer!","breadcrumb":{"@id":"https:\/\/www2.tornum.com\/sv\/referenser\/#breadcrumb"},"inLanguage":"sv-SE","potentialAction":[{"@type":"ReadAction","target":["https:\/\/www2.tornum.com\/sv\/referenser\/"]}]},{"@type":"BreadcrumbList","@id":"https:\/\/www2.tornum.com\/sv\/referenser\/#breadcrumb","itemListElement":[{"@type":"ListItem","position":1,"name":"Home","item":"https:\/\/www2.tornum.com\/sv\/"},{"@type":"ListItem","position":2,"name":"Referenser"}]},{"@type":"WebSite","@id":"https:\/\/www2.tornum.com\/sv\/#website","url":"https:\/\/www2.tornum.com\/sv\/","name":"Tornum","description":"","potentialAction":[{"@type":"SearchAction","target":{"@type":"EntryPoint","urlTemplate":"https:\/\/www2.tornum.com\/sv\/?s={search_term_string}"},"query-input":"required name=search_term_string"}],"inLanguage":"sv-SE"}]}},"_links":{"self":[{"href":"https:\/\/www2.tornum.com\/sv\/wp-json\/wp\/v2\/pages\/99"}],"collection":[{"href":"https:\/\/www2.tornum.com\/sv\/wp-json\/wp\/v2\/pages"}],"about":[{"href":"https:\/\/www2.tornum.com\/sv\/wp-json\/wp\/v2\/types\/page"}],"author":[{"embeddable":true,"href":"https:\/\/www2.tornum.com\/sv\/wp-json\/wp\/v2\/users\/1"}],"replies":[{"embeddable":true,"href":"https:\/\/www2.tornum.com\/sv\/wp-json\/wp\/v2\/comments?post=99"}],"version-history":[{"count":2,"href":"https:\/\/www2.tornum.com\/sv\/wp-json\/wp\/v2\/pages\/99\/revisions"}],"predecessor-version":[{"id":35802,"href":"https:\/\/www2.tornum.com\/sv\/wp-json\/wp\/v2\/pages\/99\/revisions\/35802"}],"wp:attachment":[{"href":"https:\/\/www2.tornum.com\/sv\/wp-json\/wp\/v2\/media?parent=99"}],"curies":[{"name":"wp","href":"https:\/\/api.w.org\/{rel}","templated":true}]}}